{"id":606,"date":"2023-07-31T11:53:25","date_gmt":"2023-07-31T09:53:25","guid":{"rendered":"http:\/\/cygycbiocon.com\/cygic-biocon\/"},"modified":"2024-12-09T14:36:14","modified_gmt":"2024-12-09T13:36:14","slug":"cygic-biocon","status":"publish","type":"page","link":"https:\/\/cygycbiocon.com\/ca\/","title":{"rendered":"CYGYC BIOCON"},"content":{"rendered":"<section class=\"wpb-content-wrapper\"><p>[vc_row unlock_row_content=&#8221;yes&#8221; row_height_percent=&#8221;0&#8243; override_padding=&#8221;yes&#8221; h_padding=&#8221;2&#8243; top_padding=&#8221;4&#8243; bottom_padding=&#8221;4&#8243; back_image=&#8221;125&#8243; back_attachment=&#8221;scroll&#8221; back_position=&#8221;left bottom&#8221; overlay_alpha=&#8221;50&#8243; gutter_size=&#8221;3&#8243; column_width_percent=&#8221;100&#8243; shift_y=&#8221;0&#8243; z_index=&#8221;0&#8243; uncode_shortcode_id=&#8221;180003&#8243; back_size=&#8221;33%&#8221; el_class=&#8221;bg-gradient-row&#8221;][vc_column width=&#8221;1\/1&#8243;][vc_custom_heading text_size=&#8221;h6&#8243; uncode_shortcode_id=&#8221;162377&#8243;]Empresa[\/vc_custom_heading][vc_custom_heading heading_semantic=&#8221;h3&#8243; text_size=&#8221;h3&#8243; text_transform=&#8221;uppercase&#8221; uncode_shortcode_id=&#8221;176206&#8243; el_class=&#8221;mt-sm&#8221;]Grupo CYGYC BIOCON[\/vc_custom_heading][vc_row_inner row_inner_height_percent=&#8221;0&#8243; overlay_alpha=&#8221;50&#8243; gutter_size=&#8221;5&#8243; shift_y=&#8221;0&#8243; z_index=&#8221;0&#8243; uncode_shortcode_id=&#8221;777133&#8243; limit_content=&#8221;&#8221;][vc_column_inner width=&#8221;2\/12&#8243;][\/vc_column_inner][vc_column_inner width=&#8221;5\/12&#8243;][vc_column_text uncode_shortcode_id=&#8221;745189&#8243;]Des de 1970, a CYGYC BIOCON estem compromesos amb la investigaci\u00f3, buscant constantement la perfecci\u00f3 dels nostres productes. La nostra passi\u00f3 pels enzims i les solucions higi\u00e8niques industrials ens ha portat a combinar dues \u00e0rees d&#8217;especialitzaci\u00f3 per a crear productes i serveis \u00fanics en el mercat.<\/p>\n<p>Gr\u00e0cies a la nostra \u00e0mplia experi\u00e8ncia en la producci\u00f3 d&#8217;enzims, hem desenvolupat solucions altament eficients i amables amb el medi ambient. A m\u00e9s, la nostra capacitat per a entendre les necessitats de la ind\u00fastria ens permet oferir solucions innovadores a trav\u00e9s de la biotecnologia en m\u00faltiples sectors.[\/vc_column_text][\/vc_column_inner][vc_column_inner width=&#8221;5\/12&#8243;][vc_single_image media=&#8221;133&#8243; media_width_percent=&#8221;100&#8243; css_animation=&#8221;parallax&#8221; parallax_intensity=&#8221;3&#8243; uncode_shortcode_id=&#8221;211732&#8243;][\/vc_column_inner][\/vc_row_inner][\/vc_column][\/vc_row][vc_row unlock_row_content=&#8221;yes&#8221; row_height_percent=&#8221;0&#8243; override_padding=&#8221;yes&#8221; h_padding=&#8221;0&#8243; top_padding=&#8221;0&#8243; bottom_padding=&#8221;0&#8243; overlay_alpha=&#8221;50&#8243; equal_height=&#8221;yes&#8221; gutter_size=&#8221;0&#8243; column_width_percent=&#8221;100&#8243; shift_y=&#8221;0&#8243; z_index=&#8221;0&#8243; inverted_device_order=&#8221;yes&#8221; changer_back_color=&#8221;yes&#8221; uncode_shortcode_id=&#8221;325187&#8243;][vc_column column_width_percent=&#8221;100&#8243; gutter_size=&#8221;3&#8243; override_padding=&#8221;yes&#8221; column_padding=&#8221;3&#8243; style=&#8221;dark&#8221; back_color=&#8221;color-392260&#8243; overlay_alpha=&#8221;50&#8243; shift_x=&#8221;0&#8243; shift_y=&#8221;0&#8243; shift_y_down=&#8221;0&#8243; z_index=&#8221;0&#8243; medium_width=&#8221;0&#8243; mobile_width=&#8221;0&#8243; css_animation=&#8221;alpha-anim&#8221; width=&#8221;1\/2&#8243; uncode_shortcode_id=&#8221;162949&#8243; back_color_type=&#8221;uncode-palette&#8221;][vc_custom_heading text_size=&#8221;h6&#8243; uncode_shortcode_id=&#8221;163508&#8243;]Innovaci\u00f3[\/vc_custom_heading][vc_custom_heading heading_semantic=&#8221;h3&#8243; text_size=&#8221;h3&#8243; separator=&#8221;yes&#8221; separator_color=&#8221;yes&#8221; uncode_shortcode_id=&#8221;881874&#8243;]Solucions avan\u00e7ades per a un entorn cada vegada m\u00e9s complex[\/vc_custom_heading][vc_column_text uncode_shortcode_id=&#8221;208689&#8243;]Cooperem amb els nostres partners i clients desenvolupant solucions avan\u00e7ades i personalitzades per donar resposta a necessitats canviants i cada cop m\u00e9s exigents.<\/p>\n<p>Els nostres coneixements, experi\u00e8ncia i instal\u00b7lacions ens permeten ser \u00e0gils i flexibles per oferir qualitat, efici\u00e8ncia i seguretat a tots els nostres productes.[\/vc_column_text][vc_empty_space empty_h=&#8221;2&#8243;][vc_button size=&#8221;link&#8221; display=&#8221;inline&#8221; inline_mobile=&#8221;yes&#8221; uncode_shortcode_id=&#8221;187541&#8243;]La nostra innovaci\u00f3[\/vc_button][\/vc_column][vc_column column_width_percent=&#8221;100&#8243; gutter_size=&#8221;3&#8243; override_padding=&#8221;yes&#8221; column_padding=&#8221;0&#8243; overlay_alpha=&#8221;50&#8243; shift_x=&#8221;0&#8243; shift_y=&#8221;0&#8243; shift_y_down=&#8221;0&#8243; z_index=&#8221;0&#8243; medium_width=&#8221;0&#8243; mobile_width=&#8221;0&#8243; css_animation=&#8221;alpha-anim&#8221; width=&#8221;1\/2&#8243; uncode_shortcode_id=&#8221;273861&#8243;][vc_single_image media=&#8221;153&#8243; media_width_percent=&#8221;100&#8243; advanced=&#8221;yes&#8221; media_overlay_opacity=&#8221;50&#8243; media_padding=&#8221;2&#8243; uncode_shortcode_id=&#8221;789269&#8243;][\/vc_column][\/vc_row][vc_row unlock_row_content=&#8221;yes&#8221; row_height_percent=&#8221;0&#8243; override_padding=&#8221;yes&#8221; h_padding=&#8221;0&#8243; top_padding=&#8221;0&#8243; bottom_padding=&#8221;0&#8243; overlay_alpha=&#8221;50&#8243; equal_height=&#8221;yes&#8221; gutter_size=&#8221;0&#8243; column_width_percent=&#8221;100&#8243; shift_y=&#8221;0&#8243; z_index=&#8221;0&#8243; changer_back_color=&#8221;yes&#8221; uncode_shortcode_id=&#8221;148352&#8243;][vc_column column_width_percent=&#8221;100&#8243; gutter_size=&#8221;3&#8243; override_padding=&#8221;yes&#8221; column_padding=&#8221;0&#8243; overlay_alpha=&#8221;50&#8243; shift_x=&#8221;0&#8243; shift_y=&#8221;0&#8243; shift_y_down=&#8221;0&#8243; z_index=&#8221;0&#8243; medium_width=&#8221;0&#8243; mobile_width=&#8221;0&#8243; css_animation=&#8221;alpha-anim&#8221; width=&#8221;1\/2&#8243; uncode_shortcode_id=&#8221;326423&#8243;][vc_single_image media=&#8221;152&#8243; media_width_percent=&#8221;100&#8243; uncode_shortcode_id=&#8221;157953&#8243;][\/vc_column][vc_column column_width_percent=&#8221;100&#8243; gutter_size=&#8221;3&#8243; override_padding=&#8221;yes&#8221; column_padding=&#8221;3&#8243; style=&#8221;dark&#8221; back_color=&#8221;color-591414&#8243; overlay_alpha=&#8221;50&#8243; shift_x=&#8221;0&#8243; shift_y=&#8221;0&#8243; shift_y_down=&#8221;0&#8243; z_index=&#8221;0&#8243; medium_width=&#8221;0&#8243; mobile_width=&#8221;0&#8243; css_animation=&#8221;alpha-anim&#8221; width=&#8221;1\/2&#8243; uncode_shortcode_id=&#8221;211456&#8243; back_color_type=&#8221;uncode-palette&#8221;][vc_custom_heading text_size=&#8221;h6&#8243; uncode_shortcode_id=&#8221;184957&#8243;]Responsabilitat[\/vc_custom_heading][vc_custom_heading heading_semantic=&#8221;h3&#8243; text_size=&#8221;h3&#8243; separator=&#8221;yes&#8221; separator_color=&#8221;yes&#8221; uncode_shortcode_id=&#8221;919009&#8243;]Compromesos amb la nostra societat i el nostre planeta[\/vc_custom_heading][vc_column_text uncode_shortcode_id=&#8221;514576&#8243;]Valorem profundament la import\u00e0ncia de ser conscients de l&#8217;impacte que generem en el m\u00f3n que ens envolta. Reconeixem que les nostres accions tenen repercussions en l&#8217;entorn social, econ\u00f2mic i ambiental, i per aix\u00f2 assumim la responsabilitat de prendre mesures que contribueixin a generar un valor compartit.[\/vc_column_text][vc_empty_space empty_h=&#8221;2&#8243;][vc_button size=&#8221;link&#8221; display=&#8221;inline&#8221; inline_mobile=&#8221;yes&#8221; uncode_shortcode_id=&#8221;496998&#8243;]La nostra responsabilitat[\/vc_button][\/vc_column][\/vc_row][vc_row row_height_percent=&#8221;0&#8243; override_padding=&#8221;yes&#8221; h_padding=&#8221;2&#8243; top_padding=&#8221;4&#8243; bottom_padding=&#8221;4&#8243; back_image=&#8221;161&#8243; back_position=&#8221;right top&#8221; overlay_alpha=&#8221;50&#8243; gutter_size=&#8221;3&#8243; column_width_percent=&#8221;100&#8243; shift_y=&#8221;0&#8243; z_index=&#8221;0&#8243; uncode_shortcode_id=&#8221;152426&#8243; back_size=&#8221;33%&#8221; el_class=&#8221;bg-gradient-row&#8221;][vc_column width=&#8221;1\/1&#8243;][vc_custom_heading text_size=&#8221;h6&#8243; uncode_shortcode_id=&#8221;251528&#8243;]Actualitat[\/vc_custom_heading][vc_custom_heading heading_semantic=&#8221;h3&#8243; text_size=&#8221;h3&#8243; uncode_shortcode_id=&#8221;297194&#8243; el_class=&#8221;mt-sm&#8221;]\u00daltimes not\u00edcies[\/vc_custom_heading][uncode_index el_id=&#8221;index-940213&#8243; loop=&#8221;size:3|order_by:date|post_type:post|taxonomy_count:10&#8243; screen_lg=&#8221;1000&#8243; screen_md=&#8221;600&#8243; screen_sm=&#8221;480&#8243; gutter_size=&#8221;2&#8243; post_items=&#8221;title,sep-one|full,media|featured|onpost|original,text|excerpt,spacer|half,link|link|default_size|not_scale_mobile|Leer m\u00e1s&#8221; images_size=&#8221;four-three&#8221; single_overlay_opacity=&#8221;50&#8243; single_image_magnetic=&#8221;yes&#8221; single_padding=&#8221;2&#8243; single_title_family=&#8221;font-555555&#8243; single_title_dimension=&#8221;h4&#8243; single_title_weight=&#8221;400&#8243; single_text_lead=&#8221;yes&#8221; single_border=&#8221;yes&#8221; uncode_shortcode_id=&#8221;143579&#8243;][\/vc_column][\/vc_row][vc_row row_height_percent=&#8221;0&#8243; override_padding=&#8221;yes&#8221; h_padding=&#8221;2&#8243; top_padding=&#8221;2&#8243; bottom_padding=&#8221;4&#8243; back_image=&#8221;125&#8243; back_position=&#8221;left bottom&#8221; overlay_alpha=&#8221;50&#8243; equal_height=&#8221;yes&#8221; gutter_size=&#8221;2&#8243; column_width_percent=&#8221;100&#8243; shift_y=&#8221;0&#8243; z_index=&#8221;0&#8243; uncode_shortcode_id=&#8221;562074&#8243; back_size=&#8221;25%&#8221; el_class=&#8221;bg-gradient-row&#8221;][vc_column column_width_percent=&#8221;100&#8243; gutter_size=&#8221;3&#8243; style=&#8221;dark&#8221; back_color=&#8221;color-943479&#8243; overlay_alpha=&#8221;50&#8243; shift_x=&#8221;0&#8243; shift_y=&#8221;0&#8243; shift_y_down=&#8221;0&#8243; z_index=&#8221;0&#8243; medium_width=&#8221;0&#8243; mobile_width=&#8221;0&#8243; css_animation=&#8221;alpha-anim&#8221; width=&#8221;1\/2&#8243; uncode_shortcode_id=&#8221;167863&#8243; back_color_type=&#8221;uncode-palette&#8221;][vc_custom_heading heading_semantic=&#8221;h6&#8243; text_size=&#8221;h6&#8243; text_transform=&#8221;uppercase&#8221; uncode_shortcode_id=&#8221;784804&#8243;]Atenci\u00f3 al consumidor[\/vc_custom_heading][vc_custom_heading separator=&#8221;yes&#8221; uncode_shortcode_id=&#8221;214607&#8243; el_class=&#8221;mt-sm&#8221;]Posa&#8217;t en contacte amb nosaltres[\/vc_custom_heading][vc_column_text uncode_shortcode_id=&#8221;176398&#8243;]La teva opini\u00f3 \u00e9s molt important. No dubtis a compartir les teves impressions sobre els nostres productes o serveis.[\/vc_column_text][vc_empty_space empty_h=&#8221;2&#8243;][vc_button size=&#8221;link&#8221; display=&#8221;inline&#8221; uncode_shortcode_id=&#8221;166514&#8243; link=&#8221;url:https%3A%2F%2Fcygycbiocon.com%2Fca%2Fcontacte%2F|target:_blank|&#8221;]Contacte[\/vc_button][\/vc_column][vc_column column_width_percent=&#8221;100&#8243; gutter_size=&#8221;3&#8243; style=&#8221;dark&#8221; back_color=&#8221;color-103747&#8243; overlay_alpha=&#8221;50&#8243; shift_x=&#8221;0&#8243; shift_y=&#8221;0&#8243; shift_y_down=&#8221;0&#8243; z_index=&#8221;0&#8243; medium_width=&#8221;0&#8243; mobile_width=&#8221;0&#8243; css_animation=&#8221;alpha-anim&#8221; width=&#8221;1\/2&#8243; uncode_shortcode_id=&#8221;176934&#8243; back_color_type=&#8221;uncode-palette&#8221;][vc_custom_heading heading_semantic=&#8221;h6&#8243; text_size=&#8221;h6&#8243; text_transform=&#8221;uppercase&#8221; uncode_shortcode_id=&#8221;338182&#8243;]Oportunitats laborals[\/vc_custom_heading][vc_custom_heading separator=&#8221;yes&#8221; uncode_shortcode_id=&#8221;839078&#8243; el_class=&#8221;mt-sm&#8221;]Uneix-te al nostre equip![\/vc_custom_heading][vc_column_text uncode_shortcode_id=&#8221;136973&#8243;]Estem desitjant con\u00e8ixer-te per a veure com podries encaixar en el nostre equip.[\/vc_column_text][vc_empty_space empty_h=&#8221;2&#8243;][vc_button size=&#8221;link&#8221; display=&#8221;inline&#8221; uncode_shortcode_id=&#8221;138297&#8243; link=&#8221;url:https%3A%2F%2Fcygycbiocon.com%2Fca%2Foportunitats-laborals%2F|target:_blank|&#8221;]Oportunitats laborals[\/vc_button][\/vc_column][\/vc_row][vc_row][vc_column width=&#8221;1\/1&#8243;][vc_single_image media=&#8221;1002&#8243; media_width_percent=&#8221;100&#8243; uncode_shortcode_id=&#8221;182159&#8243;][\/vc_column][\/vc_row][vc_row][vc_column width=&#8221;1\/3&#8243;][vc_single_image media=&#8221;1282&#8243; media_width_percent=&#8221;100&#8243; uncode_shortcode_id=&#8221;105141&#8243;][\/vc_column][vc_column width=&#8221;1\/3&#8243;][vc_single_image media=&#8221;1285&#8243; media_width_percent=&#8221;100&#8243; uncode_shortcode_id=&#8221;182002&#8243;][\/vc_column][vc_column width=&#8221;1\/3&#8243;][vc_single_image media=&#8221;1292&#8243; media_width_percent=&#8221;100&#8243; uncode_shortcode_id=&#8221;200662&#8243;][\/vc_column][\/vc_row]<\/p>\n<\/section>","protected":false},"excerpt":{"rendered":"<p>[vc_row unlock_row_content=&#8221;yes&#8221; row_height_percent=&#8221;0&#8243; override_padding=&#8221;yes&#8221; h_padding=&#8221;2&#8243; top_padding=&#8221;4&#8243; bottom_padding=&#8221;4&#8243; back_image=&#8221;125&#8243; back_attachment=&#8221;scroll&#8221; back_position=&#8221;left bottom&#8221; overlay_alpha=&#8221;50&#8243; gutter_size=&#8221;3&#8243; column_width_percent=&#8221;100&#8243; shift_y=&#8221;0&#8243; z_index=&#8221;0&#8243; uncode_shortcode_id=&#8221;180003&#8243; back_size=&#8221;33%&#8221; el_class=&#8221;bg-gradient-row&#8221;][vc_column width=&#8221;1\/1&#8243;][vc_custom_heading [&hellip;]<\/p>\n","protected":false},"author":1,"featured_media":0,"parent":0,"menu_order":0,"comment_status":"closed","ping_status":"closed","template":"","meta":{"content-type":"","footnotes":""},"class_list":["post-606","page","type-page","status-publish","hentry"],"yoast_head":"<!-- This site is optimized with the Yoast SEO plugin v23.0 - https:\/\/yoast.com\/wordpress\/plugins\/seo\/ -->\n<title>CYGYC BIOCON - CYGYC BIOCON<\/title>\n<meta name=\"robots\" content=\"index, follow, max-snippet:-1, max-image-preview:large, max-video-preview:-1\" \/>\n<link rel=\"canonical\" href=\"https:\/\/cygycbiocon.com\/ca\/\" \/>\n<meta property=\"og:locale\" content=\"ca_ES\" \/>\n<meta property=\"og:type\" content=\"article\" \/>\n<meta property=\"og:title\" content=\"CYGYC BIOCON - CYGYC BIOCON\" \/>\n<meta property=\"og:description\" content=\"[vc_row unlock_row_content=&#8221;yes&#8221; row_height_percent=&#8221;0&#8243; override_padding=&#8221;yes&#8221; h_padding=&#8221;2&#8243; top_padding=&#8221;4&#8243; bottom_padding=&#8221;4&#8243; back_image=&#8221;125&#8243; back_attachment=&#8221;scroll&#8221; back_position=&#8221;left bottom&#8221; overlay_alpha=&#8221;50&#8243; gutter_size=&#8221;3&#8243; column_width_percent=&#8221;100&#8243; shift_y=&#8221;0&#8243; z_index=&#8221;0&#8243; uncode_shortcode_id=&#8221;180003&#8243; back_size=&#8221;33%&#8221; el_class=&#8221;bg-gradient-row&#8221;][vc_column width=&#8221;1\/1&#8243;][vc_custom_heading [&hellip;]\" \/>\n<meta property=\"og:url\" content=\"https:\/\/cygycbiocon.com\/ca\/\" \/>\n<meta property=\"og:site_name\" content=\"CYGYC BIOCON\" \/>\n<meta property=\"article:modified_time\" content=\"2024-12-09T13:36:14+00:00\" \/>\n<meta name=\"twitter:card\" content=\"summary_large_image\" \/>\n<meta name=\"twitter:label1\" content=\"Temps estimat de lectura\" \/>\n\t<meta name=\"twitter:data1\" content=\"3 minuts\" \/>\n<script type=\"application\/ld+json\" class=\"yoast-schema-graph\">{\"@context\":\"https:\/\/schema.org\",\"@graph\":[{\"@type\":\"WebPage\",\"@id\":\"https:\/\/cygycbiocon.com\/ca\/\",\"url\":\"https:\/\/cygycbiocon.com\/ca\/\",\"name\":\"CYGYC BIOCON - CYGYC BIOCON\",\"isPartOf\":{\"@id\":\"https:\/\/cygycbiocon.com\/#website\"},\"datePublished\":\"2023-07-31T09:53:25+00:00\",\"dateModified\":\"2024-12-09T13:36:14+00:00\",\"breadcrumb\":{\"@id\":\"https:\/\/cygycbiocon.com\/ca\/#breadcrumb\"},\"inLanguage\":\"ca\",\"potentialAction\":[{\"@type\":\"ReadAction\",\"target\":[\"https:\/\/cygycbiocon.com\/ca\/\"]}]},{\"@type\":\"BreadcrumbList\",\"@id\":\"https:\/\/cygycbiocon.com\/ca\/#breadcrumb\",\"itemListElement\":[{\"@type\":\"ListItem\",\"position\":1,\"name\":\"Portada\",\"item\":\"https:\/\/cygycbiocon.com\/ca\/\"},{\"@type\":\"ListItem\",\"position\":2,\"name\":\"CYGYC BIOCON\"}]},{\"@type\":\"WebSite\",\"@id\":\"https:\/\/cygycbiocon.com\/#website\",\"url\":\"https:\/\/cygycbiocon.com\/\",\"name\":\"CYGYC BIOCON\",\"description\":\"\",\"potentialAction\":[{\"@type\":\"SearchAction\",\"target\":{\"@type\":\"EntryPoint\",\"urlTemplate\":\"https:\/\/cygycbiocon.com\/?s={search_term_string}\"},\"query-input\":\"required name=search_term_string\"}],\"inLanguage\":\"ca\"}]}<\/script>\n<!-- \/ Yoast SEO plugin. -->","yoast_head_json":{"title":"CYGYC BIOCON - CYGYC BIOCON","robots":{"index":"index","follow":"follow","max-snippet":"max-snippet:-1","max-image-preview":"max-image-preview:large","max-video-preview":"max-video-preview:-1"},"canonical":"https:\/\/cygycbiocon.com\/ca\/","og_locale":"ca_ES","og_type":"article","og_title":"CYGYC BIOCON - CYGYC BIOCON","og_description":"[vc_row unlock_row_content=&#8221;yes&#8221; row_height_percent=&#8221;0&#8243; override_padding=&#8221;yes&#8221; h_padding=&#8221;2&#8243; top_padding=&#8221;4&#8243; bottom_padding=&#8221;4&#8243; back_image=&#8221;125&#8243; back_attachment=&#8221;scroll&#8221; back_position=&#8221;left bottom&#8221; overlay_alpha=&#8221;50&#8243; gutter_size=&#8221;3&#8243; column_width_percent=&#8221;100&#8243; shift_y=&#8221;0&#8243; z_index=&#8221;0&#8243; uncode_shortcode_id=&#8221;180003&#8243; back_size=&#8221;33%&#8221; el_class=&#8221;bg-gradient-row&#8221;][vc_column width=&#8221;1\/1&#8243;][vc_custom_heading [&hellip;]","og_url":"https:\/\/cygycbiocon.com\/ca\/","og_site_name":"CYGYC BIOCON","article_modified_time":"2024-12-09T13:36:14+00:00","twitter_card":"summary_large_image","twitter_misc":{"Temps estimat de lectura":"3 minuts"},"schema":{"@context":"https:\/\/schema.org","@graph":[{"@type":"WebPage","@id":"https:\/\/cygycbiocon.com\/ca\/","url":"https:\/\/cygycbiocon.com\/ca\/","name":"CYGYC BIOCON - CYGYC BIOCON","isPartOf":{"@id":"https:\/\/cygycbiocon.com\/#website"},"datePublished":"2023-07-31T09:53:25+00:00","dateModified":"2024-12-09T13:36:14+00:00","breadcrumb":{"@id":"https:\/\/cygycbiocon.com\/ca\/#breadcrumb"},"inLanguage":"ca","potentialAction":[{"@type":"ReadAction","target":["https:\/\/cygycbiocon.com\/ca\/"]}]},{"@type":"BreadcrumbList","@id":"https:\/\/cygycbiocon.com\/ca\/#breadcrumb","itemListElement":[{"@type":"ListItem","position":1,"name":"Portada","item":"https:\/\/cygycbiocon.com\/ca\/"},{"@type":"ListItem","position":2,"name":"CYGYC BIOCON"}]},{"@type":"WebSite","@id":"https:\/\/cygycbiocon.com\/#website","url":"https:\/\/cygycbiocon.com\/","name":"CYGYC BIOCON","description":"","potentialAction":[{"@type":"SearchAction","target":{"@type":"EntryPoint","urlTemplate":"https:\/\/cygycbiocon.com\/?s={search_term_string}"},"query-input":"required name=search_term_string"}],"inLanguage":"ca"}]}},"_links":{"self":[{"href":"https:\/\/cygycbiocon.com\/ca\/wp-json\/wp\/v2\/pages\/606","targetHints":{"allow":["GET"]}}],"collection":[{"href":"https:\/\/cygycbiocon.com\/ca\/wp-json\/wp\/v2\/pages"}],"about":[{"href":"https:\/\/cygycbiocon.com\/ca\/wp-json\/wp\/v2\/types\/page"}],"author":[{"embeddable":true,"href":"https:\/\/cygycbiocon.com\/ca\/wp-json\/wp\/v2\/users\/1"}],"replies":[{"embeddable":true,"href":"https:\/\/cygycbiocon.com\/ca\/wp-json\/wp\/v2\/comments?post=606"}],"version-history":[{"count":39,"href":"https:\/\/cygycbiocon.com\/ca\/wp-json\/wp\/v2\/pages\/606\/revisions"}],"predecessor-version":[{"id":1298,"href":"https:\/\/cygycbiocon.com\/ca\/wp-json\/wp\/v2\/pages\/606\/revisions\/1298"}],"wp:attachment":[{"href":"https:\/\/cygycbiocon.com\/ca\/wp-json\/wp\/v2\/media?parent=606"}],"curies":[{"name":"wp","href":"https:\/\/api.w.org\/{rel}","templated":true}]}}