{"id":675,"date":"2023-08-04T11:06:09","date_gmt":"2023-08-04T09:06:09","guid":{"rendered":"https:\/\/cygycbiocon.com\/avis-legal\/"},"modified":"2024-10-14T17:31:49","modified_gmt":"2024-10-14T15:31:49","slug":"avis-legal","status":"publish","type":"page","link":"https:\/\/cygycbiocon.com\/ca\/avis-legal\/","title":{"rendered":"Av\u00eds Legal"},"content":{"rendered":"<h3>1. OBJECTE I ACCEPTACI\u00d3<\/h3>\n<p>El present av\u00eds legal regula l&#8217;\u00fas del lloc web <a href=\"https:\/\/cygycbiocon.com\/ca\/\">https:\/\/cygycbiocon.com<\/a> (d&#8217;ara endavant, el lloc web), del qual \u00e9s propietari i titular del domini CYGYC BIOCON, S.L., (d&#8217;ara endavant, CYGYC BIOCON).<\/p>\n<p>La navegaci\u00f3 que vost\u00e8 faci li atribueix la condici\u00f3 d&#8217;usuari i implica l&#8217;acceptaci\u00f3 plena i sense reserves de totes i cadascuna de les disposicions incloses en aquest \u201cav\u00eds legal\u201d, que poden sofrir modificacions, quedant excloses les cookies que hauran de ser gestionades en l&#8217;inici de l&#8217;acc\u00e9s al present lloc web (a trav\u00e9s d&#8217;una finestra emergent que s&#8217;ha disposat a nivell informatiu i de gesti\u00f3 del seu consentiment per al seu \u00fas).<\/p>\n<p>&nbsp;<\/p>\n<h3>2. IDENTIFICACI\u00d3 DEL TITULAR I PROPIETARI<\/h3>\n<p>El titular i propietari del present lloc web, en compliment de l&#8217;article 10 de la Llei 34\/2002, d&#8217;11 de juliol, de serveis de la societat de la informaci\u00f3 i de comer\u00e7 electr\u00f2nic, presenta les seves dades identificatives i de contacte:<\/p>\n<ol>\n<li>Denominaci\u00f3 Social: CYGYC BIOCON, S.L<\/li>\n<li>CIF: B-67084210<\/li>\n<li>Domicili social est\u00e0 situat Pol. Ind. Pla de Llerona, C\/ B\u00e8lgica, 5, 08520, Les Franqueses del Vall\u00e8s, Barcelona.<\/li>\n<li>Email de contacte: <a href=\"mailto:info@cygycbiocon.com\">info@cygycbiocon.com<\/a><\/li>\n<\/ol>\n<p>Totes les notificacions i comunicacions entre els usuaris i CYGYC BIOCON es consideraran v\u00e0lides, amb car\u00e0cter general, quan es realitzin a trav\u00e9s de correu postal o qualsevol altre mitj\u00e0 dels recollits en els textos legals que s\u2019incorporen al present lloc web, sempre que es pugui acreditar la seva recepci\u00f3 o acc\u00e9s.<\/p>\n<p>&nbsp;<\/p>\n<h3>3. CONDICIONS D&#8217;ACC\u00c9S I UTILITZACI\u00d3<\/h3>\n<p>El lloc web i els seus serveis s\u00f3n d&#8217;acc\u00e9s lliure i gratu\u00eft, no obstant aix\u00f2, CYGYC BIOCON pot condicionar la utilitzaci\u00f3 d&#8217;alguns dels serveis referenciats a la seva web al previ emplenament d&#8217;un formulari o procediment d&#8217;acc\u00e9s.<\/p>\n<p>L&#8217;usuari garanteix l&#8217;autenticitat i actualitat de totes aquelles dades que comuniqui a CYGYC BIOCON i ser\u00e0 l&#8217;\u00fanic responsable de les manifestacions falses o inexactes que realitzi en els diferents espais o canals disposats per a tal efecte (en aquest moment a trav\u00e9s del link \u201ccontactar\u201d).<\/p>\n<p>L&#8217;usuari es compromet expressament a fer un \u00fas adequat dels continguts de CYGYC BIOCON i a no emprar-los per a, entre altres:<\/p>\n<ul>\n<li>Introduir en la xarxa virus inform\u00e0tics o realitzar actuacions susceptibles d&#8217;alterar, espatllar, interrompre o generar errors o danys en els documents electr\u00f2nics, dades o sistemes f\u00edsics i l\u00f2gics de CYGYC BIOCON o de terceres persones; aix\u00ed com obstaculitzar l&#8217;acc\u00e9s d&#8217;altres usuaris al lloc web i als seus serveis mitjan\u00e7ant el consum massiu dels recursos inform\u00e0tics a trav\u00e9s dels quals CYGYC BIOCON presta els seus serveis.<\/li>\n<li>Intentar accedir als comptes de correu electr\u00f2nic d&#8217;altres usuaris o a \u00e0rees restringides dels sistemes inform\u00e0tics de CYGYC BIOCON o de tercers i, si \u00e9s el cas, extreure informaci\u00f3 a trav\u00e9s d&#8217;aquestes.<\/li>\n<li>Vulnerar els drets de propietat intel\u00b7lectual o industrial, aix\u00ed com violar la confidencialitat de la informaci\u00f3 de CYGYC BIOCON o de tercers.<\/li>\n<li>Suplantar la identitat d&#8217;un altre usuari, de les administracions p\u00fabliques o d&#8217;un tercer.<\/li>\n<li>Reproduir, copiar, distribuir, posar a la disposici\u00f3 de, o qualsevol altra forma de comunicaci\u00f3 p\u00fablica, transformar o modificar els continguts, tret que es compti amb l&#8217;autoritzaci\u00f3 del titular dels corresponents drets o aix\u00f2 resulti legalment perm\u00e8s.<\/li>\n<li>Recaptar dades amb finalitat de remetre publicitat de qualsevol classe i comunicacions amb objectiu de venda o altres de naturalesa comercial sense que hi hagi pr\u00e8via sol\u00b7licitud o consentiment.<\/li>\n<\/ul>\n<p>Tots els continguts del lloc web, com a textos, fotografies, gr\u00e0fics, imatges, icones, tecnologia, programari, aix\u00ed com el seu disseny gr\u00e0fic i codis font, constitueixen una obra la propietat de la qual pertany a CYGYC BIOCON, sense que es pugui entendre cedits a l&#8217;usuari cap dels drets d&#8217;explotaci\u00f3 o d&#8217;\u00fas sobre els mateixos m\u00e9s enll\u00e0 de l&#8217;estrictament necessari per al correcte \u00fas del lloc web.<\/p>\n<p>Aix\u00ed doncs, els usuaris que accedeixin a aquest lloc web poden visualitzar els continguts i efectuar, si \u00e9s el cas, c\u00f2pies privades autoritzades sempre que els elements reprodu\u00efts no siguin cedits posteriorment a tercers, ni s&#8217;instal\u00b7lin a servidors connectats a xarxes, ni siguin objecte de cap mena d&#8217;explotaci\u00f3.<\/p>\n<p>Aix\u00ed mateix, totes les marques, noms comercials o signes distintius de qualsevol classe que figuren en el lloc web s\u00f3n propietat de CYGYC BIOCON, sense que es pugui entendre que l&#8217;\u00fas o acc\u00e9s al mateix atribueixi a l&#8217;usuari qualsevol dret sobre aquests.<\/p>\n<p>La distribuci\u00f3, modificaci\u00f3, cessi\u00f3 o comunicaci\u00f3 p\u00fablica dels continguts i qualsevol altre acte que no hagi estat expressament autoritzat pel titular dels drets d&#8217;explotaci\u00f3 queden prohibits.<\/p>\n<p>L&#8217;establiment d&#8217;un enlla\u00e7 no implica en cap cas l&#8217;exist\u00e8ncia de relacions entre CYGYC BIOCON i el propietari del lloc web redirigit, ni l&#8217;acceptaci\u00f3 i aprovaci\u00f3 per part de CYGYC BIOCON dels seus continguts o serveis. Aquells tercers que tinguin implementat un enlla\u00e7 deuran, de manera pr\u00e8via, haver cursat i formalitzat autoritzaci\u00f3 per escrit a CYGYC BIOCON. En tot cas, el responsable de la implementaci\u00f3 de l&#8217;enlla\u00e7 haur\u00e0 d&#8217;abstenir-se de realitzar manifestacions o indicacions falses, inexactes o incorrectes sobre CYGYC BIOCON, o incloure continguts il\u00b7l\u00edcits, contraris als bons costums i a l&#8217;ordre p\u00fablic.<\/p>\n<p>CYGYC BIOCON no es responsabilitza de l&#8217;\u00fas que l&#8217;usuari realitzi dels continguts posats a disposici\u00f3 en aquest lloc web ni de les actuacions que realitzi sobre la base d&#8217;aquests, de manera posterior i en altres \u00e0mbits (aliens a CYGYC BIOCON).<\/p>\n<p>&nbsp;<\/p>\n<h3>4. EXCLUSI\u00d3 DE GARANTIES I DE RESPONSABILITAT<\/h3>\n<p>El contingut del present lloc web t\u00e9 car\u00e0cter comercial, corporatiu i t\u00e9 una finalitat merament informativa, sense que es garanteixi plenament l&#8217;acc\u00e9s a tots els continguts, ni la seva exhaustivitat, correcci\u00f3 o actualitat, ni la seva idone\u00eftat o utilitat per a un objectiu espec\u00edfic.<\/p>\n<p>CYGYC BIOCON exclou, d&#8217;acord amb l&#8217;actual marc normatiu de l&#8217;Estat Espanyol, qualsevol responsabilitat pels danys i perjudicis que pogu\u00e9s atribuir-se, de manera directa, al present lloc web:<\/p>\n<ul>\n<li>La impossibilitat d&#8217;acc\u00e9s al lloc web o la falta de veracitat, exactitud, exhaustivitat i\/o actualitat dels continguts, aix\u00ed com l&#8217;exist\u00e8ncia de vicis i defectes associada als continguts transmesos, difosos, emmagatzemats, posats a disposici\u00f3, als quals s&#8217;hagi accedit a trav\u00e9s del lloc web o dels serveis que s&#8217;ofereixen.<\/li>\n<li>La pres\u00e8ncia de virus o d&#8217;altres elements en els continguts que puguin produir alteracions en els sistemes inform\u00e0tics, documents electr\u00f2nics o dades dels usuaris.<\/li>\n<li>L&#8217;incompliment de les lleis, la bona fe, l&#8217;ordre p\u00fablic, els usos del tr\u00e0nsit i el present av\u00eds legal a conseq\u00fc\u00e8ncia de l&#8217;\u00fas incorrecte del lloc web. En particular, CYGYC BIOCON no es fa responsable de les actuacions de tercers que vulnerin drets de propietat intel\u00b7lectual i industrial, secrets empresarials, drets a l&#8217;honor, a la intimitat personal i familiar i a la pr\u00f2pia imatge, aix\u00ed com la normativa en mat\u00e8ria de compet\u00e8ncia deslleial i publicitat il\u00b7l\u00edcita. CYGYC BIOCON declina qualsevol responsabilitat respecte a la informaci\u00f3 que es trobi fora d&#8217;aquesta web i no sigui gestionada directament pel nostre webmaster.<\/li>\n<\/ul>\n<p>El present lloc web pot incloure links amb l&#8217;objectiu d&#8217;informar l&#8217;usuari sobre l&#8217;exist\u00e8ncia d&#8217;altres fonts o tercers susceptibles d&#8217;ampliar els continguts que ofereix aquest lloc web. CYGYC BIOCON no garanteix ni es responsabilitza del funcionament o accessibilitat dels llocs enlla\u00e7ats, ni suggereix, convida o recomana la visita a aquests, per la qual cosa tampoc ser\u00e0 responsable del resultat de la navegaci\u00f3 de l&#8217;usuari.<\/p>\n<p>&nbsp;<\/p>\n<h3>5. PROCEDIMENT EN CAS DE REALITZACI\u00d3 D&#8217;ACTIVITATS DE CAR\u00c0CTER IL\u00b7L\u00cdCIT<\/h3>\n<p>En el cas que qualsevol usuari o un tercer consideri que existeixen fets o circumst\u00e0ncies que revelin el car\u00e0cter il\u00b7l\u00edcit de la utilitzaci\u00f3 de qualsevol contingut i\/o de la realitzaci\u00f3 de qualsevol activitat en les p\u00e0gines web incloses o accessibles a trav\u00e9s del lloc web, haur\u00e0 d&#8217;enviar una notificaci\u00f3 <a href=\"https:\/\/canaldenuncias.qualitylegalservice.com\/ca\/c\/cygyc-biocon\">al canal intern<\/a> CYGYC BIOCON especificant les suposades infraccions i declarant expressament i sota la seva responsabilitat que la informaci\u00f3 proporcionada en la notificaci\u00f3 \u00e9s exacta.<\/p>\n<p>Referent a aix\u00f2, establir que CYGYC BIOCON ha implementat un canal de den\u00fancies intern, d&#8217;acord amb el determinat en la Llei 2\/2023 de Protecci\u00f3 a l&#8217;Informant, que pot trobar \u201c<a href=\"https:\/\/canaldenuncias.qualitylegalservice.com\/ca\/c\/cygyc-biocon\">al peu de la home<\/a>\u201d del present lloc web.<\/p>\n<p>Per a tota q\u00fcesti\u00f3 litigiosa que incumbeixi el lloc web de CYGYC BIOCON ser\u00e0 aplicable la legislaci\u00f3 espanyola, i circumscrita a la compet\u00e8ncia jurisdiccional de la ciutat de Barcelona.<\/p>\n<p>Establir que vost\u00e8, tamb\u00e9 pot dirigir-se a un canal extern, que d&#8217;acord amb la seu social queda \u00a0circumscrita a la \u201c<a href=\"https:\/\/www.antifrau.cat\/es\/investigacion\/denuncia.html\">Oficina Antifrau de Catalunya\u201d.<\/a><\/p>\n","protected":false},"excerpt":{"rendered":"<p>1. OBJECTE I ACCEPTACI\u00d3 El present av\u00eds legal regula l&#8217;\u00fas del lloc web https:\/\/cygycbiocon.com (d&#8217;ara endavant, el lloc web), del [&hellip;]<\/p>\n","protected":false},"author":1,"featured_media":0,"parent":0,"menu_order":0,"comment_status":"closed","ping_status":"closed","template":"","meta":{"content-type":"","footnotes":""},"class_list":["post-675","page","type-page","status-publish","hentry"],"yoast_head":"<!-- This site is optimized with the Yoast SEO plugin v23.0 - https:\/\/yoast.com\/wordpress\/plugins\/seo\/ -->\n<title>Av\u00eds Legal - CYGYC BIOCON<\/title>\n<meta name=\"robots\" content=\"index, follow, max-snippet:-1, max-image-preview:large, max-video-preview:-1\" \/>\n<link rel=\"canonical\" href=\"https:\/\/cygycbiocon.com\/ca\/avis-legal\/\" \/>\n<meta property=\"og:locale\" content=\"ca_ES\" \/>\n<meta property=\"og:type\" content=\"article\" \/>\n<meta property=\"og:title\" content=\"Av\u00eds Legal - CYGYC BIOCON\" \/>\n<meta property=\"og:description\" content=\"1. OBJECTE I ACCEPTACI\u00d3 El present av\u00eds legal regula l&#8217;\u00fas del lloc web https:\/\/cygycbiocon.com (d&#8217;ara endavant, el lloc web), del [&hellip;]\" \/>\n<meta property=\"og:url\" content=\"https:\/\/cygycbiocon.com\/ca\/avis-legal\/\" \/>\n<meta property=\"og:site_name\" content=\"CYGYC BIOCON\" \/>\n<meta property=\"article:modified_time\" content=\"2024-10-14T15:31:49+00:00\" \/>\n<meta name=\"twitter:card\" content=\"summary_large_image\" \/>\n<meta name=\"twitter:label1\" content=\"Temps estimat de lectura\" \/>\n\t<meta name=\"twitter:data1\" content=\"7 minuts\" \/>\n<script type=\"application\/ld+json\" class=\"yoast-schema-graph\">{\"@context\":\"https:\/\/schema.org\",\"@graph\":[{\"@type\":\"WebPage\",\"@id\":\"https:\/\/cygycbiocon.com\/ca\/avis-legal\/\",\"url\":\"https:\/\/cygycbiocon.com\/ca\/avis-legal\/\",\"name\":\"Av\u00eds Legal - CYGYC BIOCON\",\"isPartOf\":{\"@id\":\"https:\/\/cygycbiocon.com\/#website\"},\"datePublished\":\"2023-08-04T09:06:09+00:00\",\"dateModified\":\"2024-10-14T15:31:49+00:00\",\"breadcrumb\":{\"@id\":\"https:\/\/cygycbiocon.com\/ca\/avis-legal\/#breadcrumb\"},\"inLanguage\":\"ca\",\"potentialAction\":[{\"@type\":\"ReadAction\",\"target\":[\"https:\/\/cygycbiocon.com\/ca\/avis-legal\/\"]}]},{\"@type\":\"BreadcrumbList\",\"@id\":\"https:\/\/cygycbiocon.com\/ca\/avis-legal\/#breadcrumb\",\"itemListElement\":[{\"@type\":\"ListItem\",\"position\":1,\"name\":\"Portada\",\"item\":\"https:\/\/cygycbiocon.com\/ca\/\"},{\"@type\":\"ListItem\",\"position\":2,\"name\":\"Av\u00eds Legal\"}]},{\"@type\":\"WebSite\",\"@id\":\"https:\/\/cygycbiocon.com\/#website\",\"url\":\"https:\/\/cygycbiocon.com\/\",\"name\":\"CYGYC BIOCON\",\"description\":\"\",\"potentialAction\":[{\"@type\":\"SearchAction\",\"target\":{\"@type\":\"EntryPoint\",\"urlTemplate\":\"https:\/\/cygycbiocon.com\/?s={search_term_string}\"},\"query-input\":\"required name=search_term_string\"}],\"inLanguage\":\"ca\"}]}<\/script>\n<!-- \/ Yoast SEO plugin. -->","yoast_head_json":{"title":"Av\u00eds Legal - CYGYC BIOCON","robots":{"index":"index","follow":"follow","max-snippet":"max-snippet:-1","max-image-preview":"max-image-preview:large","max-video-preview":"max-video-preview:-1"},"canonical":"https:\/\/cygycbiocon.com\/ca\/avis-legal\/","og_locale":"ca_ES","og_type":"article","og_title":"Av\u00eds Legal - CYGYC BIOCON","og_description":"1. OBJECTE I ACCEPTACI\u00d3 El present av\u00eds legal regula l&#8217;\u00fas del lloc web https:\/\/cygycbiocon.com (d&#8217;ara endavant, el lloc web), del [&hellip;]","og_url":"https:\/\/cygycbiocon.com\/ca\/avis-legal\/","og_site_name":"CYGYC BIOCON","article_modified_time":"2024-10-14T15:31:49+00:00","twitter_card":"summary_large_image","twitter_misc":{"Temps estimat de lectura":"7 minuts"},"schema":{"@context":"https:\/\/schema.org","@graph":[{"@type":"WebPage","@id":"https:\/\/cygycbiocon.com\/ca\/avis-legal\/","url":"https:\/\/cygycbiocon.com\/ca\/avis-legal\/","name":"Av\u00eds Legal - CYGYC BIOCON","isPartOf":{"@id":"https:\/\/cygycbiocon.com\/#website"},"datePublished":"2023-08-04T09:06:09+00:00","dateModified":"2024-10-14T15:31:49+00:00","breadcrumb":{"@id":"https:\/\/cygycbiocon.com\/ca\/avis-legal\/#breadcrumb"},"inLanguage":"ca","potentialAction":[{"@type":"ReadAction","target":["https:\/\/cygycbiocon.com\/ca\/avis-legal\/"]}]},{"@type":"BreadcrumbList","@id":"https:\/\/cygycbiocon.com\/ca\/avis-legal\/#breadcrumb","itemListElement":[{"@type":"ListItem","position":1,"name":"Portada","item":"https:\/\/cygycbiocon.com\/ca\/"},{"@type":"ListItem","position":2,"name":"Av\u00eds Legal"}]},{"@type":"WebSite","@id":"https:\/\/cygycbiocon.com\/#website","url":"https:\/\/cygycbiocon.com\/","name":"CYGYC BIOCON","description":"","potentialAction":[{"@type":"SearchAction","target":{"@type":"EntryPoint","urlTemplate":"https:\/\/cygycbiocon.com\/?s={search_term_string}"},"query-input":"required name=search_term_string"}],"inLanguage":"ca"}]}},"_links":{"self":[{"href":"https:\/\/cygycbiocon.com\/ca\/wp-json\/wp\/v2\/pages\/675","targetHints":{"allow":["GET"]}}],"collection":[{"href":"https:\/\/cygycbiocon.com\/ca\/wp-json\/wp\/v2\/pages"}],"about":[{"href":"https:\/\/cygycbiocon.com\/ca\/wp-json\/wp\/v2\/types\/page"}],"author":[{"embeddable":true,"href":"https:\/\/cygycbiocon.com\/ca\/wp-json\/wp\/v2\/users\/1"}],"replies":[{"embeddable":true,"href":"https:\/\/cygycbiocon.com\/ca\/wp-json\/wp\/v2\/comments?post=675"}],"version-history":[{"count":8,"href":"https:\/\/cygycbiocon.com\/ca\/wp-json\/wp\/v2\/pages\/675\/revisions"}],"predecessor-version":[{"id":1243,"href":"https:\/\/cygycbiocon.com\/ca\/wp-json\/wp\/v2\/pages\/675\/revisions\/1243"}],"wp:attachment":[{"href":"https:\/\/cygycbiocon.com\/ca\/wp-json\/wp\/v2\/media?parent=675"}],"curies":[{"name":"wp","href":"https:\/\/api.w.org\/{rel}","templated":true}]}}