{"id":702,"date":"2023-07-31T14:18:09","date_gmt":"2023-07-31T12:18:09","guid":{"rendered":"https:\/\/cygycbiocon.com\/marques\/"},"modified":"2025-04-22T14:28:13","modified_gmt":"2025-04-22T12:28:13","slug":"marques","status":"publish","type":"page","link":"https:\/\/cygycbiocon.com\/ca\/marques\/","title":{"rendered":"Marques"},"content":{"rendered":"<section class=\"wpb-content-wrapper\"><p>[vc_row unlock_row_content=&#8221;yes&#8221; row_height_percent=&#8221;60&#8243; override_padding=&#8221;yes&#8221; h_padding=&#8221;0&#8243; top_padding=&#8221;0&#8243; bottom_padding=&#8221;0&#8243; overlay_alpha=&#8221;50&#8243; equal_height=&#8221;yes&#8221; gutter_size=&#8221;3&#8243; column_width_percent=&#8221;100&#8243; border_color=&#8221;color-157083&#8243; border_style=&#8221;solid&#8221; shift_y=&#8221;0&#8243; z_index=&#8221;0&#8243; inverted_device_order=&#8221;yes&#8221; auto_height_device=&#8221;yes&#8221; uncode_shortcode_id=&#8221;385400&#8243; el_class=&#8221;single-marca-row&#8221; css=&#8221;.vc_custom_1693825394533{border-bottom-width: 1px !important;}&#8221; border_color_type=&#8221;uncode-palette&#8221;][vc_column column_width_percent=&#8221;100&#8243; position_vertical=&#8221;middle&#8221; gutter_size=&#8221;3&#8243; override_padding=&#8221;yes&#8221; column_padding=&#8221;3&#8243; back_image=&#8221;189&#8243; back_position=&#8221;left top&#8221; overlay_alpha=&#8221;50&#8243; shift_x=&#8221;0&#8243; shift_y=&#8221;0&#8243; shift_y_down=&#8221;0&#8243; z_index=&#8221;0&#8243; medium_width=&#8221;0&#8243; mobile_width=&#8221;0&#8243; width=&#8221;2\/3&#8243; uncode_shortcode_id=&#8221;129512&#8243; back_size=&#8221;50%&#8221; el_class=&#8221;bg-gradient-row&#8221;][vc_single_image media=&#8221;1106&#8243; media_width_use_pixel=&#8221;yes&#8221; uncode_shortcode_id=&#8221;890220&#8243; media_width_pixel=&#8221;200&#8243;][vc_column_text text_lead=&#8221;yes&#8221; uncode_shortcode_id=&#8221;123203&#8243;]BIOCON \u00e9s una marca especialitzada en la fabricaci\u00f3 d&#8217;enzims i productes biol\u00f2gics d&#8217;alta qualitat per als sectors alimentari i d&#8217;alimentaci\u00f3 animal.[\/vc_column_text][vc_column_text uncode_shortcode_id=&#8221;208226&#8243; el_class=&#8221;mt-sm&#8221;]Amb m\u00e9s de 30 anys d&#8217;experi\u00e8ncia en el camp, oferim solucions de confian\u00e7a i efectives per a millorar els processos de producci\u00f3. A m\u00e9s, estem compromesos amb la recerca i el desenvolupament de noves solucions enzim\u00e0tiques sostenibles i respectuoses amb el medi ambient, i brindem assessorament i suport als nostres clients en el desenvolupament de nous projectes i millores en els seus productes i processos.[\/vc_column_text][vc_empty_space empty_h=&#8221;2&#8243;][vc_button size=&#8221;link&#8221; display=&#8221;inline&#8221; top_margin=&#8221;yes&#8221; uncode_shortcode_id=&#8221;132340&#8243; el_class=&#8221;arrow-dark&#8221; link=&#8221;url:https%3A%2F%2Fbiocon-enzymes.com|target:_blank&#8221;]Visitar[\/vc_button][\/vc_column][vc_column column_width_percent=&#8221;100&#8243; gutter_size=&#8221;3&#8243; back_image=&#8221;394&#8243; parallax=&#8221;yes&#8221; overlay_alpha=&#8221;50&#8243; shift_x=&#8221;0&#8243; shift_y=&#8221;0&#8243; shift_y_down=&#8221;0&#8243; z_index=&#8221;0&#8243; medium_width=&#8221;0&#8243; mobile_width=&#8221;0&#8243; width=&#8221;1\/3&#8243; uncode_shortcode_id=&#8221;365350&#8243;][\/vc_column][\/vc_row][vc_row unlock_row_content=&#8221;yes&#8221; row_height_percent=&#8221;60&#8243; override_padding=&#8221;yes&#8221; h_padding=&#8221;0&#8243; top_padding=&#8221;0&#8243; bottom_padding=&#8221;0&#8243; overlay_alpha=&#8221;50&#8243; equal_height=&#8221;yes&#8221; gutter_size=&#8221;3&#8243; column_width_percent=&#8221;100&#8243; border_color=&#8221;color-157083&#8243; border_style=&#8221;solid&#8221; shift_y=&#8221;0&#8243; z_index=&#8221;0&#8243; auto_height_device=&#8221;yes&#8221; uncode_shortcode_id=&#8221;332142&#8243; css=&#8221;.vc_custom_1693825355365{border-bottom-width: 1px !important;}&#8221; border_color_type=&#8221;uncode-palette&#8221; el_class=&#8221;single-marca-row&#8221;][vc_column column_width_percent=&#8221;100&#8243; gutter_size=&#8221;3&#8243; back_image=&#8221;395&#8243; parallax=&#8221;yes&#8221; overlay_alpha=&#8221;50&#8243; shift_x=&#8221;0&#8243; shift_y=&#8221;0&#8243; shift_y_down=&#8221;0&#8243; z_index=&#8221;0&#8243; medium_width=&#8221;0&#8243; mobile_width=&#8221;0&#8243; width=&#8221;1\/3&#8243; uncode_shortcode_id=&#8221;482884&#8243;][\/vc_column][vc_column column_width_percent=&#8221;100&#8243; position_vertical=&#8221;middle&#8221; gutter_size=&#8221;3&#8243; override_padding=&#8221;yes&#8221; column_padding=&#8221;3&#8243; back_image=&#8221;129&#8243; back_position=&#8221;right top&#8221; overlay_alpha=&#8221;50&#8243; shift_x=&#8221;0&#8243; shift_y=&#8221;0&#8243; shift_y_down=&#8221;0&#8243; z_index=&#8221;0&#8243; medium_width=&#8221;0&#8243; mobile_width=&#8221;0&#8243; width=&#8221;2\/3&#8243; uncode_shortcode_id=&#8221;671400&#8243; back_size=&#8221;50%&#8221; el_class=&#8221;bg-gradient-row&#8221;][vc_single_image media=&#8221;489&#8243; media_width_use_pixel=&#8221;yes&#8221; uncode_shortcode_id=&#8221;108440&#8243; media_width_pixel=&#8221;200&#8243;][vc_column_text text_lead=&#8221;yes&#8221; uncode_shortcode_id=&#8221;104668&#8243;]BIOKATAL \u00e9s una marca innovadora en productes enzim\u00e0tics i biol\u00f2gics per a diferents sectors industrials.[\/vc_column_text][vc_column_text uncode_shortcode_id=&#8221;196345&#8243; el_class=&#8221;mt-sm&#8221;]Les nostres solucions avan\u00e7ades i sostenibles redueixen l&#8217;impacte mediambiental sense comprometre l&#8217;efic\u00e0cia. Oferim productes biotecnol\u00f2gics per a detergents, processos t\u00e8xtils i d&#8217;adobat de pells, i productes biol\u00f2gics per a la ind\u00fastria i hostaleria. Tamb\u00e9 contribu\u00efm a la sostenibilitat en el processament de biomassa, degradaci\u00f3 de residus i remediaci\u00f3 ambiental.[\/vc_column_text][vc_empty_space empty_h=&#8221;2&#8243;][vc_button size=&#8221;link&#8221; display=&#8221;inline&#8221; top_margin=&#8221;yes&#8221; uncode_shortcode_id=&#8221;169615&#8243; el_class=&#8221;arrow-dark&#8221; link=&#8221;url:https%3A%2F%2Fbiokatal.com%2F|target:_blank|&#8221;]Visitar[\/vc_button][\/vc_column][\/vc_row][vc_row unlock_row_content=&#8221;yes&#8221; row_height_percent=&#8221;60&#8243; override_padding=&#8221;yes&#8221; h_padding=&#8221;0&#8243; top_padding=&#8221;0&#8243; bottom_padding=&#8221;0&#8243; overlay_alpha=&#8221;50&#8243; equal_height=&#8221;yes&#8221; gutter_size=&#8221;3&#8243; column_width_percent=&#8221;100&#8243; border_color=&#8221;color-157083&#8243; border_style=&#8221;solid&#8221; shift_y=&#8221;0&#8243; z_index=&#8221;0&#8243; inverted_device_order=&#8221;yes&#8221; auto_height_device=&#8221;yes&#8221; uncode_shortcode_id=&#8221;126740&#8243; el_class=&#8221;single-marca-row&#8221; css=&#8221;.vc_custom_1693825424416{border-bottom-width: 1px !important;}&#8221; border_color_type=&#8221;uncode-palette&#8221;][vc_column column_width_percent=&#8221;100&#8243; position_vertical=&#8221;middle&#8221; gutter_size=&#8221;3&#8243; override_padding=&#8221;yes&#8221; column_padding=&#8221;3&#8243; back_image=&#8221;189&#8243; back_position=&#8221;left top&#8221; overlay_alpha=&#8221;50&#8243; shift_x=&#8221;0&#8243; shift_y=&#8221;0&#8243; shift_y_down=&#8221;0&#8243; z_index=&#8221;0&#8243; medium_width=&#8221;0&#8243; mobile_width=&#8221;0&#8243; width=&#8221;2\/3&#8243; uncode_shortcode_id=&#8221;138860&#8243; back_size=&#8221;50%&#8221; el_class=&#8221;bg-gradient-row&#8221;][vc_single_image media=&#8221;808&#8243; media_width_use_pixel=&#8221;yes&#8221; uncode_shortcode_id=&#8221;605348&#8243; media_width_pixel=&#8221;200&#8243;][vc_column_text text_lead=&#8221;yes&#8221; uncode_shortcode_id=&#8221;145831&#8243;]Des de 1970, la marca OXA ofereix productes de gran valor afegit, diferents i efica\u00e7os, per donar resposta als reptes de les ind\u00fastries t\u00e8cniques com s\u00f3n l&#8217;aliment\u00e0ria, la institucional i col\u00b7lectivitats, l&#8217;agr\u00edcola i l&#8217;agropecu\u00e0ria.[\/vc_column_text][vc_column_text uncode_shortcode_id=&#8221;514092&#8243; el_class=&#8221;mt-sm&#8221;]La gamma de productes OXA permet millorar l&#8217;efici\u00e8ncia i sostenibilitat dels processos d&#8217;higiene dels clients.[\/vc_column_text][vc_empty_space empty_h=&#8221;2&#8243;][vc_button size=&#8221;link&#8221; display=&#8221;inline&#8221; top_margin=&#8221;yes&#8221; uncode_shortcode_id=&#8221;185557&#8243; el_class=&#8221;arrow-dark&#8221; link=&#8221;url:https%3A%2F%2Fwww.oxa.cat|target:_blank|&#8221;]Visitar[\/vc_button][\/vc_column][vc_column column_width_percent=&#8221;100&#8243; gutter_size=&#8221;3&#8243; override_padding=&#8221;yes&#8221; column_padding=&#8221;0&#8243; back_image=&#8221;396&#8243; parallax=&#8221;yes&#8221; overlay_alpha=&#8221;50&#8243; shift_x=&#8221;0&#8243; shift_y=&#8221;0&#8243; shift_y_down=&#8221;0&#8243; z_index=&#8221;0&#8243; medium_width=&#8221;0&#8243; mobile_width=&#8221;0&#8243; width=&#8221;1\/3&#8243; uncode_shortcode_id=&#8221;173855&#8243;][\/vc_column][\/vc_row][vc_row unlock_row_content=&#8221;yes&#8221; row_height_percent=&#8221;60&#8243; override_padding=&#8221;yes&#8221; h_padding=&#8221;0&#8243; top_padding=&#8221;0&#8243; bottom_padding=&#8221;0&#8243; overlay_alpha=&#8221;50&#8243; equal_height=&#8221;yes&#8221; gutter_size=&#8221;3&#8243; column_width_percent=&#8221;100&#8243; border_color=&#8221;color-157083&#8243; border_style=&#8221;solid&#8221; shift_y=&#8221;0&#8243; z_index=&#8221;0&#8243; auto_height_device=&#8221;yes&#8221; uncode_shortcode_id=&#8221;108290&#8243; css=&#8221;.vc_custom_1693825332916{border-bottom-width: 1px !important;}&#8221; border_color_type=&#8221;uncode-palette&#8221; el_class=&#8221;single-marca-row&#8221;][vc_column column_width_percent=&#8221;100&#8243; gutter_size=&#8221;3&#8243; override_padding=&#8221;yes&#8221; column_padding=&#8221;0&#8243; back_image=&#8221;397&#8243; parallax=&#8221;yes&#8221; overlay_alpha=&#8221;50&#8243; shift_x=&#8221;0&#8243; shift_y=&#8221;0&#8243; shift_y_down=&#8221;0&#8243; z_index=&#8221;0&#8243; medium_width=&#8221;0&#8243; mobile_width=&#8221;0&#8243; width=&#8221;1\/3&#8243; uncode_shortcode_id=&#8221;103215&#8243;][\/vc_column][vc_column column_width_percent=&#8221;100&#8243; position_vertical=&#8221;middle&#8221; gutter_size=&#8221;3&#8243; override_padding=&#8221;yes&#8221; column_padding=&#8221;3&#8243; back_image=&#8221;129&#8243; back_position=&#8221;right top&#8221; overlay_alpha=&#8221;50&#8243; shift_x=&#8221;0&#8243; shift_y=&#8221;0&#8243; shift_y_down=&#8221;0&#8243; z_index=&#8221;0&#8243; medium_width=&#8221;0&#8243; mobile_width=&#8221;0&#8243; width=&#8221;2\/3&#8243; uncode_shortcode_id=&#8221;273450&#8243; back_size=&#8221;50%&#8221; el_class=&#8221;bg-gradient-row&#8221;][vc_single_image media=&#8221;360&#8243; media_width_use_pixel=&#8221;yes&#8221; uncode_shortcode_id=&#8221;210950&#8243; media_width_pixel=&#8221;200&#8243;][vc_column_text text_lead=&#8221;yes&#8221; uncode_shortcode_id=&#8221;168377&#8243;]QUESTCATIO fabrica formulacions premium de fosfonatos, coadjuvants i tensioactius per a productes d&#8217;altes prestacions, que milloren l&#8217;efic\u00e0cia detergent, maximitzen la seguretat de manipulaci\u00f3 i redueixen l&#8217;impacte mediambiental.[\/vc_column_text][vc_empty_space empty_h=&#8221;2&#8243;][vc_button size=&#8221;link&#8221; display=&#8221;inline&#8221; top_margin=&#8221;yes&#8221; uncode_shortcode_id=&#8221;923703&#8243; el_class=&#8221;arrow-dark&#8221; link=&#8221;url:https%3A%2F%2Fquestcatio.com%2F|target:_blank|&#8221;]Visitar[\/vc_button][\/vc_column][\/vc_row]<\/p>\n<\/section>","protected":false},"excerpt":{"rendered":"<p>[vc_row unlock_row_content=&#8221;yes&#8221; row_height_percent=&#8221;60&#8243; override_padding=&#8221;yes&#8221; h_padding=&#8221;0&#8243; top_padding=&#8221;0&#8243; bottom_padding=&#8221;0&#8243; overlay_alpha=&#8221;50&#8243; equal_height=&#8221;yes&#8221; gutter_size=&#8221;3&#8243; column_width_percent=&#8221;100&#8243; border_color=&#8221;color-157083&#8243; border_style=&#8221;solid&#8221; shift_y=&#8221;0&#8243; z_index=&#8221;0&#8243; inverted_device_order=&#8221;yes&#8221; auto_height_device=&#8221;yes&#8221; uncode_shortcode_id=&#8221;385400&#8243; el_class=&#8221;single-marca-row&#8221; css=&#8221;.vc_custom_1693825394533{border-bottom-width: [&hellip;]<\/p>\n","protected":false},"author":1,"featured_media":0,"parent":0,"menu_order":0,"comment_status":"closed","ping_status":"closed","template":"","meta":{"content-type":"","footnotes":""},"class_list":["post-702","page","type-page","status-publish","hentry"],"yoast_head":"<!-- This site is optimized with the Yoast SEO plugin v23.0 - https:\/\/yoast.com\/wordpress\/plugins\/seo\/ -->\n<title>Marques - CYGYC BIOCON<\/title>\n<meta name=\"robots\" content=\"index, follow, max-snippet:-1, max-image-preview:large, max-video-preview:-1\" \/>\n<link rel=\"canonical\" href=\"https:\/\/cygycbiocon.com\/ca\/marques\/\" \/>\n<meta property=\"og:locale\" content=\"ca_ES\" \/>\n<meta property=\"og:type\" content=\"article\" \/>\n<meta property=\"og:title\" content=\"Marques - CYGYC BIOCON\" \/>\n<meta property=\"og:description\" content=\"[vc_row unlock_row_content=&#8221;yes&#8221; row_height_percent=&#8221;60&#8243; override_padding=&#8221;yes&#8221; h_padding=&#8221;0&#8243; top_padding=&#8221;0&#8243; bottom_padding=&#8221;0&#8243; overlay_alpha=&#8221;50&#8243; equal_height=&#8221;yes&#8221; gutter_size=&#8221;3&#8243; column_width_percent=&#8221;100&#8243; border_color=&#8221;color-157083&#8243; border_style=&#8221;solid&#8221; shift_y=&#8221;0&#8243; z_index=&#8221;0&#8243; inverted_device_order=&#8221;yes&#8221; auto_height_device=&#8221;yes&#8221; uncode_shortcode_id=&#8221;385400&#8243; el_class=&#8221;single-marca-row&#8221; css=&#8221;.vc_custom_1693825394533{border-bottom-width: [&hellip;]\" \/>\n<meta property=\"og:url\" content=\"https:\/\/cygycbiocon.com\/ca\/marques\/\" \/>\n<meta property=\"og:site_name\" content=\"CYGYC BIOCON\" \/>\n<meta property=\"article:modified_time\" content=\"2025-04-22T12:28:13+00:00\" \/>\n<meta name=\"twitter:card\" content=\"summary_large_image\" \/>\n<meta name=\"twitter:label1\" content=\"Temps estimat de lectura\" \/>\n\t<meta name=\"twitter:data1\" content=\"3 minuts\" \/>\n<script type=\"application\/ld+json\" class=\"yoast-schema-graph\">{\"@context\":\"https:\/\/schema.org\",\"@graph\":[{\"@type\":\"WebPage\",\"@id\":\"https:\/\/cygycbiocon.com\/ca\/marques\/\",\"url\":\"https:\/\/cygycbiocon.com\/ca\/marques\/\",\"name\":\"Marques - CYGYC BIOCON\",\"isPartOf\":{\"@id\":\"https:\/\/cygycbiocon.com\/#website\"},\"datePublished\":\"2023-07-31T12:18:09+00:00\",\"dateModified\":\"2025-04-22T12:28:13+00:00\",\"breadcrumb\":{\"@id\":\"https:\/\/cygycbiocon.com\/ca\/marques\/#breadcrumb\"},\"inLanguage\":\"ca\",\"potentialAction\":[{\"@type\":\"ReadAction\",\"target\":[\"https:\/\/cygycbiocon.com\/ca\/marques\/\"]}]},{\"@type\":\"BreadcrumbList\",\"@id\":\"https:\/\/cygycbiocon.com\/ca\/marques\/#breadcrumb\",\"itemListElement\":[{\"@type\":\"ListItem\",\"position\":1,\"name\":\"Portada\",\"item\":\"https:\/\/cygycbiocon.com\/ca\/\"},{\"@type\":\"ListItem\",\"position\":2,\"name\":\"Marques\"}]},{\"@type\":\"WebSite\",\"@id\":\"https:\/\/cygycbiocon.com\/#website\",\"url\":\"https:\/\/cygycbiocon.com\/\",\"name\":\"CYGYC BIOCON\",\"description\":\"\",\"potentialAction\":[{\"@type\":\"SearchAction\",\"target\":{\"@type\":\"EntryPoint\",\"urlTemplate\":\"https:\/\/cygycbiocon.com\/?s={search_term_string}\"},\"query-input\":\"required name=search_term_string\"}],\"inLanguage\":\"ca\"}]}<\/script>\n<!-- \/ Yoast SEO plugin. -->","yoast_head_json":{"title":"Marques - CYGYC BIOCON","robots":{"index":"index","follow":"follow","max-snippet":"max-snippet:-1","max-image-preview":"max-image-preview:large","max-video-preview":"max-video-preview:-1"},"canonical":"https:\/\/cygycbiocon.com\/ca\/marques\/","og_locale":"ca_ES","og_type":"article","og_title":"Marques - CYGYC BIOCON","og_description":"[vc_row unlock_row_content=&#8221;yes&#8221; row_height_percent=&#8221;60&#8243; override_padding=&#8221;yes&#8221; h_padding=&#8221;0&#8243; top_padding=&#8221;0&#8243; bottom_padding=&#8221;0&#8243; overlay_alpha=&#8221;50&#8243; equal_height=&#8221;yes&#8221; gutter_size=&#8221;3&#8243; column_width_percent=&#8221;100&#8243; border_color=&#8221;color-157083&#8243; border_style=&#8221;solid&#8221; shift_y=&#8221;0&#8243; z_index=&#8221;0&#8243; inverted_device_order=&#8221;yes&#8221; auto_height_device=&#8221;yes&#8221; uncode_shortcode_id=&#8221;385400&#8243; el_class=&#8221;single-marca-row&#8221; css=&#8221;.vc_custom_1693825394533{border-bottom-width: [&hellip;]","og_url":"https:\/\/cygycbiocon.com\/ca\/marques\/","og_site_name":"CYGYC BIOCON","article_modified_time":"2025-04-22T12:28:13+00:00","twitter_card":"summary_large_image","twitter_misc":{"Temps estimat de lectura":"3 minuts"},"schema":{"@context":"https:\/\/schema.org","@graph":[{"@type":"WebPage","@id":"https:\/\/cygycbiocon.com\/ca\/marques\/","url":"https:\/\/cygycbiocon.com\/ca\/marques\/","name":"Marques - CYGYC BIOCON","isPartOf":{"@id":"https:\/\/cygycbiocon.com\/#website"},"datePublished":"2023-07-31T12:18:09+00:00","dateModified":"2025-04-22T12:28:13+00:00","breadcrumb":{"@id":"https:\/\/cygycbiocon.com\/ca\/marques\/#breadcrumb"},"inLanguage":"ca","potentialAction":[{"@type":"ReadAction","target":["https:\/\/cygycbiocon.com\/ca\/marques\/"]}]},{"@type":"BreadcrumbList","@id":"https:\/\/cygycbiocon.com\/ca\/marques\/#breadcrumb","itemListElement":[{"@type":"ListItem","position":1,"name":"Portada","item":"https:\/\/cygycbiocon.com\/ca\/"},{"@type":"ListItem","position":2,"name":"Marques"}]},{"@type":"WebSite","@id":"https:\/\/cygycbiocon.com\/#website","url":"https:\/\/cygycbiocon.com\/","name":"CYGYC BIOCON","description":"","potentialAction":[{"@type":"SearchAction","target":{"@type":"EntryPoint","urlTemplate":"https:\/\/cygycbiocon.com\/?s={search_term_string}"},"query-input":"required name=search_term_string"}],"inLanguage":"ca"}]}},"_links":{"self":[{"href":"https:\/\/cygycbiocon.com\/ca\/wp-json\/wp\/v2\/pages\/702","targetHints":{"allow":["GET"]}}],"collection":[{"href":"https:\/\/cygycbiocon.com\/ca\/wp-json\/wp\/v2\/pages"}],"about":[{"href":"https:\/\/cygycbiocon.com\/ca\/wp-json\/wp\/v2\/types\/page"}],"author":[{"embeddable":true,"href":"https:\/\/cygycbiocon.com\/ca\/wp-json\/wp\/v2\/users\/1"}],"replies":[{"embeddable":true,"href":"https:\/\/cygycbiocon.com\/ca\/wp-json\/wp\/v2\/comments?post=702"}],"version-history":[{"count":22,"href":"https:\/\/cygycbiocon.com\/ca\/wp-json\/wp\/v2\/pages\/702\/revisions"}],"predecessor-version":[{"id":1374,"href":"https:\/\/cygycbiocon.com\/ca\/wp-json\/wp\/v2\/pages\/702\/revisions\/1374"}],"wp:attachment":[{"href":"https:\/\/cygycbiocon.com\/ca\/wp-json\/wp\/v2\/media?parent=702"}],"curies":[{"name":"wp","href":"https:\/\/api.w.org\/{rel}","templated":true}]}}