{"id":716,"date":"2023-08-04T11:02:50","date_gmt":"2023-08-04T09:02:50","guid":{"rendered":"https:\/\/cygycbiocon.com\/politica-de-cookies\/"},"modified":"2024-10-14T17:43:26","modified_gmt":"2024-10-14T15:43:26","slug":"politica-de-cookies","status":"publish","type":"page","link":"https:\/\/cygycbiocon.com\/ca\/politica-de-cookies\/","title":{"rendered":"Pol\u00edtica de cookies"},"content":{"rendered":"<h3>1. COOKIES<\/h3>\n<p>Les cookies i altres tecnologies similars s\u00f3n una part essencial de com funciona el present lloc web. L&#8217;objectiu principal de les cookies \u00e9s fer m\u00e9s c\u00f2moda i eficient la seva experi\u00e8ncia de navegaci\u00f3. A trav\u00e9s del \u201cgestor de cookies\u201d (situat en la finestra emergent que figura a la p\u00e0gina d&#8217;inici del lloc web) podr\u00e0 obtenir tota la informaci\u00f3 sobre les cookies que s&#8217;utilitzin i podr\u00e0 activar i\/o desactivar les mateixes d&#8217;acord amb les seves prefer\u00e8ncies, excepte aquelles cookies que s\u00f3n estrictament necess\u00e0ries per al funcionament del nostre lloc web. Tingui en compte que el bloqueig d&#8217;algunes cookies pot afectar la seva experi\u00e8ncia en la navegaci\u00f3 i el funcionament de determinades funcionalitats establertes en aquesta.<\/p>\n<p>&nbsp;<\/p>\n<h3>2. COOKIES NECESS\u00c0RIES<\/h3>\n<p>Aquestes cookies s\u00f3n necess\u00e0ries perqu\u00e8 el lloc web funcioni i no es poden desactivar en el gestor de cookies (veur\u00e0 que apareixen bloquejades). Es troben configurades per a respondre a accions realitzades per vost\u00e8 (interacci\u00f3 amb el lloc web), com ara ajustar les seves prefer\u00e8ncies de privacitat, iniciar sessi\u00f3 en el lloc o cobrir formularis. Vost\u00e8 pot configurar el seu navegador per a bloquejar o alertar de la pres\u00e8ncia d&#8217;aquestes cookies, per\u00f2 alguns apartats del lloc web podrien no funcionar de manera correcta.<\/p>\n<p>&nbsp;<\/p>\n<h3>3. COOKIES D&#8217;AN\u00c0LISIS ACTIVES<\/h3>\n<p>Aquestes cookies ens permeten enumerar les visites i el tr\u00e0nsit per a poder mesurar i millorar l&#8217;acompliment del lloc web. Ens ajuden a saber quines p\u00e0gines del lloc web s\u00f3n les que m\u00e9s o menys inter\u00e8s generen, i identificar quants usuaris visiten el lloc. Si no permet la gesti\u00f3 d&#8217;aquestes cookies no sabrem quan va accedir al nostre lloc web.<\/p>\n<p>Aclarir que la gesti\u00f3 i tractament de dades es realitza de manera agregada i no de manera particular.<\/p>\n<p>&nbsp;<\/p>\n<h3>4. COOKIES DE FUNCIONALITAT O PERSONALITZACI\u00d3<\/h3>\n<p>Aquestes cookies permeten que el lloc web ofereixi una millor funcionalitat i personalitzaci\u00f3. Poden ser establertes per nosaltres o per terceres parts els serveis de les quals hem afegit a la nostra p\u00e0gina. Si no permet aquestes cookies alguns serveis podrien no funcionar correctament.<\/p>\n<p>&nbsp;<\/p>\n<h3>5. COOKIES DE PUBLICITAT COMPORTAMENTAL<\/h3>\n<p>Aquestes cookies poden estar de manera transversal en el present lloc web, implementades a trav\u00e9s dels nostres partners publicitaris. Aquests tercers poden utilitzar-les per a crear un perfil dels teus interessos i mostrar-te anuncis rellevants en altres llocs. Si no permet aquestes cookies, hauria de rebre menys publicitat dirigida.<\/p>\n<p>&nbsp;<\/p>\n<h3>6. GESTI\u00d3 DE COOKIES<\/h3>\n<p>La base de legitimaci\u00f3 en el tractament de cookies ve determinada pel gestor de cookies establert per a tal efecte, que li permet poder activar o desactivar aquelles cookies que no s\u00f3n necess\u00e0ries o funcionals per al correcte funcionament del present lloc web. Per tant, podr\u00edem determinar que aquesta base ve determinada pel consentiment.<\/p>\n<p>Si us plau, accedeixi a aquesta secci\u00f3 per a comprovar la parametritzaci\u00f3 realitzada en un primer moment per nosaltres, a fi de poder verificar l&#8217;estat en el que es troben aquestes cookies, i aix\u00ed poder desactivar aquelles que no consideri oportunes.<\/p>\n<p>&nbsp;<\/p>\n<h3>7. ESBORRAMENT DE COOKIES<\/h3>\n<p>L&#8217;usuari podr\u00e0 permetre, bloquejar o eliminar les cookies instal\u00b7lades en el seu equip a trav\u00e9s de la configuraci\u00f3 de les opcions del navegador que utilitzes per a tal efecte. En cas que no permeti la instal\u00b7laci\u00f3 de cookies en el seu navegador \u00e9s possible que no pugui accedir a alguns dels serveis i que la seva experi\u00e8ncia en el lloc web pugui resultar menys satisfact\u00f2ria. En els seg\u00fcents enlla\u00e7os t\u00e9 a la seva disposici\u00f3 tota la informaci\u00f3 per a configurar o deshabilitar les cookies a cada navegador:<\/p>\n<p>\u2013\u00a0Google Chrome<\/p>\n<p>\u2013\u00a0Mozilla Firefox<\/p>\n<p>\u2013\u00a0Internet Explorer<\/p>\n<p>\u2013\u00a0Safari para IOS (iPhone y iPad)<\/p>\n<p>\u2013\u00a0Chrome para Android<\/p>\n<p>\u2013 Uns altres: per a altres navegadors no referenciats, mitjan\u00e7ant la inserci\u00f3 en el navegador d&#8217;\u00fas del seu *pc\/port\u00e0til o similars, posi la seg\u00fcent frase \u201cdeshabilitar cookies + nom del navegador\u201d, tindr\u00e0 acc\u00e9s al link d&#8217;ajuda proposat a tal efecte pel propi navegador sobre aquest tema.<\/p>\n<p>En CYGYC BIOCON volem donar-li les m\u00e0ximes eines per a garantir els seus drets i el seu \u00e0mbit de privacitat en el tractament de dades associat al seu proc\u00e9s de navegaci\u00f3, i per a tal efecte posem a la seva disposici\u00f3 el seg\u00fcent email per atendre qualsevol q\u00fcesti\u00f3 o problem\u00e0tica que pugui tenir, <a href=\"mailto:info@cygycbiocon.com\">info@cygycbiocon.com<\/a> \u00a0(determini en l&#8217;assumpte Pol\u00edtica de Cookies).<\/p>\n","protected":false},"excerpt":{"rendered":"<p>1. COOKIES Les cookies i altres tecnologies similars s\u00f3n una part essencial de com funciona el present lloc web. L&#8217;objectiu [&hellip;]<\/p>\n","protected":false},"author":1,"featured_media":0,"parent":0,"menu_order":0,"comment_status":"closed","ping_status":"closed","template":"","meta":{"content-type":"","footnotes":""},"class_list":["post-716","page","type-page","status-publish","hentry"],"yoast_head":"<!-- This site is optimized with the Yoast SEO plugin v23.0 - https:\/\/yoast.com\/wordpress\/plugins\/seo\/ -->\n<title>Pol\u00edtica de cookies - CYGYC BIOCON<\/title>\n<meta name=\"robots\" content=\"index, follow, max-snippet:-1, max-image-preview:large, max-video-preview:-1\" \/>\n<link rel=\"canonical\" href=\"https:\/\/cygycbiocon.com\/ca\/politica-de-cookies\/\" \/>\n<meta property=\"og:locale\" content=\"ca_ES\" \/>\n<meta property=\"og:type\" content=\"article\" \/>\n<meta property=\"og:title\" content=\"Pol\u00edtica de cookies - CYGYC BIOCON\" \/>\n<meta property=\"og:description\" content=\"1. COOKIES Les cookies i altres tecnologies similars s\u00f3n una part essencial de com funciona el present lloc web. L&#8217;objectiu [&hellip;]\" \/>\n<meta property=\"og:url\" content=\"https:\/\/cygycbiocon.com\/ca\/politica-de-cookies\/\" \/>\n<meta property=\"og:site_name\" content=\"CYGYC BIOCON\" \/>\n<meta property=\"article:modified_time\" content=\"2024-10-14T15:43:26+00:00\" \/>\n<meta name=\"twitter:card\" content=\"summary_large_image\" \/>\n<meta name=\"twitter:label1\" content=\"Temps estimat de lectura\" \/>\n\t<meta name=\"twitter:data1\" content=\"4 minuts\" \/>\n<script type=\"application\/ld+json\" class=\"yoast-schema-graph\">{\"@context\":\"https:\/\/schema.org\",\"@graph\":[{\"@type\":\"WebPage\",\"@id\":\"https:\/\/cygycbiocon.com\/ca\/politica-de-cookies\/\",\"url\":\"https:\/\/cygycbiocon.com\/ca\/politica-de-cookies\/\",\"name\":\"Pol\u00edtica de cookies - CYGYC BIOCON\",\"isPartOf\":{\"@id\":\"https:\/\/cygycbiocon.com\/#website\"},\"datePublished\":\"2023-08-04T09:02:50+00:00\",\"dateModified\":\"2024-10-14T15:43:26+00:00\",\"breadcrumb\":{\"@id\":\"https:\/\/cygycbiocon.com\/ca\/politica-de-cookies\/#breadcrumb\"},\"inLanguage\":\"ca\",\"potentialAction\":[{\"@type\":\"ReadAction\",\"target\":[\"https:\/\/cygycbiocon.com\/ca\/politica-de-cookies\/\"]}]},{\"@type\":\"BreadcrumbList\",\"@id\":\"https:\/\/cygycbiocon.com\/ca\/politica-de-cookies\/#breadcrumb\",\"itemListElement\":[{\"@type\":\"ListItem\",\"position\":1,\"name\":\"Portada\",\"item\":\"https:\/\/cygycbiocon.com\/ca\/\"},{\"@type\":\"ListItem\",\"position\":2,\"name\":\"Pol\u00edtica de cookies\"}]},{\"@type\":\"WebSite\",\"@id\":\"https:\/\/cygycbiocon.com\/#website\",\"url\":\"https:\/\/cygycbiocon.com\/\",\"name\":\"CYGYC BIOCON\",\"description\":\"\",\"potentialAction\":[{\"@type\":\"SearchAction\",\"target\":{\"@type\":\"EntryPoint\",\"urlTemplate\":\"https:\/\/cygycbiocon.com\/?s={search_term_string}\"},\"query-input\":\"required name=search_term_string\"}],\"inLanguage\":\"ca\"}]}<\/script>\n<!-- \/ Yoast SEO plugin. -->","yoast_head_json":{"title":"Pol\u00edtica de cookies - CYGYC BIOCON","robots":{"index":"index","follow":"follow","max-snippet":"max-snippet:-1","max-image-preview":"max-image-preview:large","max-video-preview":"max-video-preview:-1"},"canonical":"https:\/\/cygycbiocon.com\/ca\/politica-de-cookies\/","og_locale":"ca_ES","og_type":"article","og_title":"Pol\u00edtica de cookies - CYGYC BIOCON","og_description":"1. COOKIES Les cookies i altres tecnologies similars s\u00f3n una part essencial de com funciona el present lloc web. L&#8217;objectiu [&hellip;]","og_url":"https:\/\/cygycbiocon.com\/ca\/politica-de-cookies\/","og_site_name":"CYGYC BIOCON","article_modified_time":"2024-10-14T15:43:26+00:00","twitter_card":"summary_large_image","twitter_misc":{"Temps estimat de lectura":"4 minuts"},"schema":{"@context":"https:\/\/schema.org","@graph":[{"@type":"WebPage","@id":"https:\/\/cygycbiocon.com\/ca\/politica-de-cookies\/","url":"https:\/\/cygycbiocon.com\/ca\/politica-de-cookies\/","name":"Pol\u00edtica de cookies - CYGYC BIOCON","isPartOf":{"@id":"https:\/\/cygycbiocon.com\/#website"},"datePublished":"2023-08-04T09:02:50+00:00","dateModified":"2024-10-14T15:43:26+00:00","breadcrumb":{"@id":"https:\/\/cygycbiocon.com\/ca\/politica-de-cookies\/#breadcrumb"},"inLanguage":"ca","potentialAction":[{"@type":"ReadAction","target":["https:\/\/cygycbiocon.com\/ca\/politica-de-cookies\/"]}]},{"@type":"BreadcrumbList","@id":"https:\/\/cygycbiocon.com\/ca\/politica-de-cookies\/#breadcrumb","itemListElement":[{"@type":"ListItem","position":1,"name":"Portada","item":"https:\/\/cygycbiocon.com\/ca\/"},{"@type":"ListItem","position":2,"name":"Pol\u00edtica de cookies"}]},{"@type":"WebSite","@id":"https:\/\/cygycbiocon.com\/#website","url":"https:\/\/cygycbiocon.com\/","name":"CYGYC BIOCON","description":"","potentialAction":[{"@type":"SearchAction","target":{"@type":"EntryPoint","urlTemplate":"https:\/\/cygycbiocon.com\/?s={search_term_string}"},"query-input":"required name=search_term_string"}],"inLanguage":"ca"}]}},"_links":{"self":[{"href":"https:\/\/cygycbiocon.com\/ca\/wp-json\/wp\/v2\/pages\/716","targetHints":{"allow":["GET"]}}],"collection":[{"href":"https:\/\/cygycbiocon.com\/ca\/wp-json\/wp\/v2\/pages"}],"about":[{"href":"https:\/\/cygycbiocon.com\/ca\/wp-json\/wp\/v2\/types\/page"}],"author":[{"embeddable":true,"href":"https:\/\/cygycbiocon.com\/ca\/wp-json\/wp\/v2\/users\/1"}],"replies":[{"embeddable":true,"href":"https:\/\/cygycbiocon.com\/ca\/wp-json\/wp\/v2\/comments?post=716"}],"version-history":[{"count":8,"href":"https:\/\/cygycbiocon.com\/ca\/wp-json\/wp\/v2\/pages\/716\/revisions"}],"predecessor-version":[{"id":1249,"href":"https:\/\/cygycbiocon.com\/ca\/wp-json\/wp\/v2\/pages\/716\/revisions\/1249"}],"wp:attachment":[{"href":"https:\/\/cygycbiocon.com\/ca\/wp-json\/wp\/v2\/media?parent=716"}],"curies":[{"name":"wp","href":"https:\/\/api.w.org\/{rel}","templated":true}]}}