{"id":100,"date":"2023-08-04T11:06:09","date_gmt":"2023-08-04T09:06:09","guid":{"rendered":"http:\/\/cygycbiocon.com\/?page_id=100"},"modified":"2024-10-14T17:35:37","modified_gmt":"2024-10-14T15:35:37","slug":"aviso-legal","status":"publish","type":"page","link":"https:\/\/cygycbiocon.com\/es\/aviso-legal\/","title":{"rendered":"Aviso Legal"},"content":{"rendered":"<h3><strong>1. OBJETO Y ACEPTACI\u00d3N<\/strong><\/h3>\n<p>El presente aviso legal regula el uso del sitio web <a href=\"https:\/\/cygycbiocon.com\">https:\/\/cygycbiocon.com<\/a> (en adelante, el sitio web), del que es propietario y titular del dominio CYGYC BIOCON, S.L., (en adelante, CYGYC BIOCON).<\/p>\n<p>La navegaci\u00f3n que usted haga le atribuye la condici\u00f3n de usuario e implica la aceptaci\u00f3n plena y sin reservas de todas y cada una de las disposiciones incluidas en este \u201caviso legal\u201d, que pueden sufrir modificaciones, quedando excluidas las cookies que deber\u00e1n ser gestionadas en el inicio del acceso al presente sitio web (a trav\u00e9s de una ventana emergente que se ha dispuesto a nivel informativo y de gesti\u00f3n de su consentimiento para su uso).<\/p>\n<p>&nbsp;<\/p>\n<h3><strong>2. IDENTIFICACI\u00d3N DEL TITULAR Y PROPIETARIO<\/strong><\/h3>\n<p>El titular y propietario del presente sitio web, en cumplimiento del art\u00edculo 10 de la Ley 34\/2002, de 11 de julio, de servicios de la sociedad de la informaci\u00f3n y de comercio electr\u00f3nico, le acerca sus datos identificativos y de contacto:<\/p>\n<ol>\n<li>Denominaci\u00f3n Social: CYGYC BIOCON, S.L<\/li>\n<li>CIF: B-67084210<\/li>\n<li>Domicilio social est\u00e1 situado Pol. Ind. Pla de Llerona, C\/ B\u00e8lgica, 5, 08520, Les Franqueses del Vall\u00e8s, Barcelona.<\/li>\n<li>Email de contacto: <a href=\"mailto:info@cygycbiocon.com\">info@cygycbiocon.com<\/a><\/li>\n<\/ol>\n<p>Todas las notificaciones y comunicaciones entre los usuarios y CYGYC BIOCON se considerar\u00e1n eficaces, a todos los efectos, cuando se realicen a trav\u00e9s de correo postal o cualquier otro medio de los recogido en los textos legales que incorporan al presente sitio web, siempre que se pueda acreditar su recepci\u00f3n o acceso.<\/p>\n<p>&nbsp;<\/p>\n<h3><strong>3. CONDICIONES DE ACCESO Y UTILIZACI\u00d3N<\/strong><\/h3>\n<p>El sitio web y sus servicios son de acceso libre y gratuito, no obstante, CYGYC BIOCON puede condicionar la utilizaci\u00f3n de algunos de los servicios ofrecidos en su web a la previa cumplimentaci\u00f3n de un formulario o procedimiento de acceso.<\/p>\n<p>El usuario garantiza la autenticidad y actualidad de todos aquellos datos que comunique a CYGYC BIOCON y ser\u00e1 el \u00fanico responsable de las manifestaciones falsas o inexactas que realice en los diferentes espacios o canales dispuestos para tal efecto (en este momento a trav\u00e9s del link \u201ccontactar\u201d).<\/p>\n<p>El usuario se compromete expresamente a hacer un uso adecuado de los contenidos de CYGYC BIOCON \u00a0y a no emplearlos para, entre otros:<\/p>\n<ol>\n<li>Introducir en la red virus inform\u00e1ticos o realizar actuaciones susceptibles de alterar, estropear, interrumpir o generar errores o da\u00f1os en los documentos electr\u00f3nicos, datos o sistemas f\u00edsicos y l\u00f3gicos de CYGYC BIOCON o de terceras personas; as\u00ed como obstaculizar el acceso de otros usuarios al sitio web y a sus servicios mediante el consumo masivo de los recursos inform\u00e1ticos a trav\u00e9s de los cuales CYGYC BIOCON \u00a0presta sus servicios.<\/li>\n<li>Intentar acceder a las cuentas de correo electr\u00f3nico de otros usuarios o a \u00e1reas restringidas de los sistemas inform\u00e1ticos de CYGYC BIOCON o de terceros y, en su caso, extraer informaci\u00f3n a trav\u00e9s de las mismas.<\/li>\n<li>Vulnerar los derechos de propiedad intelectual o industrial, as\u00ed como violar la confidencialidad de la informaci\u00f3n de CYGYC BIOCON o de terceros.<\/li>\n<li>Suplantar la identidad de otro usuario, de las administraciones p\u00fablicas o de un tercero.<\/li>\n<li>Reproducir, copiar, distribuir, poner a disposici\u00f3n de, o cualquier otra forma de comunicaci\u00f3n p\u00fablica, transformar o modificar los contenidos, a menos que se cuente con la autorizaci\u00f3n del titular de los correspondientes derechos o ello resulte legalmente permitido.<\/li>\n<li>Recabar datos con finalidad publicitaria y de remitir publicidad de cualquier clase y comunicaciones con fines de venta u otras de naturaleza comercial sin que medie su previa solicitud o consentimiento.<\/li>\n<\/ol>\n<p>Todos los contenidos del sitio web, como textos, fotograf\u00edas, gr\u00e1ficos, im\u00e1genes, iconos, tecnolog\u00eda, software, as\u00ed como su dise\u00f1o gr\u00e1fico y c\u00f3digos fuente, constituyen una obra cuya propiedad pertenece a CYGYC BIOCON, sin que puedan entenderse cedidos al usuario ninguno de los derechos de explotaci\u00f3n o de uso sobre los mismos m\u00e1s all\u00e1 de lo estrictamente necesario para el correcto uso del sitio web.<\/p>\n<p>As\u00ed pues, los usuarios que accedan a este sitio web pueden visualizar los contenidos y efectuar, en su caso, copias privadas autorizadas siempre que los elementos reproducidos no sean cedidos posteriormente a terceros, ni se instalen a servidores conectados a redes, ni sean objeto de ning\u00fan tipo de explotaci\u00f3n.<\/p>\n<p>Asimismo, todas las marcas, nombres comerciales o signos distintivos de cualquier clase que aparecen en el sitio web son propiedad de CYGYC BIOCON, sin que pueda entenderse que el uso o acceso al mismo atribuya al usuario derecho alguno sobre los mismos.<\/p>\n<p>La distribuci\u00f3n, modificaci\u00f3n, cesi\u00f3n o comunicaci\u00f3n p\u00fablica de los contenidos y cualquier otro acto que no haya sido expresamente autorizado por el titular de los derechos de explotaci\u00f3n quedan prohibidos.<\/p>\n<p>El establecimiento de un hiperenlace no implica en ning\u00fan caso la existencia de relaciones entre CYGYC BIOCON y el propietario del sitio web redireccionado, ni la aceptaci\u00f3n y aprobaci\u00f3n por parte de CYGYC BIOCON \u00a0de sus contenidos o servicios. Aquellos terceros que tengan implementado un hiperenlace o link deber\u00e1n, de forma previa, haber cursado y formalizado autorizaci\u00f3n por escrito a CYGYC BIOCON. En todo caso, la el responsable de la implementaci\u00f3n del hiperenlace deber\u00e1 abstenerse de realizar manifestaciones o indicaciones falsas, inexactas o incorrectas sobre CYGYC BIOCON, o incluir contenidos il\u00edcitos, contrarios a las buenas costumbres y al orden p\u00fablico.<\/p>\n<p>CYGYC BIOCON \u00a0no se responsabiliza del uso que el usuario realice de los contenidos puestos a disposici\u00f3n en este sitio web ni de las actuaciones que realice en base a los mismos, de forma posterior y en otros \u00e1mbitos (ajenos a CYGYC BIOCON).<\/p>\n<p>&nbsp;<\/p>\n<h3><strong>4. EXCLUSI\u00d3N DE GARANT\u00cdAS Y DE RESPONSABILIDAD<\/strong><\/h3>\n<p>El contenido del presente sitio web tiene car\u00e1cter comercial, corporativo y tiene una finalidad meramente informativa, sin que se garantice plenamente el acceso a todos los contenidos, ni su exhaustividad, correcci\u00f3n o actualidad, ni su idoneidad o utilidad para un objetivo espec\u00edfico.<\/p>\n<p>CYGYC BIOCON excluye, de acuerdo con el actual marco normativo del Estado Espa\u00f1ol, cualquier responsabilidad por los da\u00f1os y perjuicios que pudiera atribuirse, de forma directa, al presente sitio web:<\/p>\n<ul>\n<li>La imposibilidad de acceso al sitio web o la falta de veracidad, exactitud, exhaustividad y\/o actualidad de los contenidos, as\u00ed como la existencia de vicios y defectos asociada a los contenidos transmitidos, difundidos, almacenados, puestos a disposici\u00f3n, a los que se haya accedido a trav\u00e9s del sitio web o de los servicios que se ofrecen.<\/li>\n<li>La presencia de virus o de otros elementos en los contenidos que puedan producir alteraciones en los sistemas inform\u00e1ticos, documentos electr\u00f3nicos o datos de los usuarios.<\/li>\n<li>El incumplimiento de las leyes, la buena fe, el orden p\u00fablico, los usos del tr\u00e1fico y el presente aviso legal como consecuencia del uso incorrecto del sitio web. En particular, y a modo ejemplificativo, CYGYC BIOCON no se hace responsable de las actuaciones de terceros que vulneren derechos de propiedad intelectual e industrial, secretos empresariales, derechos al honor, a la intimidad personal y familiar y a la propia imagen, as\u00ed como la normativa en materia de competencia desleal y publicidad il\u00edcita. CYGYC BIOCON declina cualquier responsabilidad respecto a la informaci\u00f3n que se halle fuera de esta web y no sea gestionada directamente por nuestro webmaster.<\/li>\n<\/ul>\n<p>El presente sitio web pueden incluirse links con el objetivo de informar al usuario sobre la existencia de otras fuentes o terceros susceptibles de ampliar los contenidos que ofrece este sitio web. CYGYC BIOCON \u00a0no garantiza ni se responsabiliza del funcionamiento o accesibilidad de los sitios enlazados, ni sugiere, invita o recomienda la visita a los mismos, por lo que tampoco ser\u00e1 responsable del resultado de la navegaci\u00f3n del usuario.<\/p>\n<p>&nbsp;<\/p>\n<h3>5. PROCEDIMIENTO EN CASO DE REALIZACI\u00d3N DE ACTIVIDADES DE CAR\u00c1CTER IL\u00cdCITO<\/h3>\n<p>En el caso de que cualquier usuario o un tercero considere que existen hechos o circunstancias que revelen el car\u00e1cter il\u00edcito de la utilizaci\u00f3n de cualquier contenido y\/o de la realizaci\u00f3n de cualquier actividad en las p\u00e1ginas web incluidas o accesibles a trav\u00e9s del sitio web, deber\u00e1 enviar una notificaci\u00f3n al <a href=\"https:\/\/canaldenuncias.qualitylegalservice.com\/ca\/c\/cygyc-biocon\">canal interno<\/a> CYGYC BIOCON especificando las supuestas infracciones y declarando expresamente y bajo su responsabilidad que la informaci\u00f3n proporcionada en la notificaci\u00f3n es exacta.<\/p>\n<p>A este respecto, establecer que CYGYC BIOCON ha implementado un canal de denuncias interno, de acuerdo con lo determinado en la Ley 2\/2023 de Protecci\u00f3n al Informante, que puede encontrar en el <a href=\"https:\/\/canaldenuncias.qualitylegalservice.com\/ca\/c\/cygyc-biocon\">pie de la home<\/a> del presente sitio web.<\/p>\n<p>Para toda cuesti\u00f3n litigiosa que incumba al sitio web de CYGYC BIOCON ser\u00e1 de aplicaci\u00f3n la legislaci\u00f3n espa\u00f1ola, y circunscrita a la competencia jurisdiccional de la cuidad de Barcelona.<\/p>\n<p>Establecer que usted, tambi\u00e9n puede dirigirse a un canal externo, que de acuerdo con la sede social se circunscribe a la \u201c<a href=\"https:\/\/www.antifrau.cat\/es\/investigacion\/denuncia.html\">Oficina Antifrau de Catalunya<\/a>\u201d.<\/p>\n<p><strong>\u00a0<\/strong><\/p>\n<h3><strong>6. PUBLICACIONES<\/strong><\/h3>\n<p>La informaci\u00f3n administrativa facilitada a trav\u00e9s del sitio web est\u00e1 sujeta a las leyes, normativas, planes, disposiciones generales y actos que tengan que ser publicados formalmente a los diarios oficiales de las administraciones p\u00fablicas competentes, que constituyen el \u00fanico instrumento que da fe de su autenticidad y contenido. La informaci\u00f3n disponible en este sitio web debe entenderse como una gu\u00eda sin prop\u00f3sito de validez legal.<\/p>\n<p>&nbsp;<\/p>\n<h3><strong>7. POLITICA DE PRIVACIDAD<\/strong><\/h3>\n<p>Aplica lo determinado en el link, ubicado en el pie de la home del presente sitio web, denominado \u201cpol\u00edtica de privacidad\u201d.<\/p>\n<p>&nbsp;<\/p>\n<h3><strong>8. POLITICA DE COOKIES<\/strong><\/h3>\n<p>Aplica lo determinado en el link, ubicado en la home de la presente web, denominado \u201cpol\u00edtica de cookies\u201d, sujeta a lo determinado en la ventana emergente y a la gesti\u00f3n que de las cookies usted establezca en el primer acceso al presente sitio web (gestor de cookies o customizador).<\/p>\n","protected":false},"excerpt":{"rendered":"<p>1. OBJETO Y ACEPTACI\u00d3N El presente aviso legal regula el uso del sitio web https:\/\/cygycbiocon.com (en adelante, el sitio web), [&hellip;]<\/p>\n","protected":false},"author":1,"featured_media":0,"parent":0,"menu_order":0,"comment_status":"closed","ping_status":"closed","template":"","meta":{"content-type":"","footnotes":""},"class_list":["post-100","page","type-page","status-publish","hentry"],"yoast_head":"<!-- This site is optimized with the Yoast SEO plugin v23.0 - https:\/\/yoast.com\/wordpress\/plugins\/seo\/ -->\n<title>Aviso Legal - CYGYC BIOCON<\/title>\n<meta name=\"robots\" content=\"index, follow, max-snippet:-1, max-image-preview:large, max-video-preview:-1\" \/>\n<link rel=\"canonical\" href=\"https:\/\/cygycbiocon.com\/es\/aviso-legal\/\" \/>\n<meta property=\"og:locale\" content=\"es_ES\" \/>\n<meta property=\"og:type\" content=\"article\" \/>\n<meta property=\"og:title\" content=\"Aviso Legal - CYGYC BIOCON\" \/>\n<meta property=\"og:description\" content=\"1. OBJETO Y ACEPTACI\u00d3N El presente aviso legal regula el uso del sitio web https:\/\/cygycbiocon.com (en adelante, el sitio web), [&hellip;]\" \/>\n<meta property=\"og:url\" content=\"https:\/\/cygycbiocon.com\/es\/aviso-legal\/\" \/>\n<meta property=\"og:site_name\" content=\"CYGYC BIOCON\" \/>\n<meta property=\"article:modified_time\" content=\"2024-10-14T15:35:37+00:00\" \/>\n<meta name=\"twitter:card\" content=\"summary_large_image\" \/>\n<meta name=\"twitter:label1\" content=\"Tiempo de lectura\" \/>\n\t<meta name=\"twitter:data1\" content=\"8 minutos\" \/>\n<script type=\"application\/ld+json\" class=\"yoast-schema-graph\">{\"@context\":\"https:\/\/schema.org\",\"@graph\":[{\"@type\":\"WebPage\",\"@id\":\"https:\/\/cygycbiocon.com\/es\/aviso-legal\/\",\"url\":\"https:\/\/cygycbiocon.com\/es\/aviso-legal\/\",\"name\":\"Aviso Legal - CYGYC BIOCON\",\"isPartOf\":{\"@id\":\"https:\/\/cygycbiocon.com\/#website\"},\"datePublished\":\"2023-08-04T09:06:09+00:00\",\"dateModified\":\"2024-10-14T15:35:37+00:00\",\"breadcrumb\":{\"@id\":\"https:\/\/cygycbiocon.com\/es\/aviso-legal\/#breadcrumb\"},\"inLanguage\":\"es\",\"potentialAction\":[{\"@type\":\"ReadAction\",\"target\":[\"https:\/\/cygycbiocon.com\/es\/aviso-legal\/\"]}]},{\"@type\":\"BreadcrumbList\",\"@id\":\"https:\/\/cygycbiocon.com\/es\/aviso-legal\/#breadcrumb\",\"itemListElement\":[{\"@type\":\"ListItem\",\"position\":1,\"name\":\"Portada\",\"item\":\"https:\/\/cygycbiocon.com\/es\/\"},{\"@type\":\"ListItem\",\"position\":2,\"name\":\"Aviso Legal\"}]},{\"@type\":\"WebSite\",\"@id\":\"https:\/\/cygycbiocon.com\/#website\",\"url\":\"https:\/\/cygycbiocon.com\/\",\"name\":\"CYGYC BIOCON\",\"description\":\"\",\"potentialAction\":[{\"@type\":\"SearchAction\",\"target\":{\"@type\":\"EntryPoint\",\"urlTemplate\":\"https:\/\/cygycbiocon.com\/?s={search_term_string}\"},\"query-input\":\"required name=search_term_string\"}],\"inLanguage\":\"es\"}]}<\/script>\n<!-- \/ Yoast SEO plugin. -->","yoast_head_json":{"title":"Aviso Legal - CYGYC BIOCON","robots":{"index":"index","follow":"follow","max-snippet":"max-snippet:-1","max-image-preview":"max-image-preview:large","max-video-preview":"max-video-preview:-1"},"canonical":"https:\/\/cygycbiocon.com\/es\/aviso-legal\/","og_locale":"es_ES","og_type":"article","og_title":"Aviso Legal - CYGYC BIOCON","og_description":"1. OBJETO Y ACEPTACI\u00d3N El presente aviso legal regula el uso del sitio web https:\/\/cygycbiocon.com (en adelante, el sitio web), [&hellip;]","og_url":"https:\/\/cygycbiocon.com\/es\/aviso-legal\/","og_site_name":"CYGYC BIOCON","article_modified_time":"2024-10-14T15:35:37+00:00","twitter_card":"summary_large_image","twitter_misc":{"Tiempo de lectura":"8 minutos"},"schema":{"@context":"https:\/\/schema.org","@graph":[{"@type":"WebPage","@id":"https:\/\/cygycbiocon.com\/es\/aviso-legal\/","url":"https:\/\/cygycbiocon.com\/es\/aviso-legal\/","name":"Aviso Legal - CYGYC BIOCON","isPartOf":{"@id":"https:\/\/cygycbiocon.com\/#website"},"datePublished":"2023-08-04T09:06:09+00:00","dateModified":"2024-10-14T15:35:37+00:00","breadcrumb":{"@id":"https:\/\/cygycbiocon.com\/es\/aviso-legal\/#breadcrumb"},"inLanguage":"es","potentialAction":[{"@type":"ReadAction","target":["https:\/\/cygycbiocon.com\/es\/aviso-legal\/"]}]},{"@type":"BreadcrumbList","@id":"https:\/\/cygycbiocon.com\/es\/aviso-legal\/#breadcrumb","itemListElement":[{"@type":"ListItem","position":1,"name":"Portada","item":"https:\/\/cygycbiocon.com\/es\/"},{"@type":"ListItem","position":2,"name":"Aviso Legal"}]},{"@type":"WebSite","@id":"https:\/\/cygycbiocon.com\/#website","url":"https:\/\/cygycbiocon.com\/","name":"CYGYC BIOCON","description":"","potentialAction":[{"@type":"SearchAction","target":{"@type":"EntryPoint","urlTemplate":"https:\/\/cygycbiocon.com\/?s={search_term_string}"},"query-input":"required name=search_term_string"}],"inLanguage":"es"}]}},"_links":{"self":[{"href":"https:\/\/cygycbiocon.com\/es\/wp-json\/wp\/v2\/pages\/100","targetHints":{"allow":["GET"]}}],"collection":[{"href":"https:\/\/cygycbiocon.com\/es\/wp-json\/wp\/v2\/pages"}],"about":[{"href":"https:\/\/cygycbiocon.com\/es\/wp-json\/wp\/v2\/types\/page"}],"author":[{"embeddable":true,"href":"https:\/\/cygycbiocon.com\/es\/wp-json\/wp\/v2\/users\/1"}],"replies":[{"embeddable":true,"href":"https:\/\/cygycbiocon.com\/es\/wp-json\/wp\/v2\/comments?post=100"}],"version-history":[{"count":11,"href":"https:\/\/cygycbiocon.com\/es\/wp-json\/wp\/v2\/pages\/100\/revisions"}],"predecessor-version":[{"id":1245,"href":"https:\/\/cygycbiocon.com\/es\/wp-json\/wp\/v2\/pages\/100\/revisions\/1245"}],"wp:attachment":[{"href":"https:\/\/cygycbiocon.com\/es\/wp-json\/wp\/v2\/media?parent=100"}],"curies":[{"name":"wp","href":"https:\/\/api.w.org\/{rel}","templated":true}]}}