{"id":13,"date":"2023-07-31T14:18:55","date_gmt":"2023-07-31T12:18:55","guid":{"rendered":"http:\/\/cygycbiocon.com\/?page_id=13"},"modified":"2023-08-31T12:43:08","modified_gmt":"2023-08-31T10:43:08","slug":"responsabilidad","status":"publish","type":"page","link":"https:\/\/cygycbiocon.com\/es\/responsabilidad\/","title":{"rendered":"Responsabilidad"},"content":{"rendered":"<section class=\"wpb-content-wrapper\"><p>[vc_row unlock_row_content=\u00bbyes\u00bb row_height_percent=\u00bb0&#8243; override_padding=\u00bbyes\u00bb h_padding=\u00bb0&#8243; top_padding=\u00bb4&#8243; bottom_padding=\u00bb4&#8243; overlay_alpha=\u00bb100&#8243; gutter_size=\u00bb3&#8243; column_width_percent=\u00bb100&#8243; shift_y=\u00bb0&#8243; z_index=\u00bb0&#8243; uncode_shortcode_id=\u00bb186362&#8243; back_color_type=\u00bbuncode-gradient\u00bb overlay_color_type=\u00bbuncode-gradient\u00bb overlay_color_gradient=\u00bb{\u00abcss\u00ab:\u00abbackground: radial-gradient(circle at left bottom , rgb(27, 46, 125) , rgba(255, 255, 255, 0) 51%);\u00ab,\u00absliders\u00ab:`{`{\u00abcolor\u00ab:\u00abrgb(27, 46, 125)\u00ab,\u00abposition\u00ab:0},{\u00abcolor\u00ab:\u00abrgba(255, 255, 255, 0)\u00ab,\u00abposition\u00ab:51}`}`,\u00abtype\u00ab:\u00abcircle\u00ab,\u00abdirection\u00ab:\u00ableft bottom\u00ab}\u00bb back_color_gradient=\u00bb{\u00abcss\u00ab:\u00abbackground: linear-gradient(to right , rgb(0, 58, 45) , rgb(0, 205, 181) 71%);\u00ab,\u00absliders\u00ab:`{`{\u00abcolor\u00ab:\u00abrgb(0, 58, 45)\u00ab,\u00abposition\u00ab:0},{\u00abcolor\u00ab:\u00abrgb(0, 205, 181)\u00ab,\u00abposition\u00ab:71}`}`,\u00abtype\u00ab:\u00ablinear\u00ab,\u00abdirection\u00ab:\u00ableft\u00ab}\u00bb][vc_column column_width_percent=\u00bb100&#8243; gutter_size=\u00bb3&#8243; style=\u00bbdark\u00bb overlay_alpha=\u00bb50&#8243; shift_x=\u00bb0&#8243; shift_y=\u00bb0&#8243; shift_y_down=\u00bb0&#8243; z_index=\u00bb0&#8243; medium_width=\u00bb0&#8243; mobile_width=\u00bb0&#8243; width=\u00bb1\/1&#8243; uncode_shortcode_id=\u00bb202003&#8243;][vc_row_inner row_inner_height_percent=\u00bb0&#8243; overlay_alpha=\u00bb50&#8243; gutter_size=\u00bb3&#8243; shift_y=\u00bb0&#8243; z_index=\u00bb1&#8243; uncode_shortcode_id=\u00bb879508&#8243; css=\u00bb.vc_custom_1693313549398{border-right-width: 36px !important;padding-left: 36px !important;}\u00bb][vc_column_inner column_width_percent=\u00bb100&#8243; gutter_size=\u00bb3&#8243; style=\u00bbdark\u00bb overlay_alpha=\u00bb50&#8243; shift_x=\u00bb0&#8243; shift_y=\u00bb0&#8243; shift_y_down=\u00bb0&#8243; z_index=\u00bb0&#8243; medium_width=\u00bb0&#8243; mobile_width=\u00bb0&#8243; width=\u00bb1\/2&#8243; uncode_shortcode_id=\u00bb151922&#8243;][vc_custom_heading heading_semantic=\u00bbh6&#8243; text_size=\u00bb\u00bb text_weight=\u00bb400&#8243; text_transform=\u00bbcapitalize\u00bb uncode_shortcode_id=\u00bb139630&#8243;]Responsabilidad[\/vc_custom_heading][vc_custom_heading heading_semantic=\u00bbh1&#8243; separator=\u00bbyes\u00bb css_animation=\u00bbcurtain-words\u00bb uncode_shortcode_id=\u00bb108403&#8243; el_class=\u00bbmt-sm\u00bb]Triple impacto: ambiental, social y\u00a0econ\u00f3mico[\/vc_custom_heading][\/vc_column_inner][vc_column_inner width=\u00bb1\/2&#8243;][\/vc_column_inner][\/vc_row_inner][vc_row_inner row_inner_height_percent=\u00bb0&#8243; overlay_alpha=\u00bb50&#8243; gutter_size=\u00bb3&#8243; shift_y=\u00bb0&#8243; z_index=\u00bb0&#8243; uncode_shortcode_id=\u00bb127820&#8243;][vc_column_inner width=\u00bb4\/12&#8243;][\/vc_column_inner][vc_column_inner column_width_percent=\u00bb100&#8243; gutter_size=\u00bb3&#8243; overlay_alpha=\u00bb50&#8243; shift_x=\u00bb0&#8243; shift_y=\u00bb-5&#8243; shift_y_down=\u00bb0&#8243; z_index=\u00bb0&#8243; medium_width=\u00bb0&#8243; mobile_width=\u00bb0&#8243; parallax_intensity=\u00bb3&#8243; parallax_centered=\u00bbyes\u00bb width=\u00bb8\/12&#8243; uncode_shortcode_id=\u00bb880061&#8243;][vc_single_image media=\u00bb327&#8243; media_width_percent=\u00bb100&#8243; uncode_shortcode_id=\u00bb139361&#8243;][\/vc_column_inner][\/vc_row_inner][vc_row_inner row_inner_height_percent=\u00bb0&#8243; overlay_alpha=\u00bb50&#8243; equal_height=\u00bbyes\u00bb gutter_size=\u00bb3&#8243; shift_y=\u00bb0&#8243; z_index=\u00bb0&#8243; uncode_shortcode_id=\u00bb160125&#8243; css=\u00bb.vc_custom_1693388043886{border-right-width: 36px !important;padding-left: 0px !important;}\u00bb][vc_column_inner column_width_percent=\u00bb100&#8243; position_vertical=\u00bbmiddle\u00bb gutter_size=\u00bb3&#8243; override_padding=\u00bbyes\u00bb column_padding=\u00bb0&#8243; overlay_alpha=\u00bb50&#8243; border_color=\u00bbcolor-xsdn\u00bb border_style=\u00bbsolid\u00bb shift_x=\u00bb0&#8243; shift_y=\u00bb0&#8243; shift_y_down=\u00bb0&#8243; z_index=\u00bb0&#8243; medium_width=\u00bb0&#8243; mobile_visibility=\u00bbyes\u00bb mobile_width=\u00bb0&#8243; css_animation=\u00bbleft-t-right\u00bb width=\u00bb2\/12&#8243; uncode_shortcode_id=\u00bb583895&#8243; css=\u00bb.vc_custom_1693389756277{border-right-width: 1px !important;}\u00bb border_color_type=\u00bbuncode-palette\u00bb][vc_separator sep_color=\u00bbcolor-xsdn\u00bb uncode_shortcode_id=\u00bb321147&#8243; sep_color_type=\u00bbuncode-palette\u00bb el_class=\u00bbmb-0&#8243;][\/vc_column_inner][vc_column_inner column_width_percent=\u00bb100&#8243; gutter_size=\u00bb3&#8243; style=\u00bbdark\u00bb overlay_alpha=\u00bb50&#8243; shift_x=\u00bb0&#8243; shift_y=\u00bb0&#8243; shift_y_down=\u00bb0&#8243; z_index=\u00bb0&#8243; medium_width=\u00bb0&#8243; mobile_width=\u00bb0&#8243; width=\u00bb9\/12&#8243; uncode_shortcode_id=\u00bb602806&#8243; el_class=\u00bbmobile-x-padding\u00bb][vc_custom_heading heading_semantic=\u00bbh3&#8243; text_size=\u00bbh3&#8243; uncode_shortcode_id=\u00bb467069&#8243;]Valoramos profundamente la importancia de ser conscientes del impacto que generamos en el mundo. Reconocemos que nuestras acciones tienen repercusiones en el entorno social, econ\u00f3mico y ambiental, y por ello asumimos la responsabilidad de tomar medidas que contribuyan a un futuro sostenible.[\/vc_custom_heading][\/vc_column_inner][vc_column_inner width=\u00bb1\/12&#8243;][\/vc_column_inner][\/vc_row_inner][\/vc_column][\/vc_row][vc_row unlock_row_content=\u00bbyes\u00bb row_height_percent=\u00bb0&#8243; override_padding=\u00bbyes\u00bb h_padding=\u00bb0&#8243; top_padding=\u00bb0&#8243; bottom_padding=\u00bb2&#8243; overlay_alpha=\u00bb50&#8243; gutter_size=\u00bb3&#8243; column_width_percent=\u00bb100&#8243; shift_y=\u00bb0&#8243; z_index=\u00bb0&#8243; uncode_shortcode_id=\u00bb511418&#8243;][vc_column column_width_percent=\u00bb100&#8243; gutter_size=\u00bb3&#8243; overlay_alpha=\u00bb50&#8243; shift_x=\u00bb0&#8243; shift_y=\u00bb0&#8243; shift_y_down=\u00bb0&#8243; z_index=\u00bb0&#8243; medium_width=\u00bb0&#8243; mobile_visibility=\u00bbyes\u00bb mobile_width=\u00bb0&#8243; width=\u00bb2\/12&#8243; uncode_shortcode_id=\u00bb142846&#8243;][\/vc_column][vc_column column_width_percent=\u00bb100&#8243; gutter_size=\u00bb3&#8243; overlay_alpha=\u00bb50&#8243; shift_x=\u00bb0&#8243; shift_y=\u00bb0&#8243; shift_y_down=\u00bb0&#8243; z_index=\u00bb0&#8243; medium_width=\u00bb0&#8243; mobile_width=\u00bb0&#8243; width=\u00bb4\/12&#8243; uncode_shortcode_id=\u00bb201307&#8243; el_class=\u00bbmobile-x-padding\u00bb][vc_empty_space empty_h=\u00bb3&#8243;][vc_custom_heading heading_semantic=\u00bbh3&#8243; text_size=\u00bbh4&#8243; text_weight=\u00bb700&#8243; separator=\u00bbyes\u00bb separator_color=\u00bbyes\u00bb uncode_shortcode_id=\u00bb189920&#8243;]Exploramos soluciones innovadoras y sostenibles[\/vc_custom_heading][vc_column_text uncode_shortcode_id=\u00bb181505&#8243;]Nos comprometemos activamente a integrar pr\u00e1cticas y pol\u00edticas que promuevan la sostenibilidad en todas las facetas de nuestro negocio. Desde la gesti\u00f3n de nuestros recursos hasta la toma de decisiones estrat\u00e9gicas, consideramos cuidadosamente el impacto que estas acciones pueden tener en el medio ambiente, en las comunidades en las que operamos y en la sociedad en general.<\/p>\n<p>Esto implica adoptar enfoques innovadores y eficientes para minimizar nuestra huella ecol\u00f3gica, fomentar la igualdad y diversidad en nuestro entorno laboral, apoyar proyectos y causas sociales relevantes, y colaborar con socios y proveedores comprometidos con los mismos valores de sostenibilidad.[\/vc_column_text][\/vc_column][vc_column width=\u00bb6\/12&#8243;][vc_single_image media=\u00bb330&#8243; media_width_percent=\u00bb100&#8243; advanced=\u00bbyes\u00bb media_overlay_color=\u00bbcolor-849012&#8243; media_overlay_coloration=\u00bbtop_gradient\u00bb media_overlay_opacity=\u00bb50&#8243; media_overlay_visible=\u00bbyes\u00bb media_padding=\u00bb2&#8243; css_animation=\u00bbalpha-anim\u00bb animation_speed=\u00bb600&#8243; animation_delay=\u00bb400&#8243; uncode_shortcode_id=\u00bb128525&#8243; media_overlay_color_type=\u00bbuncode-palette\u00bb][vc_row_inner row_inner_height_percent=\u00bb0&#8243; overlay_alpha=\u00bb50&#8243; gutter_size=\u00bb3&#8243; shift_y=\u00bb0&#8243; z_index=\u00bb0&#8243; uncode_shortcode_id=\u00bb189930&#8243; css=\u00bb.vc_custom_1693389942203{padding-right: 36px !important;}\u00bb el_class=\u00bbmobile-x-padding\u00bb][vc_column_inner width=\u00bb1\/2&#8243;][vc_column_text uncode_shortcode_id=\u00bb695904&#8243;]Creemos firmemente que al asumir esta responsabilidad y actuar de manera consciente, podemos marcar una diferencia positiva y contribuir a la construcci\u00f3n de un futuro m\u00e1s equilibrado y sostenible para las generaciones presentes y futuras.[\/vc_column_text][\/vc_column_inner][vc_column_inner width=\u00bb1\/2&#8243;][\/vc_column_inner][\/vc_row_inner][\/vc_column][\/vc_row][vc_row row_height_percent=\u00bb0&#8243; override_padding=\u00bbyes\u00bb h_padding=\u00bb2&#8243; top_padding=\u00bb4&#8243; bottom_padding=\u00bb4&#8243; overlay_alpha=\u00bb50&#8243; gutter_size=\u00bb3&#8243; column_width_percent=\u00bb100&#8243; shift_y=\u00bb0&#8243; z_index=\u00bb0&#8243; uncode_shortcode_id=\u00bb196981&#8243;][vc_column width=\u00bb1\/1&#8243;][vc_tabs tab_scrolling=\u00bbyes\u00bb animation_active=\u00bbyes\u00bb typography=\u00bbadvanced\u00bb border_100=\u00bbyes\u00bb titles_font=\u00bbfont-555555&#8243; titles_weight=\u00bb600&#8243; titles_transform=\u00bbcapitalize\u00bb uncode_shortcode_id=\u00bb327715&#8243;][vc_tab gutter_size=\u00bb2&#8243; column_padding=\u00bb2&#8243; title=\u00bbResponsabilidad medioambiental\u00bb tab_id=\u00bb1693393068-1-74&#8243;][vc_row_inner row_inner_height_percent=\u00bb0&#8243; overlay_alpha=\u00bb50&#8243; gutter_size=\u00bb3&#8243; shift_y=\u00bb0&#8243; z_index=\u00bb0&#8243; uncode_shortcode_id=\u00bb129996&#8243;][vc_column_inner width=\u00bb3\/12&#8243;][vc_custom_heading heading_semantic=\u00bbh3&#8243; text_size=\u00bbh4&#8243; text_weight=\u00bb600&#8243; desktop_visibility=\u00bbyes\u00bb medium_visibility=\u00bbyes\u00bb uncode_shortcode_id=\u00bb608536&#8243; el_class=\u00bbmb-md\u00bb]Responsabilidad medioambiental[\/vc_custom_heading][vc_column_text uncode_shortcode_id=\u00bb755228&#8243;]Hemos implementado medidas sostenibles para minimizar el impacto ambiental en todas las operaciones. Se ha trabajado en la optimizaci\u00f3n de procesos, el uso responsable de los recursos naturales y la implementaci\u00f3n de tecnolog\u00edas y pr\u00e1cticas de producci\u00f3n m\u00e1s limpias.<\/p>\n<p>La empresa cuenta con certificaciones medioambientales y se esfuerza por mejorar continuamente para reducir a\u00fan m\u00e1s su impacto ambiental.[\/vc_column_text][\/vc_column_inner][vc_column_inner width=\u00bb6\/12&#8243;][vc_single_image media=\u00bb334&#8243; media_width_percent=\u00bb100&#8243; uncode_shortcode_id=\u00bb645133&#8243;][\/vc_column_inner][vc_column_inner width=\u00bb3\/12&#8243;][vc_column_text text_lead=\u00bbyes\u00bb uncode_shortcode_id=\u00bb163736&#8243;]Comprometidos en proteger y preservar nuestro planeta[\/vc_column_text][\/vc_column_inner][\/vc_row_inner][\/vc_tab][vc_tab gutter_size=\u00bb2&#8243; column_padding=\u00bb2&#8243; title=\u00bbResponsabilidad social\u00bb tab_id=\u00bb1693393068-2-64&#8243;][vc_row_inner][vc_column_inner width=\u00bb3\/12&#8243;][vc_custom_heading heading_semantic=\u00bbh3&#8243; text_size=\u00bbh4&#8243; text_weight=\u00bb600&#8243; desktop_visibility=\u00bbyes\u00bb medium_visibility=\u00bbyes\u00bb uncode_shortcode_id=\u00bb283880&#8243; el_class=\u00bbmb-md\u00bb]Responsabilidad social[\/vc_custom_heading][\/vc_column_inner][vc_column_inner width=\u00bb6\/12&#8243;][vc_single_image media=\u00bb335&#8243; media_width_percent=\u00bb100&#8243; uncode_shortcode_id=\u00bb937345&#8243;][\/vc_column_inner][vc_column_inner width=\u00bb3\/12&#8243;][vc_column_text text_lead=\u00bbyes\u00bb uncode_shortcode_id=\u00bb130866&#8243;]Nos esforzamos por contribuir al bienestar y desarrollo de la comunidad[\/vc_column_text][vc_empty_space empty_h=\u00bb3&#8243; mobile_visibility=\u00bbyes\u00bb][vc_column_text uncode_shortcode_id=\u00bb304151&#8243;]Contribuimos al bienestar y desarrollo de la comunidad que nos rodea. Estamos comprometidos con la mejora de la calidad de vida de las personas, promoviendo la equidad, la igualdad de oportunidades y el desarrollo sostenible. Creemos en el poder de ser agentes de cambio positivo y trabajamos para construir un futuro mejor para todos.[\/vc_column_text][\/vc_column_inner][\/vc_row_inner][\/vc_tab][vc_tab gutter_size=\u00bb2&#8243; column_padding=\u00bb2&#8243; title=\u00bbResponsabilidad econ\u00f3mica\u00bb tab_id=\u00bb1693393770162-2-3&#8243;][vc_row_inner][vc_column_inner width=\u00bb3\/12&#8243;][vc_custom_heading heading_semantic=\u00bbh3&#8243; text_size=\u00bbh4&#8243; text_weight=\u00bb600&#8243; desktop_visibility=\u00bbyes\u00bb medium_visibility=\u00bbyes\u00bb uncode_shortcode_id=\u00bb142608&#8243; el_class=\u00bbmb-md\u00bb]Responsabilidad econ\u00f3mica[\/vc_custom_heading][vc_column_text text_lead=\u00bbyes\u00bb uncode_shortcode_id=\u00bb203555&#8243;]Mantenemos una conducta financiera \u00edntegra y transparente[\/vc_column_text][vc_empty_space empty_h=\u00bb3&#8243; mobile_visibility=\u00bbyes\u00bb][vc_column_text uncode_shortcode_id=\u00bb109357&#8243;]Cumplimos con los m\u00e1s altos est\u00e1ndares de \u00e9tica y cumplimiento legal, y nos empe\u00f1amos por comunicarnos de manera clara y abierta en todas nuestras actividades financieras. Valoramos la confianza depositada en nosotros y trabajamos para mantenerla a trav\u00e9s de una gesti\u00f3n financiera responsable y transparente.[\/vc_column_text][\/vc_column_inner][vc_column_inner width=\u00bb6\/12&#8243;][vc_single_image media=\u00bb333&#8243; media_width_percent=\u00bb100&#8243; uncode_shortcode_id=\u00bb780677&#8243;][\/vc_column_inner][vc_column_inner width=\u00bb3\/12&#8243;][\/vc_column_inner][\/vc_row_inner][\/vc_tab][\/vc_tabs][\/vc_column][\/vc_row]<\/p>\n<\/section>","protected":false},"excerpt":{"rendered":"<p>[vc_row unlock_row_content=\u00bbyes\u00bb row_height_percent=\u00bb0&#8243; override_padding=\u00bbyes\u00bb h_padding=\u00bb0&#8243; top_padding=\u00bb4&#8243; bottom_padding=\u00bb4&#8243; overlay_alpha=\u00bb100&#8243; gutter_size=\u00bb3&#8243; column_width_percent=\u00bb100&#8243; shift_y=\u00bb0&#8243; z_index=\u00bb0&#8243; uncode_shortcode_id=\u00bb186362&#8243; back_color_type=\u00bbuncode-gradient\u00bb overlay_color_type=\u00bbuncode-gradient\u00bb overlay_color_gradient=\u00bb{\u00abcss\u00ab:\u00abbackground: radial-gradient(circle at left bottom [&hellip;]<\/p>\n","protected":false},"author":1,"featured_media":0,"parent":0,"menu_order":0,"comment_status":"closed","ping_status":"closed","template":"","meta":{"content-type":"","footnotes":""},"class_list":["post-13","page","type-page","status-publish","hentry"],"yoast_head":"<!-- This site is optimized with the Yoast SEO plugin v23.0 - https:\/\/yoast.com\/wordpress\/plugins\/seo\/ -->\n<title>Responsabilidad - CYGYC BIOCON<\/title>\n<meta name=\"robots\" content=\"index, follow, max-snippet:-1, max-image-preview:large, max-video-preview:-1\" \/>\n<link rel=\"canonical\" href=\"https:\/\/cygycbiocon.com\/responsibility\/\" \/>\n<meta property=\"og:locale\" content=\"es_ES\" \/>\n<meta property=\"og:type\" content=\"article\" \/>\n<meta property=\"og:title\" content=\"Responsabilidad - CYGYC BIOCON\" \/>\n<meta property=\"og:description\" content=\"[vc_row unlock_row_content=\u00bbyes\u00bb row_height_percent=\u00bb0&#8243; override_padding=\u00bbyes\u00bb h_padding=\u00bb0&#8243; top_padding=\u00bb4&#8243; bottom_padding=\u00bb4&#8243; overlay_alpha=\u00bb100&#8243; gutter_size=\u00bb3&#8243; column_width_percent=\u00bb100&#8243; shift_y=\u00bb0&#8243; z_index=\u00bb0&#8243; uncode_shortcode_id=\u00bb186362&#8243; back_color_type=\u00bbuncode-gradient\u00bb overlay_color_type=\u00bbuncode-gradient\u00bb overlay_color_gradient=\u00bb{\u00abcss\u00ab:\u00abbackground: radial-gradient(circle at left bottom [&hellip;]\" \/>\n<meta property=\"og:url\" content=\"https:\/\/cygycbiocon.com\/responsibility\/\" \/>\n<meta property=\"og:site_name\" content=\"CYGYC BIOCON\" \/>\n<meta property=\"article:modified_time\" content=\"2023-08-31T10:43:08+00:00\" \/>\n<meta name=\"twitter:card\" content=\"summary_large_image\" \/>\n<meta name=\"twitter:label1\" content=\"Tiempo de lectura\" \/>\n\t<meta name=\"twitter:data1\" content=\"7 minutos\" \/>\n<script type=\"application\/ld+json\" class=\"yoast-schema-graph\">{\"@context\":\"https:\/\/schema.org\",\"@graph\":[{\"@type\":\"WebPage\",\"@id\":\"https:\/\/cygycbiocon.com\/responsibility\/\",\"url\":\"https:\/\/cygycbiocon.com\/responsibility\/\",\"name\":\"Responsabilidad - CYGYC BIOCON\",\"isPartOf\":{\"@id\":\"https:\/\/cygycbiocon.com\/#website\"},\"datePublished\":\"2023-07-31T12:18:55+00:00\",\"dateModified\":\"2023-08-31T10:43:08+00:00\",\"breadcrumb\":{\"@id\":\"https:\/\/cygycbiocon.com\/responsibility\/#breadcrumb\"},\"inLanguage\":\"es\",\"potentialAction\":[{\"@type\":\"ReadAction\",\"target\":[\"https:\/\/cygycbiocon.com\/responsibility\/\"]}]},{\"@type\":\"BreadcrumbList\",\"@id\":\"https:\/\/cygycbiocon.com\/responsibility\/#breadcrumb\",\"itemListElement\":[{\"@type\":\"ListItem\",\"position\":1,\"name\":\"Portada\",\"item\":\"https:\/\/cygycbiocon.com\/es\/\"},{\"@type\":\"ListItem\",\"position\":2,\"name\":\"Responsabilidad\"}]},{\"@type\":\"WebSite\",\"@id\":\"https:\/\/cygycbiocon.com\/#website\",\"url\":\"https:\/\/cygycbiocon.com\/\",\"name\":\"CYGYC BIOCON\",\"description\":\"\",\"potentialAction\":[{\"@type\":\"SearchAction\",\"target\":{\"@type\":\"EntryPoint\",\"urlTemplate\":\"https:\/\/cygycbiocon.com\/?s={search_term_string}\"},\"query-input\":\"required name=search_term_string\"}],\"inLanguage\":\"es\"}]}<\/script>\n<!-- \/ Yoast SEO plugin. -->","yoast_head_json":{"title":"Responsabilidad - CYGYC BIOCON","robots":{"index":"index","follow":"follow","max-snippet":"max-snippet:-1","max-image-preview":"max-image-preview:large","max-video-preview":"max-video-preview:-1"},"canonical":"https:\/\/cygycbiocon.com\/responsibility\/","og_locale":"es_ES","og_type":"article","og_title":"Responsabilidad - CYGYC BIOCON","og_description":"[vc_row unlock_row_content=\u00bbyes\u00bb row_height_percent=\u00bb0&#8243; override_padding=\u00bbyes\u00bb h_padding=\u00bb0&#8243; top_padding=\u00bb4&#8243; bottom_padding=\u00bb4&#8243; overlay_alpha=\u00bb100&#8243; gutter_size=\u00bb3&#8243; column_width_percent=\u00bb100&#8243; shift_y=\u00bb0&#8243; z_index=\u00bb0&#8243; uncode_shortcode_id=\u00bb186362&#8243; back_color_type=\u00bbuncode-gradient\u00bb overlay_color_type=\u00bbuncode-gradient\u00bb overlay_color_gradient=\u00bb{\u00abcss\u00ab:\u00abbackground: radial-gradient(circle at left bottom [&hellip;]","og_url":"https:\/\/cygycbiocon.com\/responsibility\/","og_site_name":"CYGYC BIOCON","article_modified_time":"2023-08-31T10:43:08+00:00","twitter_card":"summary_large_image","twitter_misc":{"Tiempo de lectura":"7 minutos"},"schema":{"@context":"https:\/\/schema.org","@graph":[{"@type":"WebPage","@id":"https:\/\/cygycbiocon.com\/responsibility\/","url":"https:\/\/cygycbiocon.com\/responsibility\/","name":"Responsabilidad - CYGYC BIOCON","isPartOf":{"@id":"https:\/\/cygycbiocon.com\/#website"},"datePublished":"2023-07-31T12:18:55+00:00","dateModified":"2023-08-31T10:43:08+00:00","breadcrumb":{"@id":"https:\/\/cygycbiocon.com\/responsibility\/#breadcrumb"},"inLanguage":"es","potentialAction":[{"@type":"ReadAction","target":["https:\/\/cygycbiocon.com\/responsibility\/"]}]},{"@type":"BreadcrumbList","@id":"https:\/\/cygycbiocon.com\/responsibility\/#breadcrumb","itemListElement":[{"@type":"ListItem","position":1,"name":"Portada","item":"https:\/\/cygycbiocon.com\/es\/"},{"@type":"ListItem","position":2,"name":"Responsabilidad"}]},{"@type":"WebSite","@id":"https:\/\/cygycbiocon.com\/#website","url":"https:\/\/cygycbiocon.com\/","name":"CYGYC BIOCON","description":"","potentialAction":[{"@type":"SearchAction","target":{"@type":"EntryPoint","urlTemplate":"https:\/\/cygycbiocon.com\/?s={search_term_string}"},"query-input":"required name=search_term_string"}],"inLanguage":"es"}]}},"_links":{"self":[{"href":"https:\/\/cygycbiocon.com\/es\/wp-json\/wp\/v2\/pages\/13","targetHints":{"allow":["GET"]}}],"collection":[{"href":"https:\/\/cygycbiocon.com\/es\/wp-json\/wp\/v2\/pages"}],"about":[{"href":"https:\/\/cygycbiocon.com\/es\/wp-json\/wp\/v2\/types\/page"}],"author":[{"embeddable":true,"href":"https:\/\/cygycbiocon.com\/es\/wp-json\/wp\/v2\/users\/1"}],"replies":[{"embeddable":true,"href":"https:\/\/cygycbiocon.com\/es\/wp-json\/wp\/v2\/comments?post=13"}],"version-history":[{"count":36,"href":"https:\/\/cygycbiocon.com\/es\/wp-json\/wp\/v2\/pages\/13\/revisions"}],"predecessor-version":[{"id":416,"href":"https:\/\/cygycbiocon.com\/es\/wp-json\/wp\/v2\/pages\/13\/revisions\/416"}],"wp:attachment":[{"href":"https:\/\/cygycbiocon.com\/es\/wp-json\/wp\/v2\/media?parent=13"}],"curies":[{"name":"wp","href":"https:\/\/api.w.org\/{rel}","templated":true}]}}