{"id":2,"date":"2023-07-31T11:53:25","date_gmt":"2023-07-31T09:53:25","guid":{"rendered":"http:\/\/cygycbiocon.com\/?page_id=2"},"modified":"2024-12-09T14:37:02","modified_gmt":"2024-12-09T13:37:02","slug":"pagina-ejemplo","status":"publish","type":"page","link":"https:\/\/cygycbiocon.com\/es\/","title":{"rendered":"CYGYC BIOCON"},"content":{"rendered":"<section class=\"wpb-content-wrapper\"><p>[vc_row unlock_row_content=\u00bbyes\u00bb row_height_percent=\u00bb0&#8243; override_padding=\u00bbyes\u00bb h_padding=\u00bb2&#8243; top_padding=\u00bb4&#8243; bottom_padding=\u00bb4&#8243; back_image=\u00bb125&#8243; back_attachment=\u00bbscroll\u00bb back_position=\u00bbleft bottom\u00bb overlay_alpha=\u00bb50&#8243; gutter_size=\u00bb3&#8243; column_width_percent=\u00bb100&#8243; shift_y=\u00bb0&#8243; z_index=\u00bb0&#8243; uncode_shortcode_id=\u00bb180003&#8243; back_size=\u00bb33%\u00bb el_class=\u00bbbg-gradient-row\u00bb][vc_column width=\u00bb1\/1&#8243;][vc_custom_heading text_size=\u00bbh6&#8243; uncode_shortcode_id=\u00bb162377&#8243;]Empresa[\/vc_custom_heading][vc_custom_heading heading_semantic=\u00bbh3&#8243; text_size=\u00bbh3&#8243; text_transform=\u00bbuppercase\u00bb uncode_shortcode_id=\u00bb176206&#8243; el_class=\u00bbmt-sm\u00bb]Grupo CYGYC BIOCON[\/vc_custom_heading][vc_row_inner row_inner_height_percent=\u00bb0&#8243; overlay_alpha=\u00bb50&#8243; gutter_size=\u00bb5&#8243; shift_y=\u00bb0&#8243; z_index=\u00bb0&#8243; uncode_shortcode_id=\u00bb777133&#8243; limit_content=\u00bb\u00bb][vc_column_inner width=\u00bb2\/12&#8243;][\/vc_column_inner][vc_column_inner width=\u00bb5\/12&#8243;][vc_column_text uncode_shortcode_id=\u00bb745189&#8243;]Desde 1970, en CYGYC BIOCON estamos comprometidos con la investigaci\u00f3n, buscando constantemente la perfecci\u00f3n de nuestros productos. Nuestra pasi\u00f3n por las enzimas y las soluciones higi\u00e9nicas industriales nos ha llevado a combinar dos \u00e1reas de especializaci\u00f3n para crear productos y servicios \u00fanicos en el mercado.<\/p>\n<p>Gracias a nuestra amplia experiencia en la producci\u00f3n de enzimas, hemos desarrollado soluciones altamente eficientes y amables con el medio ambiente. Adem\u00e1s, nuestra capacidad para entender las necesidades de la industria nos permite ofrecer soluciones innovadoras a trav\u00e9s de la biotecnolog\u00eda en m\u00faltiples sectores.[\/vc_column_text][\/vc_column_inner][vc_column_inner width=\u00bb5\/12&#8243;][vc_single_image media=\u00bb133&#8243; media_width_percent=\u00bb100&#8243; css_animation=\u00bbparallax\u00bb parallax_intensity=\u00bb3&#8243; uncode_shortcode_id=\u00bb211732&#8243;][\/vc_column_inner][\/vc_row_inner][\/vc_column][\/vc_row][vc_row unlock_row_content=\u00bbyes\u00bb row_height_percent=\u00bb0&#8243; override_padding=\u00bbyes\u00bb h_padding=\u00bb0&#8243; top_padding=\u00bb0&#8243; bottom_padding=\u00bb0&#8243; overlay_alpha=\u00bb50&#8243; equal_height=\u00bbyes\u00bb gutter_size=\u00bb0&#8243; column_width_percent=\u00bb100&#8243; shift_y=\u00bb0&#8243; z_index=\u00bb0&#8243; inverted_device_order=\u00bbyes\u00bb changer_back_color=\u00bbyes\u00bb uncode_shortcode_id=\u00bb325187&#8243;][vc_column column_width_percent=\u00bb100&#8243; gutter_size=\u00bb3&#8243; override_padding=\u00bbyes\u00bb column_padding=\u00bb3&#8243; style=\u00bbdark\u00bb back_color=\u00bbcolor-392260&#8243; overlay_alpha=\u00bb50&#8243; shift_x=\u00bb0&#8243; shift_y=\u00bb0&#8243; shift_y_down=\u00bb0&#8243; z_index=\u00bb0&#8243; medium_width=\u00bb0&#8243; mobile_width=\u00bb0&#8243; css_animation=\u00bbalpha-anim\u00bb width=\u00bb1\/2&#8243; uncode_shortcode_id=\u00bb162949&#8243; back_color_type=\u00bbuncode-palette\u00bb][vc_custom_heading text_size=\u00bbh6&#8243; uncode_shortcode_id=\u00bb163508&#8243;]Innovaci\u00f3n[\/vc_custom_heading][vc_custom_heading heading_semantic=\u00bbh3&#8243; text_size=\u00bbh3&#8243; separator=\u00bbyes\u00bb separator_color=\u00bbyes\u00bb uncode_shortcode_id=\u00bb881874&#8243;]Soluciones avanzadas para un entorno cada vez m\u00e1s complejo[\/vc_custom_heading][vc_column_text uncode_shortcode_id=\u00bb208689&#8243;]Cooperamos con nuestros partners y clientes desarrollando soluciones avanzadas y personalizadas para dar respuesta a necesidades cambiantes y cada vez m\u00e1s exigentes.<\/p>\n<p>Nuestros conocimientos, experiencia e instalaciones nos permiten ser \u00e1giles y flexibles para ofrecer calidad, eficiencia y seguridad en todos nuestros productos.[\/vc_column_text][vc_empty_space empty_h=\u00bb2&#8243;][vc_button size=\u00bblink\u00bb display=\u00bbinline\u00bb inline_mobile=\u00bbyes\u00bb uncode_shortcode_id=\u00bb187541&#8243;]Nuestra innovaci\u00f3n[\/vc_button][\/vc_column][vc_column column_width_percent=\u00bb100&#8243; gutter_size=\u00bb3&#8243; override_padding=\u00bbyes\u00bb column_padding=\u00bb0&#8243; overlay_alpha=\u00bb50&#8243; shift_x=\u00bb0&#8243; shift_y=\u00bb0&#8243; shift_y_down=\u00bb0&#8243; z_index=\u00bb0&#8243; medium_width=\u00bb0&#8243; mobile_width=\u00bb0&#8243; css_animation=\u00bbalpha-anim\u00bb width=\u00bb1\/2&#8243; uncode_shortcode_id=\u00bb273861&#8243;][vc_single_image media=\u00bb153&#8243; media_width_percent=\u00bb100&#8243; advanced=\u00bbyes\u00bb media_overlay_opacity=\u00bb50&#8243; media_padding=\u00bb2&#8243; uncode_shortcode_id=\u00bb789269&#8243;][\/vc_column][\/vc_row][vc_row unlock_row_content=\u00bbyes\u00bb row_height_percent=\u00bb0&#8243; override_padding=\u00bbyes\u00bb h_padding=\u00bb0&#8243; top_padding=\u00bb0&#8243; bottom_padding=\u00bb0&#8243; overlay_alpha=\u00bb50&#8243; equal_height=\u00bbyes\u00bb gutter_size=\u00bb0&#8243; column_width_percent=\u00bb100&#8243; shift_y=\u00bb0&#8243; z_index=\u00bb0&#8243; changer_back_color=\u00bbyes\u00bb uncode_shortcode_id=\u00bb148352&#8243;][vc_column column_width_percent=\u00bb100&#8243; gutter_size=\u00bb3&#8243; override_padding=\u00bbyes\u00bb column_padding=\u00bb0&#8243; overlay_alpha=\u00bb50&#8243; shift_x=\u00bb0&#8243; shift_y=\u00bb0&#8243; shift_y_down=\u00bb0&#8243; z_index=\u00bb0&#8243; medium_width=\u00bb0&#8243; mobile_width=\u00bb0&#8243; css_animation=\u00bbalpha-anim\u00bb width=\u00bb1\/2&#8243; uncode_shortcode_id=\u00bb326423&#8243;][vc_single_image media=\u00bb152&#8243; media_width_percent=\u00bb100&#8243; uncode_shortcode_id=\u00bb157953&#8243;][\/vc_column][vc_column column_width_percent=\u00bb100&#8243; gutter_size=\u00bb3&#8243; override_padding=\u00bbyes\u00bb column_padding=\u00bb3&#8243; style=\u00bbdark\u00bb back_color=\u00bbcolor-591414&#8243; overlay_alpha=\u00bb50&#8243; shift_x=\u00bb0&#8243; shift_y=\u00bb0&#8243; shift_y_down=\u00bb0&#8243; z_index=\u00bb0&#8243; medium_width=\u00bb0&#8243; mobile_width=\u00bb0&#8243; css_animation=\u00bbalpha-anim\u00bb width=\u00bb1\/2&#8243; uncode_shortcode_id=\u00bb211456&#8243; back_color_type=\u00bbuncode-palette\u00bb][vc_custom_heading text_size=\u00bbh6&#8243; uncode_shortcode_id=\u00bb184957&#8243;]Responsabilidad[\/vc_custom_heading][vc_custom_heading heading_semantic=\u00bbh3&#8243; text_size=\u00bbh3&#8243; separator=\u00bbyes\u00bb separator_color=\u00bbyes\u00bb uncode_shortcode_id=\u00bb919009&#8243;]Comprometidos con nuestra sociedad y nuestro planeta[\/vc_custom_heading][vc_column_text uncode_shortcode_id=\u00bb514576&#8243;]Valoramos profundamente la importancia de ser conscientes del impacto que generamos en el mundo que nos rodea. Reconocemos que nuestras acciones tienen repercusiones en el entorno social, econ\u00f3mico y ambiental, y por ello asumimos la responsabilidad de tomar medidas que contribuyan a generar un valor compartido.[\/vc_column_text][vc_empty_space empty_h=\u00bb2&#8243;][vc_button size=\u00bblink\u00bb display=\u00bbinline\u00bb inline_mobile=\u00bbyes\u00bb uncode_shortcode_id=\u00bb496998&#8243;]Nuestra responsabilidad[\/vc_button][\/vc_column][\/vc_row][vc_row row_height_percent=\u00bb0&#8243; override_padding=\u00bbyes\u00bb h_padding=\u00bb2&#8243; top_padding=\u00bb4&#8243; bottom_padding=\u00bb4&#8243; back_image=\u00bb161&#8243; back_position=\u00bbright top\u00bb overlay_alpha=\u00bb50&#8243; gutter_size=\u00bb3&#8243; column_width_percent=\u00bb100&#8243; shift_y=\u00bb0&#8243; z_index=\u00bb0&#8243; uncode_shortcode_id=\u00bb152426&#8243; back_size=\u00bb33%\u00bb el_class=\u00bbbg-gradient-row\u00bb][vc_column width=\u00bb1\/1&#8243;][vc_custom_heading text_size=\u00bbh6&#8243; uncode_shortcode_id=\u00bb251528&#8243;]Actualidad[\/vc_custom_heading][vc_custom_heading heading_semantic=\u00bbh3&#8243; text_size=\u00bbh3&#8243; uncode_shortcode_id=\u00bb297194&#8243; el_class=\u00bbmt-sm\u00bb]\u00daltimas noticias[\/vc_custom_heading][uncode_index el_id=\u00bbindex-940213&#8243; loop=\u00bbsize:3|order_by:date|post_type:post|taxonomy_count:10&#8243; screen_lg=\u00bb1000&#8243; screen_md=\u00bb600&#8243; screen_sm=\u00bb480&#8243; gutter_size=\u00bb2&#8243; post_items=\u00bbtitle,sep-one|full,media|featured|onpost|original,text|excerpt,spacer|half,link|link|default_size|not_scale_mobile|Leer m\u00e1s\u00bb images_size=\u00bbfour-three\u00bb single_overlay_opacity=\u00bb50&#8243; single_image_magnetic=\u00bbyes\u00bb single_padding=\u00bb2&#8243; single_title_family=\u00bbfont-555555&#8243; single_title_dimension=\u00bbh4&#8243; single_title_weight=\u00bb400&#8243; single_text_lead=\u00bbyes\u00bb single_border=\u00bbyes\u00bb uncode_shortcode_id=\u00bb143579&#8243;][\/vc_column][\/vc_row][vc_row row_height_percent=\u00bb0&#8243; override_padding=\u00bbyes\u00bb h_padding=\u00bb2&#8243; top_padding=\u00bb2&#8243; bottom_padding=\u00bb4&#8243; back_image=\u00bb125&#8243; back_position=\u00bbleft bottom\u00bb overlay_alpha=\u00bb50&#8243; equal_height=\u00bbyes\u00bb gutter_size=\u00bb2&#8243; column_width_percent=\u00bb100&#8243; shift_y=\u00bb0&#8243; z_index=\u00bb0&#8243; uncode_shortcode_id=\u00bb562074&#8243; back_size=\u00bb25%\u00bb el_class=\u00bbbg-gradient-row\u00bb][vc_column column_width_percent=\u00bb100&#8243; gutter_size=\u00bb3&#8243; style=\u00bbdark\u00bb back_color=\u00bbcolor-943479&#8243; overlay_alpha=\u00bb50&#8243; shift_x=\u00bb0&#8243; shift_y=\u00bb0&#8243; shift_y_down=\u00bb0&#8243; z_index=\u00bb0&#8243; medium_width=\u00bb0&#8243; mobile_width=\u00bb0&#8243; css_animation=\u00bbalpha-anim\u00bb width=\u00bb1\/2&#8243; uncode_shortcode_id=\u00bb167863&#8243; back_color_type=\u00bbuncode-palette\u00bb][vc_custom_heading heading_semantic=\u00bbh6&#8243; text_size=\u00bbh6&#8243; text_transform=\u00bbuppercase\u00bb uncode_shortcode_id=\u00bb784804&#8243;]Atenci\u00f3n al consumidor[\/vc_custom_heading][vc_custom_heading separator=\u00bbyes\u00bb uncode_shortcode_id=\u00bb214607&#8243; el_class=\u00bbmt-sm\u00bb]Ponte en contacto con nosotros[\/vc_custom_heading][vc_column_text uncode_shortcode_id=\u00bb176398&#8243;]Tu opini\u00f3n es muy importante. No dudes en compartir tus impresiones sobre nuestros productos o servicios.[\/vc_column_text][vc_empty_space empty_h=\u00bb2&#8243;][vc_button size=\u00bblink\u00bb display=\u00bbinline\u00bb uncode_shortcode_id=\u00bb166514&#8243; link=\u00bburl:https%3A%2F%2Fcygycbiocon.com%2Fes%2Fcontacto%2F|target:_blank\u00bb]Contacto[\/vc_button][\/vc_column][vc_column column_width_percent=\u00bb100&#8243; gutter_size=\u00bb3&#8243; style=\u00bbdark\u00bb back_color=\u00bbcolor-103747&#8243; overlay_alpha=\u00bb50&#8243; shift_x=\u00bb0&#8243; shift_y=\u00bb0&#8243; shift_y_down=\u00bb0&#8243; z_index=\u00bb0&#8243; medium_width=\u00bb0&#8243; mobile_width=\u00bb0&#8243; css_animation=\u00bbalpha-anim\u00bb width=\u00bb1\/2&#8243; uncode_shortcode_id=\u00bb176934&#8243; back_color_type=\u00bbuncode-palette\u00bb][vc_custom_heading heading_semantic=\u00bbh6&#8243; text_size=\u00bbh6&#8243; text_transform=\u00bbuppercase\u00bb uncode_shortcode_id=\u00bb338182&#8243;]Oportunidades laborales[\/vc_custom_heading][vc_custom_heading separator=\u00bbyes\u00bb uncode_shortcode_id=\u00bb839078&#8243; el_class=\u00bbmt-sm\u00bb]\u00a1\u00danete a nuestro equipo![\/vc_custom_heading][vc_column_text uncode_shortcode_id=\u00bb136973&#8243;]Estamos deseando conocerte para ver c\u00f3mo podr\u00edas encajar en nuestro equipo.[\/vc_column_text][vc_empty_space empty_h=\u00bb2&#8243;][vc_button size=\u00bblink\u00bb display=\u00bbinline\u00bb uncode_shortcode_id=\u00bb138297&#8243; link=\u00bburl:https%3A%2F%2Fcygycbiocon.com%2Fes%2Foportunidades-laborales%2F|target:_blank\u00bb]Oportunidades laborales[\/vc_button][\/vc_column][\/vc_row][vc_row][vc_column width=\u00bb1\/1&#8243;][vc_single_image media=\u00bb1002&#8243; media_width_percent=\u00bb100&#8243; uncode_shortcode_id=\u00bb182159&#8243;][\/vc_column][\/vc_row][vc_row][vc_column width=\u00bb1\/3&#8243;][vc_single_image media=\u00bb1283&#8243; media_width_percent=\u00bb100&#8243; uncode_shortcode_id=\u00bb210844&#8243;][\/vc_column][vc_column width=\u00bb1\/3&#8243;][vc_single_image media=\u00bb1286&#8243; media_width_percent=\u00bb100&#8243; uncode_shortcode_id=\u00bb660541&#8243;][\/vc_column][vc_column width=\u00bb1\/3&#8243;][vc_single_image media=\u00bb1293&#8243; media_width_percent=\u00bb100&#8243; uncode_shortcode_id=\u00bb143718&#8243;][\/vc_column][\/vc_row]<\/p>\n<\/section>","protected":false},"excerpt":{"rendered":"<p>[vc_row unlock_row_content=\u00bbyes\u00bb row_height_percent=\u00bb0&#8243; override_padding=\u00bbyes\u00bb h_padding=\u00bb2&#8243; top_padding=\u00bb4&#8243; bottom_padding=\u00bb4&#8243; back_image=\u00bb125&#8243; back_attachment=\u00bbscroll\u00bb back_position=\u00bbleft bottom\u00bb overlay_alpha=\u00bb50&#8243; gutter_size=\u00bb3&#8243; column_width_percent=\u00bb100&#8243; shift_y=\u00bb0&#8243; z_index=\u00bb0&#8243; uncode_shortcode_id=\u00bb180003&#8243; back_size=\u00bb33%\u00bb el_class=\u00bbbg-gradient-row\u00bb][vc_column width=\u00bb1\/1&#8243;][vc_custom_heading [&hellip;]<\/p>\n","protected":false},"author":1,"featured_media":0,"parent":0,"menu_order":0,"comment_status":"closed","ping_status":"closed","template":"","meta":{"content-type":"","footnotes":""},"class_list":["post-2","page","type-page","status-publish","hentry"],"yoast_head":"<!-- This site is optimized with the Yoast SEO plugin v23.0 - https:\/\/yoast.com\/wordpress\/plugins\/seo\/ -->\n<title>CYGYC BIOCON - CYGYC BIOCON<\/title>\n<meta name=\"robots\" content=\"index, follow, max-snippet:-1, max-image-preview:large, max-video-preview:-1\" \/>\n<link rel=\"canonical\" href=\"https:\/\/cygycbiocon.com\/es\/\" \/>\n<meta property=\"og:locale\" content=\"es_ES\" \/>\n<meta property=\"og:type\" content=\"article\" \/>\n<meta property=\"og:title\" content=\"CYGYC BIOCON - CYGYC BIOCON\" \/>\n<meta property=\"og:description\" content=\"[vc_row unlock_row_content=\u00bbyes\u00bb row_height_percent=\u00bb0&#8243; override_padding=\u00bbyes\u00bb h_padding=\u00bb2&#8243; top_padding=\u00bb4&#8243; bottom_padding=\u00bb4&#8243; back_image=\u00bb125&#8243; back_attachment=\u00bbscroll\u00bb back_position=\u00bbleft bottom\u00bb overlay_alpha=\u00bb50&#8243; gutter_size=\u00bb3&#8243; column_width_percent=\u00bb100&#8243; shift_y=\u00bb0&#8243; z_index=\u00bb0&#8243; uncode_shortcode_id=\u00bb180003&#8243; back_size=\u00bb33%\u00bb el_class=\u00bbbg-gradient-row\u00bb][vc_column width=\u00bb1\/1&#8243;][vc_custom_heading [&hellip;]\" \/>\n<meta property=\"og:url\" content=\"https:\/\/cygycbiocon.com\/es\/\" \/>\n<meta property=\"og:site_name\" content=\"CYGYC BIOCON\" \/>\n<meta property=\"article:modified_time\" content=\"2024-12-09T13:37:02+00:00\" \/>\n<meta name=\"twitter:card\" content=\"summary_large_image\" \/>\n<meta name=\"twitter:label1\" content=\"Tiempo de lectura\" \/>\n\t<meta name=\"twitter:data1\" content=\"3 minutos\" \/>\n<script type=\"application\/ld+json\" class=\"yoast-schema-graph\">{\"@context\":\"https:\/\/schema.org\",\"@graph\":[{\"@type\":\"WebPage\",\"@id\":\"https:\/\/cygycbiocon.com\/es\/\",\"url\":\"https:\/\/cygycbiocon.com\/es\/\",\"name\":\"CYGYC BIOCON - CYGYC BIOCON\",\"isPartOf\":{\"@id\":\"https:\/\/cygycbiocon.com\/#website\"},\"datePublished\":\"2023-07-31T09:53:25+00:00\",\"dateModified\":\"2024-12-09T13:37:02+00:00\",\"breadcrumb\":{\"@id\":\"https:\/\/cygycbiocon.com\/es\/#breadcrumb\"},\"inLanguage\":\"es\",\"potentialAction\":[{\"@type\":\"ReadAction\",\"target\":[\"https:\/\/cygycbiocon.com\/es\/\"]}]},{\"@type\":\"BreadcrumbList\",\"@id\":\"https:\/\/cygycbiocon.com\/es\/#breadcrumb\",\"itemListElement\":[{\"@type\":\"ListItem\",\"position\":1,\"name\":\"Portada\",\"item\":\"https:\/\/cygycbiocon.com\/es\/\"},{\"@type\":\"ListItem\",\"position\":2,\"name\":\"CYGYC BIOCON\"}]},{\"@type\":\"WebSite\",\"@id\":\"https:\/\/cygycbiocon.com\/#website\",\"url\":\"https:\/\/cygycbiocon.com\/\",\"name\":\"CYGYC BIOCON\",\"description\":\"\",\"potentialAction\":[{\"@type\":\"SearchAction\",\"target\":{\"@type\":\"EntryPoint\",\"urlTemplate\":\"https:\/\/cygycbiocon.com\/?s={search_term_string}\"},\"query-input\":\"required name=search_term_string\"}],\"inLanguage\":\"es\"}]}<\/script>\n<!-- \/ Yoast SEO plugin. -->","yoast_head_json":{"title":"CYGYC BIOCON - CYGYC BIOCON","robots":{"index":"index","follow":"follow","max-snippet":"max-snippet:-1","max-image-preview":"max-image-preview:large","max-video-preview":"max-video-preview:-1"},"canonical":"https:\/\/cygycbiocon.com\/es\/","og_locale":"es_ES","og_type":"article","og_title":"CYGYC BIOCON - CYGYC BIOCON","og_description":"[vc_row unlock_row_content=\u00bbyes\u00bb row_height_percent=\u00bb0&#8243; override_padding=\u00bbyes\u00bb h_padding=\u00bb2&#8243; top_padding=\u00bb4&#8243; bottom_padding=\u00bb4&#8243; back_image=\u00bb125&#8243; back_attachment=\u00bbscroll\u00bb back_position=\u00bbleft bottom\u00bb overlay_alpha=\u00bb50&#8243; gutter_size=\u00bb3&#8243; column_width_percent=\u00bb100&#8243; shift_y=\u00bb0&#8243; z_index=\u00bb0&#8243; uncode_shortcode_id=\u00bb180003&#8243; back_size=\u00bb33%\u00bb el_class=\u00bbbg-gradient-row\u00bb][vc_column width=\u00bb1\/1&#8243;][vc_custom_heading [&hellip;]","og_url":"https:\/\/cygycbiocon.com\/es\/","og_site_name":"CYGYC BIOCON","article_modified_time":"2024-12-09T13:37:02+00:00","twitter_card":"summary_large_image","twitter_misc":{"Tiempo de lectura":"3 minutos"},"schema":{"@context":"https:\/\/schema.org","@graph":[{"@type":"WebPage","@id":"https:\/\/cygycbiocon.com\/es\/","url":"https:\/\/cygycbiocon.com\/es\/","name":"CYGYC BIOCON - CYGYC BIOCON","isPartOf":{"@id":"https:\/\/cygycbiocon.com\/#website"},"datePublished":"2023-07-31T09:53:25+00:00","dateModified":"2024-12-09T13:37:02+00:00","breadcrumb":{"@id":"https:\/\/cygycbiocon.com\/es\/#breadcrumb"},"inLanguage":"es","potentialAction":[{"@type":"ReadAction","target":["https:\/\/cygycbiocon.com\/es\/"]}]},{"@type":"BreadcrumbList","@id":"https:\/\/cygycbiocon.com\/es\/#breadcrumb","itemListElement":[{"@type":"ListItem","position":1,"name":"Portada","item":"https:\/\/cygycbiocon.com\/es\/"},{"@type":"ListItem","position":2,"name":"CYGYC BIOCON"}]},{"@type":"WebSite","@id":"https:\/\/cygycbiocon.com\/#website","url":"https:\/\/cygycbiocon.com\/","name":"CYGYC BIOCON","description":"","potentialAction":[{"@type":"SearchAction","target":{"@type":"EntryPoint","urlTemplate":"https:\/\/cygycbiocon.com\/?s={search_term_string}"},"query-input":"required name=search_term_string"}],"inLanguage":"es"}]}},"_links":{"self":[{"href":"https:\/\/cygycbiocon.com\/es\/wp-json\/wp\/v2\/pages\/2","targetHints":{"allow":["GET"]}}],"collection":[{"href":"https:\/\/cygycbiocon.com\/es\/wp-json\/wp\/v2\/pages"}],"about":[{"href":"https:\/\/cygycbiocon.com\/es\/wp-json\/wp\/v2\/types\/page"}],"author":[{"embeddable":true,"href":"https:\/\/cygycbiocon.com\/es\/wp-json\/wp\/v2\/users\/1"}],"replies":[{"embeddable":true,"href":"https:\/\/cygycbiocon.com\/es\/wp-json\/wp\/v2\/comments?post=2"}],"version-history":[{"count":64,"href":"https:\/\/cygycbiocon.com\/es\/wp-json\/wp\/v2\/pages\/2\/revisions"}],"predecessor-version":[{"id":1299,"href":"https:\/\/cygycbiocon.com\/es\/wp-json\/wp\/v2\/pages\/2\/revisions\/1299"}],"wp:attachment":[{"href":"https:\/\/cygycbiocon.com\/es\/wp-json\/wp\/v2\/media?parent=2"}],"curies":[{"name":"wp","href":"https:\/\/api.w.org\/{rel}","templated":true}]}}