{"id":3,"date":"2023-07-31T11:53:25","date_gmt":"2023-07-31T09:53:25","guid":{"rendered":"http:\/\/cygycbiocon.com\/?page_id=3"},"modified":"2024-10-14T17:55:35","modified_gmt":"2024-10-14T15:55:35","slug":"politica-privacidad","status":"publish","type":"page","link":"https:\/\/cygycbiocon.com\/es\/politica-privacidad\/","title":{"rendered":"Pol\u00edtica de privacidad"},"content":{"rendered":"<p>Respetando lo establecido en la legislaci\u00f3n vigente, CYGYC BIOCON, S.L (en adelante CYGYC BIOCON). se compromete a adoptar las medidas t\u00e9cnicas y organizativas necesarias, seg\u00fan el nivel de seguridad adecuado al riesgo de los datos recogidos.<\/p>\n<p>&nbsp;<\/p>\n<h3><strong>1. Leyes que incorpora esta pol\u00edtica de privacidad<\/strong><\/h3>\n<p>Esta pol\u00edtica de privacidad est\u00e1 adaptada a la normativa espa\u00f1ola y europea vigente en materia de protecci\u00f3n de datos personales en internet. En concreto, la misma respeta las siguientes normas:<\/p>\n<p>&nbsp;<\/p>\n<ul>\n<li>El Reglamento (UE) 2016\/679 del Parlamento Europeo y del Consejo, de 27 de abril de 2016, relativo a la protecci\u00f3n de las personas f\u00edsicas en lo que respecta al tratamiento de datos personales y a la libre circulaci\u00f3n de estos datos (RGPD).<\/li>\n<li>La Ley Org\u00e1nica 3\/2018, de 5 de diciembre, de Protecci\u00f3n de Datos Personales y garant\u00eda de los derechos digitales.<\/li>\n<li>La Ley 34\/2002, de 11 de julio, de Servicios de la Sociedad de la Informaci\u00f3n y de Comercio Electr\u00f3nico (LSSI-CE).<\/li>\n<\/ul>\n<p>&nbsp;<\/p>\n<h3>2. <strong>Identidad del Responsable del Tratamiento de los datos personales<\/strong><\/h3>\n<p>El responsable del tratamiento de los datos personales recogidos en el presente sitio web es: CYGYC BIOCON, S.L. (ampliar informaci\u00f3n en el \u00abaviso legal\u201d).<\/p>\n<p>2.1 Los datos de contacto, a efecto de notificaciones dentro del \u00e1mbito de la privacidad, son:<\/p>\n<ul>\n<li>Direcci\u00f3n: Calle B\u00e9lgica, num. 5, P.I, Pla de Llerona, 08520, Les Franqueses del Vall\u00e8s (Barcelona).<\/li>\n<li>Tel\u00e9fono de contacto: 93 377 19 00<\/li>\n<li>Email de contacto: <a href=\"mailto:info@cygycbiocon.com\">info@cygycbiocon.com<\/a> (ponga en el asunto PRIVACIDAD)<\/li>\n<\/ul>\n<p>Nota de inter\u00e9s: Establecer que este momento el Responsable del tratamiento, como medida de responsabilidad activa, cuenta con un Delegado de Protecci\u00f3n de Datos, externalizado en Compliance Quality Legal Service, una consultor\u00eda y asesor\u00eda jur\u00eddica especializada en el \u00e1mbito de la leyes de las nuevas tecnol\u00f3gicas, que ha sido comunicada y registra ante la Agencia Espa\u00f1ola de Protecci\u00f3n de Datos, estableci\u00e9ndose como dato de contacto el siguiente email <a href=\"mailto:soporte@qualitylegalservice.com\">soporte@qualitylegalservice.com<\/a><\/p>\n<p>&nbsp;<\/p>\n<h3><strong>3. Registro de Actividad<\/strong><\/h3>\n<p>Los datos personales recabados por CYGYC BIOCON, bajo su responsabilidad, mediante los formularios establecidos en su sitito, estar\u00e1n recogidos en actividades debidamente registradas, de acuerdo con el actual marco normativo, denominadas \u201cgesti\u00f3n de datos usuarios web\u201d.<\/p>\n<p>3.1 Principios aplicables al tratamiento de los datos personales<\/p>\n<p>El tratamiento de los datos personales del Usuario se someter\u00e1 a los siguientes principios recogidos en el art\u00edculo 5 del RGPD:<\/p>\n<ul>\n<li>Principio de licitud, lealtad y transparencia: se requerir\u00e1 en todo momento el consentimiento del Usuario previa informaci\u00f3n completamente transparente de los fines para los cuales se recogen los datos personales.<\/li>\n<li>Principio de limitaci\u00f3n de la finalidad: los datos personales ser\u00e1n recogidos con fines determinados, expl\u00edcitos y leg\u00edtimos.<\/li>\n<li>Principio de minimizaci\u00f3n de datos: los datos personales recogidos ser\u00e1n \u00fanicamente los estrictamente necesarios en relaci\u00f3n con los fines para los que son tratados.<\/li>\n<li>Principio de exactitud: los datos personales deben ser exactos y estar siempre actualizados.<\/li>\n<li>Principio de limitaci\u00f3n del plazo de conservaci\u00f3n: los datos personales solo ser\u00e1n mantenidos de forma que se permita la identificaci\u00f3n del usuario durante el tiempo necesario para los fines de su tratamiento, salvo que aplique exigencia legal que aconseje su mantenimiento de forma posterior a cumplimiento de la finalidad prevista.<\/li>\n<li>Principio de integridad y confidencialidad: los datos personales ser\u00e1n tratados de manera que se garantice su seguridad y confidencialidad.<\/li>\n<li>Principio de responsabilidad proactiva: el Responsable del tratamiento ser\u00e1 responsable de asegurar que los principios anteriores se cumplen.<\/li>\n<\/ul>\n<p>&nbsp;<\/p>\n<h3>4. <strong>Categor\u00edas de datos personales<\/strong><\/h3>\n<p>Las categor\u00edas de datos que se tratan en CYGYC BIOCON, a trav\u00e9s del presente sitio web, son \u00fanicamente datos identificativos, de contacto y curriculares asociados a la formulario \u201coportunidades laborales\u201d. En ning\u00fan caso, se tratan categor\u00edas especiales de datos personales en el sentido del art\u00edculo 9 del RGPD.<\/p>\n<p>&nbsp;<\/p>\n<h3><strong>5. Base legal para el tratamiento de los datos personales<\/strong><\/h3>\n<p>La base legal para el tratamiento de los datos personales viene definida por la relaci\u00f3n precomercial que puede establecerse con el cliente o contacto, a trav\u00e9s del link \u201ccontacto\u201d.<\/p>\n<p>El usuario tendr\u00e1 derecho a ejercitar su derechos, asociado al tratamiento de los datos que haya facilitado en sus comunicaciones de acuerdo con lo establecido en el punto 13 de la presente pol\u00edtica de privacidad.<\/p>\n<p>En las ocasiones en las que el usuario deba o pueda facilitar sus datos a trav\u00e9s de formularios para realizar consultas, solicitar informaci\u00f3n o por motivos relacionados con el contenido del sitio web, se le informar\u00e1 en caso de que la cumplimentaci\u00f3n de alguno de ellos sea obligatoria debido a que los mismos sean imprescindibles para el correcta atenci\u00f3n de la solicitud realizada.<\/p>\n<p>&nbsp;<\/p>\n<h3><strong>6. Fines del tratamiento a que se destinan los datos personales<\/strong><\/h3>\n<p>Los datos personales son recabados y gestionados por CYGYC BIOCON con la finalidad de poder facilitar, agilizar y cumplir los compromisos establecidos entre el sitio web y el usuario o el mantenimiento de la relaci\u00f3n que se establezca en los formularios que este \u00faltimo rellene o para atender una solicitud o consulta.<\/p>\n<p>Igualmente, los datos podr\u00e1n ser utilizados con una finalidad comercial de personalizaci\u00f3n, operativa y estad\u00edstica, y actividades propias del objeto social de CYGYC BIOCON, as\u00ed como para la extracci\u00f3n, almacenamiento de datos y estudios de marketing para adecuar el contenido ofertado al usuario, as\u00ed como mejorar la calidad, funcionamiento y navegaci\u00f3n por el sitio web (en este caso el tratamiento de datos ser\u00e1 realizado de forma disociada o en magnitudes agregadas).<\/p>\n<p>En el momento en que se obtengan los datos personales, en funci\u00f3n del objeto del formulario o procedimiento de recogida de datos, se informar\u00e1 al usuario acerca del fin o fines espec\u00edficos del tratamiento a que se destinar\u00e1n los datos personales, es decir, del uso o usos que se dar\u00e1 a la informaci\u00f3n recopilada.<\/p>\n<p>&nbsp;<\/p>\n<h3><strong>7. Per\u00edodos de mantenimiento de los datos personales<\/strong><\/h3>\n<p>Establecer que este punto se circunscribe a la recogida y tratamiento de los datos asociados al presente sitio web, de acuerdo con su actual realidad. No aplica para aquellos datos personales tratados por la empresa en otros \u00e1mbitos tecnol\u00f3gico o f\u00edsico propios diferenciados del presente sitio web.<\/p>\n<p>Los datos personales solo ser\u00e1n mantenidos durante el tiempo m\u00ednimo necesario para dar alcance a los fines de su tratamiento y, en todo caso, o hasta que el usuario solicite la cancelaci\u00f3n o limitaci\u00f3n de uso de sus datos.<\/p>\n<p>En este momento la obtenci\u00f3n de datos viene determinada por:<\/p>\n<p>&#8211; El correo electr\u00f3nico, ubicado en el pie de p\u00e1gina del sitio web, que permite el env\u00edo de una comunicaci\u00f3n a dicho correo electr\u00f3nico* (<a href=\"mailto:info@cygycbiocon.com\">info@cygycbiocon.com<\/a>). Por lo tanto, la recogida de datos vendr\u00e1 determinada por el correo del usuario que se comunica y los datos que pueda contenerse en el cuerpo del email y adjunto. A este respecto, rogamos que uso de esta canal se de \u00e1mbito comercial y t\u00e9cnico asociado a la actividad de CYGYC BIOCON.<\/p>\n<p>* Tambi\u00e9n podr\u00eda utilizar el correo referenciado para la solicitud de ejercicio de sus derechos RGPD 2016\/679.<\/p>\n<p>&#8211; El link \u201ccontacto\u201d sustanciado en un formulario donde usted podr\u00e1 establecer una comunicaci\u00f3n dentro de un \u00e1mbito procesional o empresarial, as\u00ed pues, rogamos que los datos de contacto est\u00e1n asociado a dicho \u00e1mbito.<\/p>\n<p>&#8211; El formulario del \u201cinterno\u201d que permite dar alcance a la Ley de informante 2\/2023. Establecer que este tratamiento se realiza bajo el entorno tecnol\u00f3gico del proveedor del canal (<a href=\"https:\/\/www.qualitylegalservice.com\/\">Compliance Quality Legal Service<\/a>), por lo tanto, el \u00e1mbito de seguridad y confidencialidad viene establecido por dicho proveedor. Establecer, a este respecto, que dicho link tiene implementado un protocolo de seguridad \u201chttps\u201d para garantizar una conexi\u00f3n segura.<\/p>\n<p><strong>\u00a0<\/strong><\/p>\n<h3><strong>8. Destinatarios de los datos personales<\/strong><\/h3>\n<p>Los datos personales del Usuario, con car\u00e1cter general no ser\u00e1n compartidos con terceros, exceptuando los asociados a una comunicaci\u00f3n o denuncia del canal interno que podr\u00e1 ser objeto de acceso y tratamiento por terceros recogido en el manual de gesti\u00f3n del canal y\/u organismos p\u00fablicos competentes en funci\u00f3n de tipo de delito o infracci\u00f3n comunicada.<\/p>\n<p>&nbsp;<\/p>\n<h3><strong>9. Datos personales de menores de edad<\/strong><\/h3>\n<p>Respetando lo establecido en los art\u00edculos 8 del RGPD y 13 del RDLOPD, solo los mayores de 14 a\u00f1os podr\u00e1n otorgar su consentimiento para el tratamiento de sus datos personales de forma l\u00edcita por CYGYC BIOCON. Si se trata de un menor de 14 a\u00f1os, ser\u00e1 necesario el consentimiento de los padres o tutores para el tratamiento, y este solo se considerar\u00e1 l\u00edcito en la medida en la que los mismos lo hayan autorizado.<\/p>\n<p>Establecer el objeto del presente sitio web no est\u00e1 orientado para menores, sino para personas que, por su \u00e1mbito de actividad profesional o empresarial, tengan inter\u00e9s en los productos y servicios de CYGYC BIOCON. Por este motivo, rogamos, que los menores se abstengan de enviar comunicaciones a trav\u00e9s de link \u201ccontactar\u201d.<\/p>\n<p>&nbsp;<\/p>\n<h3><strong>10. Secreto y seguridad de los datos personales<\/strong><\/h3>\n<p>CYGYC BIOCON \u00a0se compromete a adoptar las medidas t\u00e9cnicas y organizativas necesarias, seg\u00fan el nivel de seguridad adecuado al riesgo de los datos recogidos, de forma que se garantice la seguridad de los datos de car\u00e1cter personal y se evite la destrucci\u00f3n, p\u00e9rdida o alteraci\u00f3n accidental o il\u00edcita de datos personales transmitidos, conservados o tratados de otra forma, o la comunicaci\u00f3n o acceso no autorizados a dichos datos.<\/p>\n<p>El Sitio Web cuenta con un certificado SSL (Secure Socket Layer), que asegura que los datos personales se transmiten de forma segura y confidencial, al ser la transmisi\u00f3n de los datos entre el servidor y el Usuario, y en retroalimentaci\u00f3n, totalmente cifrada o encriptada.<\/p>\n<p>Sin embargo, debido a que CYGYC BIOCON no puede garantizar la inexpugnabilidad de internet ni la ausencia total de hackers u otros que accedan de modo fraudulento a los datos personales, el Responsable del tratamiento se compromete a comunicar al Usuario sin dilaci\u00f3n indebida cuando ocurra una violaci\u00f3n de la seguridad de los datos personales que sea probable que entra\u00f1e un alto riesgo para los derechos y libertades de las personas f\u00edsicas. Siguiendo lo establecido en el art\u00edculo 4 del RGPD 2016\/679, se entiende por violaci\u00f3n de la seguridad de los datos personales toda violaci\u00f3n de la seguridad que ocasione la destrucci\u00f3n, p\u00e9rdida o alteraci\u00f3n accidental o il\u00edcita de datos personales transmitidos, conservados o tratados de otra forma, o la comunicaci\u00f3n o acceso no autorizados a dichos datos.<\/p>\n<p>Los datos personales ser\u00e1n tratados como confidenciales por el Responsable del tratamiento, quien se compromete a informar de y a garantizar por medio de una obligaci\u00f3n legal o contractual que dicha confidencialidad sea respetada por sus empleados, asociados, y toda persona a la cual le haga accesible la informaci\u00f3n.<\/p>\n<p>Determinar que este momento, por la capacidad de recogida de datos y funcionalidades de interacci\u00f3n y acceso del usuario web, el nivel de riesgo en cuanto a la seguridad y vulneraci\u00f3n de derechos y libertades del usuario en el tratamiento, mantenimiento y acceso de datos por tercero es bajo.<\/p>\n<p>En relaci\u00f3n con la recogida de datos y funcionalidades de \u201ccanal interno\u201d la responsabilidad viene determinada por el proveedor de servicios en los proceso de recepci\u00f3n y registro. Todo el tratamiento de datos que pueda realizarse, de forma posterior, derivado de aplicaci\u00f3n de procesos de investigaci\u00f3n ser\u00e1n gestionados fuera del aplicativo y dentro de entorno tecnol\u00f3gico de CYGYC BIOCON.<\/p>\n<p>&nbsp;<\/p>\n<h3><strong>11. Transferencia internacional de datos<\/strong><\/h3>\n<p><strong>\u00a0<\/strong>En este momento no aplica el concepto de transferencia internacional para el tratamiento de datos fuera del \u00e1mbito territorial\/tecnol\u00f3gico de Espa\u00f1a, y por extensi\u00f3n de la UE.<\/p>\n<p>&nbsp;<\/p>\n<h3><strong>12. Formularios de recogida de datos<\/strong><\/h3>\n<p><strong>\u00a0<\/strong>Los datos que se pueden recabar en el presente sitio web se circunscriben a tres tipos formularios:<\/p>\n<p>12.1 Ubicado en el link \u201c<a href=\"https:\/\/cygycbiocon.com\/es\/contacto\/\">contacto<\/a>\u201d:<\/p>\n<ul>\n<li>La procedencia de los datos es del propio interesado o su representante legal (en el caso que la comunicaci\u00f3n se realice en nombre de una sociedad).<\/li>\n<li>El tipo de datos que se recabar\u00e1n ser\u00e1 la direcci\u00f3n de correo del emisor, y aquellos datos identificativos y de contacto que establezcan, tales como nombre y apellidos, correo electr\u00f3nico, cargo y de empresa (se podr\u00e1n incorporar en el cuerpo del mensaje).<\/li>\n<li>El mantenimiento de los datos identificativos y de contacto se establecer\u00e1 de forma indefinida, salvo que medie ejercicio de cancelaci\u00f3n, oposici\u00f3n o limitaci\u00f3n el tratamiento por parte del titular de los datos.<\/li>\n<li>El presente formulario de contacto est\u00e1 destinado para el \u00e1mbito profesional y empresarial CYGYC BIOCON y terceros que quieran relacionarse con ella en este \u00e1mbito.<\/li>\n<\/ul>\n<p>12.2 Ubicado en el link \u201c<a href=\"https:\/\/canaldenuncias.qualitylegalservice.com\/ca\/c\/cygyc-biocon\">interno<\/a>\u201d:<\/p>\n<ul>\n<li>La procedencia de los datos es por parte del informante.<\/li>\n<li>El tipo de datos que se recabar\u00e1n estar\u00e1 asociados a tipo de comunicaci\u00f3n y denuncia establecida por el informante, donde se podr\u00e1 recoger datos identificativos de testigo\/s y denunciado\/s.<\/li>\n<li>El mantenimiento de los datos viene establecido por la Ley 2\/2023 (ver art\u00edculos 26 y 32), determinado en proceso de recepci\u00f3n y registro (4 a\u00f1os) e investigaci\u00f3n y resoluci\u00f3n (de acuerdo con la normativa aplicable, determinado por el tipo de delito o infracci\u00f3n).<\/li>\n<\/ul>\n<p>12.3 Ubicado en el link \u201c<a href=\"https:\/\/cygycbiocon.com\/es\/oportunidades-laborales\/\">oportunidades laborales<\/a>\u201d:<\/p>\n<ul>\n<li>La procedencia de los datos es del propio interesado (solicitante de empleo)<\/li>\n<li>El tipo de datos que se recabar\u00e1n ser\u00e1 la direcci\u00f3n de correo del interesado, y aquellos datos identificativos y de contacto que establezcan, tales como nombre y apellidos y \u00a0correo electr\u00f3nico.<\/li>\n<li>El mantenimiento de los datos identificativos y de contacto se establecer\u00e1 de forma indefinida, salvo que medie ejercicio de cancelaci\u00f3n, oposici\u00f3n o limitaci\u00f3n el tratamiento por parte del titular de los datos.<\/li>\n<li>El presente formulario de contacto est\u00e1 destinado solicitantes de empleo, y a este respecto solicitamos que en el caso de adjuntar la carta de presentaci\u00f3n y cv, dichos documentos cumplan estrictamente el objeto de los mismos. Por favor abst\u00e9ngase de incorporar datos asociado a su \u00e1mbito personal, que para nosotros no son relevantes.<\/li>\n<\/ul>\n<p>&nbsp;<\/p>\n<h3>13. <strong>Solicitud del ejercicio de los Derechos ARCO (extensible a los Digitales recogidos en el actual marco normativo)<\/strong><\/h3>\n<p>La normativa vigente de protecci\u00f3n de datos le reconoce una serie de derechos en relaci\u00f3n con el uso que le damos a los datos. Todos y cada uno de sus derechos son unipersonales e intransferibles, es decir, que \u00fanicamente pueden ser realizados por el titular de los datos, previa comprobaci\u00f3n de su identidad por parte del responsable (en este caso CYGYC BIOCON).<\/p>\n<p>A continuaci\u00f3n, le acercamos los derechos que le asisten:<\/p>\n<ul>\n<li>Solicitar el ACCESO a sus datos personales<\/li>\n<li>Solicitar la RECTIFICACI\u00d3N de sus datos<\/li>\n<li>Solicitar la SUPRESI\u00d3N o eliminaci\u00f3n de sus datos (derecho al \u00abolvido\u00bb)<\/li>\n<li>LIMITAR u oponerse al uso que le damos a sus datos Derecho a la PORTABILIDAD de sus datos para casos de servicios de telecomunicaciones o internet<\/li>\n<li>Derecho a RETIRAR su consentimiento en cualquier momento<\/li>\n<li>Derecho a presentar una RECLAMACI\u00d3N en materia de protecci\u00f3n de datos ante la Autoridad de Control: Agencia de Protecci\u00f3n de Datos<\/li>\n<\/ul>\n<p>Para el ejercicio de sus derechos de acceso, rectificaci\u00f3n, supresi\u00f3n, limitaci\u00f3n u oposici\u00f3n, portabilidad y retirada de su consentimiento, puede hacerlo de acuerdo directamente, comunic\u00e1ndose con CYGYC BIOCON, o a trav\u00e9s de la Autoridad Estatal designada para tal efecto <a href=\"https:\/\/www.aepd.es\/derechos-y-deberes\/conoce-tus-derechos\">Agencia Espa\u00f1ola de Protecci\u00f3n de Datos<\/a>.<\/p>\n<p>Adem\u00e1s de los derechos referenciados en este punto, si estima que sus datos no se est\u00e1n recabando o tratando de acuerdo con la normativa vigente de Protecci\u00f3n de Datos, usted podr\u00e1 realizar una reclamaci\u00f3n ante la <a href=\"https:\/\/www.aepd.es\">Autoridad de Control de referencia.<\/a><\/p>\n<p>As\u00ed pues, el Usuario podr\u00e1 ejercitar sus derechos mediante comunicaci\u00f3n escrita dirigida al Responsable del tratamiento con la referencia \u201cRGPD\u201d, especificando:<\/p>\n<ul>\n<li>Nombre, apellidos del usuario y copia del DNI. En los casos en que se admita la representaci\u00f3n, ser\u00e1 tambi\u00e9n necesaria la identificaci\u00f3n por el mismo medio de la persona que representa al usuario, as\u00ed como el documento acreditativo de la representaci\u00f3n. La fotocopia del DNI podr\u00e1 ser sustituida, por cualquier otro medio v\u00e1lido en derecho que acredite la identidad.<\/li>\n<li>Petici\u00f3n con los motivos espec\u00edficos de la solicitud o informaci\u00f3n a la que se quiere acceder.<\/li>\n<li>Domicilio a efecto de notificaciones.<\/li>\n<li>Fecha y firma del solicitante.<\/li>\n<li>Todo documento que acredite la petici\u00f3n que formula.<\/li>\n<\/ul>\n<p>Esta solicitud, y todo documento adjunto, podr\u00e1 enviarse a las direcciones de contacto establecidas en el punto 2.1 de la presente pol\u00edtica de privacidad.<\/p>\n<p><strong>\u00a0<\/strong><\/p>\n<h3><strong>14. <\/strong><strong>Aceptaci\u00f3n y cambios en esta pol\u00edtica de privacidad<\/strong><\/h3>\n<p>Usted como usuario de presente sitio web, en el caso que navegue a trav\u00e9s de la misma, ser\u00e1 de inter\u00e9s que haya le\u00eddo y est\u00e9 conforme con las condiciones sobre la protecci\u00f3n de datos de car\u00e1cter personal contenidas en esta Pol\u00edtica de Privacidad, as\u00ed como que acepte el tratamiento de sus datos personales para que el Responsable del tratamiento pueda proceder al mismo en la forma, durante los plazos y para las finalidades indicadas. El uso del Sitio Web implicar\u00e1 la aceptaci\u00f3n de la Pol\u00edtica de Privacidad del mismo.<\/p>\n<p>CYGYC BIOCON \u00a0se reserva el derecho a modificar su Pol\u00edtica de Privacidad, de acuerdo con su propio criterio, o motivado por un cambio legislativo, jurisprudencial o doctrinal de la Agencia Espa\u00f1ola de Protecci\u00f3n de Datos. Los cambios o actualizaciones de esta Pol\u00edtica de Privacidad ser\u00e1n notificados de forma expl\u00edcita al usuario.<\/p>\n<p>Nota informativa: Esta Pol\u00edtica de Privacidad fue actualizada el d\u00eda 14 de mayo de 2024 de acuerdo con el actual marco normativo.<\/p>\n","protected":false},"excerpt":{"rendered":"<p>Respetando lo establecido en la legislaci\u00f3n vigente, CYGYC BIOCON, S.L (en adelante CYGYC BIOCON). se compromete a adoptar las medidas [&hellip;]<\/p>\n","protected":false},"author":1,"featured_media":0,"parent":0,"menu_order":0,"comment_status":"closed","ping_status":"closed","template":"","meta":{"content-type":"","footnotes":""},"class_list":["post-3","page","type-page","status-publish","hentry"],"yoast_head":"<!-- This site is optimized with the Yoast SEO plugin v23.0 - https:\/\/yoast.com\/wordpress\/plugins\/seo\/ -->\n<title>Pol\u00edtica de privacidad - CYGYC BIOCON<\/title>\n<meta name=\"robots\" content=\"index, follow, max-snippet:-1, max-image-preview:large, max-video-preview:-1\" \/>\n<link rel=\"canonical\" href=\"https:\/\/cygycbiocon.com\/es\/politica-privacidad\/\" \/>\n<meta property=\"og:locale\" content=\"es_ES\" \/>\n<meta property=\"og:type\" content=\"article\" \/>\n<meta property=\"og:title\" content=\"Pol\u00edtica de privacidad - CYGYC BIOCON\" \/>\n<meta property=\"og:description\" content=\"Respetando lo establecido en la legislaci\u00f3n vigente, CYGYC BIOCON, S.L (en adelante CYGYC BIOCON). se compromete a adoptar las medidas [&hellip;]\" \/>\n<meta property=\"og:url\" content=\"https:\/\/cygycbiocon.com\/es\/politica-privacidad\/\" \/>\n<meta property=\"og:site_name\" content=\"CYGYC BIOCON\" \/>\n<meta property=\"article:modified_time\" content=\"2024-10-14T15:55:35+00:00\" \/>\n<meta name=\"twitter:card\" content=\"summary_large_image\" \/>\n<meta name=\"twitter:label1\" content=\"Tiempo de lectura\" \/>\n\t<meta name=\"twitter:data1\" content=\"13 minutos\" \/>\n<script type=\"application\/ld+json\" class=\"yoast-schema-graph\">{\"@context\":\"https:\/\/schema.org\",\"@graph\":[{\"@type\":\"WebPage\",\"@id\":\"https:\/\/cygycbiocon.com\/es\/politica-privacidad\/\",\"url\":\"https:\/\/cygycbiocon.com\/es\/politica-privacidad\/\",\"name\":\"Pol\u00edtica de privacidad - CYGYC BIOCON\",\"isPartOf\":{\"@id\":\"https:\/\/cygycbiocon.com\/#website\"},\"datePublished\":\"2023-07-31T09:53:25+00:00\",\"dateModified\":\"2024-10-14T15:55:35+00:00\",\"breadcrumb\":{\"@id\":\"https:\/\/cygycbiocon.com\/es\/politica-privacidad\/#breadcrumb\"},\"inLanguage\":\"es\",\"potentialAction\":[{\"@type\":\"ReadAction\",\"target\":[\"https:\/\/cygycbiocon.com\/es\/politica-privacidad\/\"]}]},{\"@type\":\"BreadcrumbList\",\"@id\":\"https:\/\/cygycbiocon.com\/es\/politica-privacidad\/#breadcrumb\",\"itemListElement\":[{\"@type\":\"ListItem\",\"position\":1,\"name\":\"Portada\",\"item\":\"https:\/\/cygycbiocon.com\/es\/\"},{\"@type\":\"ListItem\",\"position\":2,\"name\":\"Pol\u00edtica de privacidad\"}]},{\"@type\":\"WebSite\",\"@id\":\"https:\/\/cygycbiocon.com\/#website\",\"url\":\"https:\/\/cygycbiocon.com\/\",\"name\":\"CYGYC BIOCON\",\"description\":\"\",\"potentialAction\":[{\"@type\":\"SearchAction\",\"target\":{\"@type\":\"EntryPoint\",\"urlTemplate\":\"https:\/\/cygycbiocon.com\/?s={search_term_string}\"},\"query-input\":\"required name=search_term_string\"}],\"inLanguage\":\"es\"}]}<\/script>\n<!-- \/ Yoast SEO plugin. -->","yoast_head_json":{"title":"Pol\u00edtica de privacidad - CYGYC BIOCON","robots":{"index":"index","follow":"follow","max-snippet":"max-snippet:-1","max-image-preview":"max-image-preview:large","max-video-preview":"max-video-preview:-1"},"canonical":"https:\/\/cygycbiocon.com\/es\/politica-privacidad\/","og_locale":"es_ES","og_type":"article","og_title":"Pol\u00edtica de privacidad - CYGYC BIOCON","og_description":"Respetando lo establecido en la legislaci\u00f3n vigente, CYGYC BIOCON, S.L (en adelante CYGYC BIOCON). se compromete a adoptar las medidas [&hellip;]","og_url":"https:\/\/cygycbiocon.com\/es\/politica-privacidad\/","og_site_name":"CYGYC BIOCON","article_modified_time":"2024-10-14T15:55:35+00:00","twitter_card":"summary_large_image","twitter_misc":{"Tiempo de lectura":"13 minutos"},"schema":{"@context":"https:\/\/schema.org","@graph":[{"@type":"WebPage","@id":"https:\/\/cygycbiocon.com\/es\/politica-privacidad\/","url":"https:\/\/cygycbiocon.com\/es\/politica-privacidad\/","name":"Pol\u00edtica de privacidad - CYGYC BIOCON","isPartOf":{"@id":"https:\/\/cygycbiocon.com\/#website"},"datePublished":"2023-07-31T09:53:25+00:00","dateModified":"2024-10-14T15:55:35+00:00","breadcrumb":{"@id":"https:\/\/cygycbiocon.com\/es\/politica-privacidad\/#breadcrumb"},"inLanguage":"es","potentialAction":[{"@type":"ReadAction","target":["https:\/\/cygycbiocon.com\/es\/politica-privacidad\/"]}]},{"@type":"BreadcrumbList","@id":"https:\/\/cygycbiocon.com\/es\/politica-privacidad\/#breadcrumb","itemListElement":[{"@type":"ListItem","position":1,"name":"Portada","item":"https:\/\/cygycbiocon.com\/es\/"},{"@type":"ListItem","position":2,"name":"Pol\u00edtica de privacidad"}]},{"@type":"WebSite","@id":"https:\/\/cygycbiocon.com\/#website","url":"https:\/\/cygycbiocon.com\/","name":"CYGYC BIOCON","description":"","potentialAction":[{"@type":"SearchAction","target":{"@type":"EntryPoint","urlTemplate":"https:\/\/cygycbiocon.com\/?s={search_term_string}"},"query-input":"required name=search_term_string"}],"inLanguage":"es"}]}},"_links":{"self":[{"href":"https:\/\/cygycbiocon.com\/es\/wp-json\/wp\/v2\/pages\/3","targetHints":{"allow":["GET"]}}],"collection":[{"href":"https:\/\/cygycbiocon.com\/es\/wp-json\/wp\/v2\/pages"}],"about":[{"href":"https:\/\/cygycbiocon.com\/es\/wp-json\/wp\/v2\/types\/page"}],"author":[{"embeddable":true,"href":"https:\/\/cygycbiocon.com\/es\/wp-json\/wp\/v2\/users\/1"}],"replies":[{"embeddable":true,"href":"https:\/\/cygycbiocon.com\/es\/wp-json\/wp\/v2\/comments?post=3"}],"version-history":[{"count":4,"href":"https:\/\/cygycbiocon.com\/es\/wp-json\/wp\/v2\/pages\/3\/revisions"}],"predecessor-version":[{"id":1256,"href":"https:\/\/cygycbiocon.com\/es\/wp-json\/wp\/v2\/pages\/3\/revisions\/1256"}],"wp:attachment":[{"href":"https:\/\/cygycbiocon.com\/es\/wp-json\/wp\/v2\/media?parent=3"}],"curies":[{"name":"wp","href":"https:\/\/api.w.org\/{rel}","templated":true}]}}