{"id":9,"date":"2023-07-31T14:18:09","date_gmt":"2023-07-31T12:18:09","guid":{"rendered":"http:\/\/cygycbiocon.com\/?page_id=9"},"modified":"2025-04-22T14:28:42","modified_gmt":"2025-04-22T12:28:42","slug":"marcas","status":"publish","type":"page","link":"https:\/\/cygycbiocon.com\/es\/marcas\/","title":{"rendered":"Marcas"},"content":{"rendered":"<section class=\"wpb-content-wrapper\"><p>[vc_row unlock_row_content=\u00bbyes\u00bb row_height_percent=\u00bb60&#8243; override_padding=\u00bbyes\u00bb h_padding=\u00bb0&#8243; top_padding=\u00bb0&#8243; bottom_padding=\u00bb0&#8243; overlay_alpha=\u00bb50&#8243; equal_height=\u00bbyes\u00bb gutter_size=\u00bb3&#8243; column_width_percent=\u00bb100&#8243; border_color=\u00bbcolor-157083&#8243; border_style=\u00bbsolid\u00bb shift_y=\u00bb0&#8243; z_index=\u00bb0&#8243; inverted_device_order=\u00bbyes\u00bb auto_height_device=\u00bbyes\u00bb uncode_shortcode_id=\u00bb385400&#8243; el_class=\u00bbsingle-marca-row\u00bb css=\u00bb.vc_custom_1693825394533{border-bottom-width: 1px !important;}\u00bb border_color_type=\u00bbuncode-palette\u00bb][vc_column column_width_percent=\u00bb100&#8243; position_vertical=\u00bbmiddle\u00bb gutter_size=\u00bb3&#8243; override_padding=\u00bbyes\u00bb column_padding=\u00bb3&#8243; back_image=\u00bb189&#8243; back_position=\u00bbleft top\u00bb overlay_alpha=\u00bb50&#8243; shift_x=\u00bb0&#8243; shift_y=\u00bb0&#8243; shift_y_down=\u00bb0&#8243; z_index=\u00bb0&#8243; medium_width=\u00bb0&#8243; mobile_width=\u00bb0&#8243; width=\u00bb2\/3&#8243; uncode_shortcode_id=\u00bb129512&#8243; back_size=\u00bb50%\u00bb el_class=\u00bbbg-gradient-row\u00bb][vc_single_image media=\u00bb1106&#8243; media_width_use_pixel=\u00bbyes\u00bb uncode_shortcode_id=\u00bb890220&#8243; media_width_pixel=\u00bb200&#8243;][vc_column_text text_lead=\u00bbyes\u00bb uncode_shortcode_id=\u00bb123203&#8243;]BIOCON es una marca especializada en la fabricaci\u00f3n de enzimas y productos biol\u00f3gicos de alta calidad para los sectores alimentario y de alimentaci\u00f3n animal.[\/vc_column_text][vc_column_text uncode_shortcode_id=\u00bb208226&#8243; el_class=\u00bbmt-sm\u00bb]Con m\u00e1s de 30 a\u00f1os de experiencia en el campo, ofrecemos soluciones confiables y efectivas para mejorar los procesos de producci\u00f3n. Adem\u00e1s, estamos comprometidos con la investigaci\u00f3n y el desarrollo de nuevas soluciones enzim\u00e1ticas sostenibles y respetuosas con el medio ambiente, y brindamos asesoramiento y apoyo a nuestros clientes en el desarrollo de nuevos proyectos y mejoras en sus productos y procesos.[\/vc_column_text][vc_empty_space empty_h=\u00bb2&#8243;][vc_button size=\u00bblink\u00bb display=\u00bbinline\u00bb top_margin=\u00bbyes\u00bb uncode_shortcode_id=\u00bb127931&#8243; el_class=\u00bbarrow-dark\u00bb link=\u00bburl:https%3A%2F%2Fbiocon-enzymes.com|target:_blank\u00bb]Visitar[\/vc_button][\/vc_column][vc_column column_width_percent=\u00bb100&#8243; gutter_size=\u00bb3&#8243; back_image=\u00bb394&#8243; parallax=\u00bbyes\u00bb overlay_alpha=\u00bb50&#8243; shift_x=\u00bb0&#8243; shift_y=\u00bb0&#8243; shift_y_down=\u00bb0&#8243; z_index=\u00bb0&#8243; medium_width=\u00bb0&#8243; mobile_width=\u00bb0&#8243; width=\u00bb1\/3&#8243; uncode_shortcode_id=\u00bb365350&#8243;][\/vc_column][\/vc_row][vc_row unlock_row_content=\u00bbyes\u00bb row_height_percent=\u00bb60&#8243; override_padding=\u00bbyes\u00bb h_padding=\u00bb0&#8243; top_padding=\u00bb0&#8243; bottom_padding=\u00bb0&#8243; overlay_alpha=\u00bb50&#8243; equal_height=\u00bbyes\u00bb gutter_size=\u00bb3&#8243; column_width_percent=\u00bb100&#8243; border_color=\u00bbcolor-157083&#8243; border_style=\u00bbsolid\u00bb shift_y=\u00bb0&#8243; z_index=\u00bb0&#8243; auto_height_device=\u00bbyes\u00bb uncode_shortcode_id=\u00bb332142&#8243; css=\u00bb.vc_custom_1693825355365{border-bottom-width: 1px !important;}\u00bb border_color_type=\u00bbuncode-palette\u00bb el_class=\u00bbsingle-marca-row\u00bb][vc_column column_width_percent=\u00bb100&#8243; gutter_size=\u00bb3&#8243; back_image=\u00bb395&#8243; parallax=\u00bbyes\u00bb overlay_alpha=\u00bb50&#8243; shift_x=\u00bb0&#8243; shift_y=\u00bb0&#8243; shift_y_down=\u00bb0&#8243; z_index=\u00bb0&#8243; medium_width=\u00bb0&#8243; mobile_width=\u00bb0&#8243; width=\u00bb1\/3&#8243; uncode_shortcode_id=\u00bb482884&#8243;][\/vc_column][vc_column column_width_percent=\u00bb100&#8243; position_vertical=\u00bbmiddle\u00bb gutter_size=\u00bb3&#8243; override_padding=\u00bbyes\u00bb column_padding=\u00bb3&#8243; back_image=\u00bb129&#8243; back_position=\u00bbright top\u00bb overlay_alpha=\u00bb50&#8243; shift_x=\u00bb0&#8243; shift_y=\u00bb0&#8243; shift_y_down=\u00bb0&#8243; z_index=\u00bb0&#8243; medium_width=\u00bb0&#8243; mobile_width=\u00bb0&#8243; width=\u00bb2\/3&#8243; uncode_shortcode_id=\u00bb671400&#8243; back_size=\u00bb50%\u00bb el_class=\u00bbbg-gradient-row\u00bb][vc_single_image media=\u00bb489&#8243; media_width_use_pixel=\u00bbyes\u00bb uncode_shortcode_id=\u00bb108440&#8243; media_width_pixel=\u00bb200&#8243;][vc_column_text text_lead=\u00bbyes\u00bb uncode_shortcode_id=\u00bb104668&#8243;]BIOKATAL es una marca innovadora en productos enzim\u00e1ticos y biol\u00f3gicos para diferentes sectores industriales.[\/vc_column_text][vc_column_text uncode_shortcode_id=\u00bb170656&#8243; el_class=\u00bbmt-sm\u00bb]Sus soluciones avanzadas y sostenibles reducen el impacto medioambiental sin comprometer la eficacia. Ofrece productos biotecnol\u00f3gicos para detergentes, procesos textiles y de curtido de pieles, y productos biol\u00f3gicos para la industria y hosteler\u00eda. Tambi\u00e9n contribuye a la sostenibilidad en el procesamiento de biomasa, degradaci\u00f3n de residuos y remediaci\u00f3n ambiental.[\/vc_column_text][vc_empty_space empty_h=\u00bb2&#8243;][vc_button size=\u00bblink\u00bb display=\u00bbinline\u00bb top_margin=\u00bbyes\u00bb uncode_shortcode_id=\u00bb169615&#8243; el_class=\u00bbarrow-dark\u00bb link=\u00bburl:https%3A%2F%2Fbiokatal.com%2F|target:_blank\u00bb]Visitar[\/vc_button][\/vc_column][\/vc_row][vc_row unlock_row_content=\u00bbyes\u00bb row_height_percent=\u00bb60&#8243; override_padding=\u00bbyes\u00bb h_padding=\u00bb0&#8243; top_padding=\u00bb0&#8243; bottom_padding=\u00bb0&#8243; overlay_alpha=\u00bb50&#8243; equal_height=\u00bbyes\u00bb gutter_size=\u00bb3&#8243; column_width_percent=\u00bb100&#8243; border_color=\u00bbcolor-157083&#8243; border_style=\u00bbsolid\u00bb shift_y=\u00bb0&#8243; z_index=\u00bb0&#8243; inverted_device_order=\u00bbyes\u00bb auto_height_device=\u00bbyes\u00bb uncode_shortcode_id=\u00bb126740&#8243; el_class=\u00bbsingle-marca-row\u00bb css=\u00bb.vc_custom_1693825424416{border-bottom-width: 1px !important;}\u00bb border_color_type=\u00bbuncode-palette\u00bb][vc_column column_width_percent=\u00bb100&#8243; position_vertical=\u00bbmiddle\u00bb gutter_size=\u00bb3&#8243; override_padding=\u00bbyes\u00bb column_padding=\u00bb3&#8243; back_image=\u00bb189&#8243; back_position=\u00bbleft top\u00bb overlay_alpha=\u00bb50&#8243; shift_x=\u00bb0&#8243; shift_y=\u00bb0&#8243; shift_y_down=\u00bb0&#8243; z_index=\u00bb0&#8243; medium_width=\u00bb0&#8243; mobile_width=\u00bb0&#8243; width=\u00bb2\/3&#8243; uncode_shortcode_id=\u00bb138860&#8243; back_size=\u00bb50%\u00bb el_class=\u00bbbg-gradient-row\u00bb][vc_single_image media=\u00bb808&#8243; media_width_use_pixel=\u00bbyes\u00bb uncode_shortcode_id=\u00bb605348&#8243; media_width_pixel=\u00bb200&#8243;][vc_column_text text_lead=\u00bbyes\u00bb uncode_shortcode_id=\u00bb108194&#8243;]Desde 1970, la marca OXA ofrece productos de gran valor a\u00f1adido, diferentes y eficaces, para dar respuesta a los retos de las industrias t\u00e9cnicas como son la alimentaria, la institucional y colectividades, la agr\u00edcola y la agropecuaria.[\/vc_column_text][vc_column_text uncode_shortcode_id=\u00bb514092&#8243; el_class=\u00bbmt-sm\u00bb]La gama de productos OXA permite mejorar la eficiencia y sostenibilidad de los procesos de higiene de los clientes.[\/vc_column_text][vc_empty_space empty_h=\u00bb2&#8243;][vc_button size=\u00bblink\u00bb display=\u00bbinline\u00bb top_margin=\u00bbyes\u00bb uncode_shortcode_id=\u00bb185557&#8243; el_class=\u00bbarrow-dark\u00bb link=\u00bburl:https%3A%2F%2Fwww.oxa.cat|target:_blank\u00bb]Visitar[\/vc_button][\/vc_column][vc_column column_width_percent=\u00bb100&#8243; gutter_size=\u00bb3&#8243; override_padding=\u00bbyes\u00bb column_padding=\u00bb0&#8243; back_image=\u00bb396&#8243; parallax=\u00bbyes\u00bb overlay_alpha=\u00bb50&#8243; shift_x=\u00bb0&#8243; shift_y=\u00bb0&#8243; shift_y_down=\u00bb0&#8243; z_index=\u00bb0&#8243; medium_width=\u00bb0&#8243; mobile_width=\u00bb0&#8243; width=\u00bb1\/3&#8243; uncode_shortcode_id=\u00bb173855&#8243;][\/vc_column][\/vc_row][vc_row unlock_row_content=\u00bbyes\u00bb row_height_percent=\u00bb60&#8243; override_padding=\u00bbyes\u00bb h_padding=\u00bb0&#8243; top_padding=\u00bb0&#8243; bottom_padding=\u00bb0&#8243; overlay_alpha=\u00bb50&#8243; equal_height=\u00bbyes\u00bb gutter_size=\u00bb3&#8243; column_width_percent=\u00bb100&#8243; border_color=\u00bbcolor-157083&#8243; border_style=\u00bbsolid\u00bb shift_y=\u00bb0&#8243; z_index=\u00bb0&#8243; auto_height_device=\u00bbyes\u00bb uncode_shortcode_id=\u00bb108290&#8243; css=\u00bb.vc_custom_1693825332916{border-bottom-width: 1px !important;}\u00bb border_color_type=\u00bbuncode-palette\u00bb el_class=\u00bbsingle-marca-row\u00bb][vc_column column_width_percent=\u00bb100&#8243; gutter_size=\u00bb3&#8243; override_padding=\u00bbyes\u00bb column_padding=\u00bb0&#8243; back_image=\u00bb397&#8243; parallax=\u00bbyes\u00bb overlay_alpha=\u00bb50&#8243; shift_x=\u00bb0&#8243; shift_y=\u00bb0&#8243; shift_y_down=\u00bb0&#8243; z_index=\u00bb0&#8243; medium_width=\u00bb0&#8243; mobile_width=\u00bb0&#8243; width=\u00bb1\/3&#8243; uncode_shortcode_id=\u00bb103215&#8243;][\/vc_column][vc_column column_width_percent=\u00bb100&#8243; position_vertical=\u00bbmiddle\u00bb gutter_size=\u00bb3&#8243; override_padding=\u00bbyes\u00bb column_padding=\u00bb3&#8243; back_image=\u00bb129&#8243; back_position=\u00bbright top\u00bb overlay_alpha=\u00bb50&#8243; shift_x=\u00bb0&#8243; shift_y=\u00bb0&#8243; shift_y_down=\u00bb0&#8243; z_index=\u00bb0&#8243; medium_width=\u00bb0&#8243; mobile_width=\u00bb0&#8243; width=\u00bb2\/3&#8243; uncode_shortcode_id=\u00bb273450&#8243; back_size=\u00bb50%\u00bb el_class=\u00bbbg-gradient-row\u00bb][vc_single_image media=\u00bb360&#8243; media_width_use_pixel=\u00bbyes\u00bb uncode_shortcode_id=\u00bb210950&#8243; media_width_pixel=\u00bb200&#8243;][vc_column_text text_lead=\u00bbyes\u00bb uncode_shortcode_id=\u00bb783957&#8243;]QUESTCATIO fabrica formulaciones premium de fosfonatos, coadyuvantes y tensioactivos para productos de altas prestaciones, que mejoran la eficacia detergente, maximizan la seguridad de manejo y reducen el impacto medioambiental.[\/vc_column_text][vc_empty_space empty_h=\u00bb2&#8243;][vc_button size=\u00bblink\u00bb display=\u00bbinline\u00bb top_margin=\u00bbyes\u00bb uncode_shortcode_id=\u00bb923703&#8243; el_class=\u00bbarrow-dark\u00bb link=\u00bburl:https%3A%2F%2Fquestcatio.com%2F|target:_blank\u00bb]Visitar[\/vc_button][\/vc_column][\/vc_row]<\/p>\n<\/section>","protected":false},"excerpt":{"rendered":"<p>[vc_row unlock_row_content=\u00bbyes\u00bb row_height_percent=\u00bb60&#8243; override_padding=\u00bbyes\u00bb h_padding=\u00bb0&#8243; top_padding=\u00bb0&#8243; bottom_padding=\u00bb0&#8243; overlay_alpha=\u00bb50&#8243; equal_height=\u00bbyes\u00bb gutter_size=\u00bb3&#8243; column_width_percent=\u00bb100&#8243; border_color=\u00bbcolor-157083&#8243; border_style=\u00bbsolid\u00bb shift_y=\u00bb0&#8243; z_index=\u00bb0&#8243; inverted_device_order=\u00bbyes\u00bb auto_height_device=\u00bbyes\u00bb uncode_shortcode_id=\u00bb385400&#8243; el_class=\u00bbsingle-marca-row\u00bb css=\u00bb.vc_custom_1693825394533{border-bottom-width: [&hellip;]<\/p>\n","protected":false},"author":1,"featured_media":0,"parent":0,"menu_order":0,"comment_status":"closed","ping_status":"closed","template":"","meta":{"content-type":"","footnotes":""},"class_list":["post-9","page","type-page","status-publish","hentry"],"yoast_head":"<!-- This site is optimized with the Yoast SEO plugin v23.0 - https:\/\/yoast.com\/wordpress\/plugins\/seo\/ -->\n<title>Marcas - CYGYC BIOCON<\/title>\n<meta name=\"robots\" content=\"index, follow, max-snippet:-1, max-image-preview:large, max-video-preview:-1\" \/>\n<link rel=\"canonical\" href=\"https:\/\/cygycbiocon.com\/es\/marcas\/\" \/>\n<meta property=\"og:locale\" content=\"es_ES\" \/>\n<meta property=\"og:type\" content=\"article\" \/>\n<meta property=\"og:title\" content=\"Marcas - CYGYC BIOCON\" \/>\n<meta property=\"og:description\" content=\"[vc_row unlock_row_content=\u00bbyes\u00bb row_height_percent=\u00bb60&#8243; override_padding=\u00bbyes\u00bb h_padding=\u00bb0&#8243; top_padding=\u00bb0&#8243; bottom_padding=\u00bb0&#8243; overlay_alpha=\u00bb50&#8243; equal_height=\u00bbyes\u00bb gutter_size=\u00bb3&#8243; column_width_percent=\u00bb100&#8243; border_color=\u00bbcolor-157083&#8243; border_style=\u00bbsolid\u00bb shift_y=\u00bb0&#8243; z_index=\u00bb0&#8243; inverted_device_order=\u00bbyes\u00bb auto_height_device=\u00bbyes\u00bb uncode_shortcode_id=\u00bb385400&#8243; el_class=\u00bbsingle-marca-row\u00bb css=\u00bb.vc_custom_1693825394533{border-bottom-width: [&hellip;]\" \/>\n<meta property=\"og:url\" content=\"https:\/\/cygycbiocon.com\/es\/marcas\/\" \/>\n<meta property=\"og:site_name\" content=\"CYGYC BIOCON\" \/>\n<meta property=\"article:modified_time\" content=\"2025-04-22T12:28:42+00:00\" \/>\n<meta name=\"twitter:card\" content=\"summary_large_image\" \/>\n<meta name=\"twitter:label1\" content=\"Tiempo de lectura\" \/>\n\t<meta name=\"twitter:data1\" content=\"3 minutos\" \/>\n<script type=\"application\/ld+json\" class=\"yoast-schema-graph\">{\"@context\":\"https:\/\/schema.org\",\"@graph\":[{\"@type\":\"WebPage\",\"@id\":\"https:\/\/cygycbiocon.com\/es\/marcas\/\",\"url\":\"https:\/\/cygycbiocon.com\/es\/marcas\/\",\"name\":\"Marcas - CYGYC BIOCON\",\"isPartOf\":{\"@id\":\"https:\/\/cygycbiocon.com\/#website\"},\"datePublished\":\"2023-07-31T12:18:09+00:00\",\"dateModified\":\"2025-04-22T12:28:42+00:00\",\"breadcrumb\":{\"@id\":\"https:\/\/cygycbiocon.com\/es\/marcas\/#breadcrumb\"},\"inLanguage\":\"es\",\"potentialAction\":[{\"@type\":\"ReadAction\",\"target\":[\"https:\/\/cygycbiocon.com\/es\/marcas\/\"]}]},{\"@type\":\"BreadcrumbList\",\"@id\":\"https:\/\/cygycbiocon.com\/es\/marcas\/#breadcrumb\",\"itemListElement\":[{\"@type\":\"ListItem\",\"position\":1,\"name\":\"Portada\",\"item\":\"https:\/\/cygycbiocon.com\/es\/\"},{\"@type\":\"ListItem\",\"position\":2,\"name\":\"Marcas\"}]},{\"@type\":\"WebSite\",\"@id\":\"https:\/\/cygycbiocon.com\/#website\",\"url\":\"https:\/\/cygycbiocon.com\/\",\"name\":\"CYGYC BIOCON\",\"description\":\"\",\"potentialAction\":[{\"@type\":\"SearchAction\",\"target\":{\"@type\":\"EntryPoint\",\"urlTemplate\":\"https:\/\/cygycbiocon.com\/?s={search_term_string}\"},\"query-input\":\"required name=search_term_string\"}],\"inLanguage\":\"es\"}]}<\/script>\n<!-- \/ Yoast SEO plugin. -->","yoast_head_json":{"title":"Marcas - CYGYC BIOCON","robots":{"index":"index","follow":"follow","max-snippet":"max-snippet:-1","max-image-preview":"max-image-preview:large","max-video-preview":"max-video-preview:-1"},"canonical":"https:\/\/cygycbiocon.com\/es\/marcas\/","og_locale":"es_ES","og_type":"article","og_title":"Marcas - CYGYC BIOCON","og_description":"[vc_row unlock_row_content=\u00bbyes\u00bb row_height_percent=\u00bb60&#8243; override_padding=\u00bbyes\u00bb h_padding=\u00bb0&#8243; top_padding=\u00bb0&#8243; bottom_padding=\u00bb0&#8243; overlay_alpha=\u00bb50&#8243; equal_height=\u00bbyes\u00bb gutter_size=\u00bb3&#8243; column_width_percent=\u00bb100&#8243; border_color=\u00bbcolor-157083&#8243; border_style=\u00bbsolid\u00bb shift_y=\u00bb0&#8243; z_index=\u00bb0&#8243; inverted_device_order=\u00bbyes\u00bb auto_height_device=\u00bbyes\u00bb uncode_shortcode_id=\u00bb385400&#8243; el_class=\u00bbsingle-marca-row\u00bb css=\u00bb.vc_custom_1693825394533{border-bottom-width: [&hellip;]","og_url":"https:\/\/cygycbiocon.com\/es\/marcas\/","og_site_name":"CYGYC BIOCON","article_modified_time":"2025-04-22T12:28:42+00:00","twitter_card":"summary_large_image","twitter_misc":{"Tiempo de lectura":"3 minutos"},"schema":{"@context":"https:\/\/schema.org","@graph":[{"@type":"WebPage","@id":"https:\/\/cygycbiocon.com\/es\/marcas\/","url":"https:\/\/cygycbiocon.com\/es\/marcas\/","name":"Marcas - CYGYC BIOCON","isPartOf":{"@id":"https:\/\/cygycbiocon.com\/#website"},"datePublished":"2023-07-31T12:18:09+00:00","dateModified":"2025-04-22T12:28:42+00:00","breadcrumb":{"@id":"https:\/\/cygycbiocon.com\/es\/marcas\/#breadcrumb"},"inLanguage":"es","potentialAction":[{"@type":"ReadAction","target":["https:\/\/cygycbiocon.com\/es\/marcas\/"]}]},{"@type":"BreadcrumbList","@id":"https:\/\/cygycbiocon.com\/es\/marcas\/#breadcrumb","itemListElement":[{"@type":"ListItem","position":1,"name":"Portada","item":"https:\/\/cygycbiocon.com\/es\/"},{"@type":"ListItem","position":2,"name":"Marcas"}]},{"@type":"WebSite","@id":"https:\/\/cygycbiocon.com\/#website","url":"https:\/\/cygycbiocon.com\/","name":"CYGYC BIOCON","description":"","potentialAction":[{"@type":"SearchAction","target":{"@type":"EntryPoint","urlTemplate":"https:\/\/cygycbiocon.com\/?s={search_term_string}"},"query-input":"required name=search_term_string"}],"inLanguage":"es"}]}},"_links":{"self":[{"href":"https:\/\/cygycbiocon.com\/es\/wp-json\/wp\/v2\/pages\/9","targetHints":{"allow":["GET"]}}],"collection":[{"href":"https:\/\/cygycbiocon.com\/es\/wp-json\/wp\/v2\/pages"}],"about":[{"href":"https:\/\/cygycbiocon.com\/es\/wp-json\/wp\/v2\/types\/page"}],"author":[{"embeddable":true,"href":"https:\/\/cygycbiocon.com\/es\/wp-json\/wp\/v2\/users\/1"}],"replies":[{"embeddable":true,"href":"https:\/\/cygycbiocon.com\/es\/wp-json\/wp\/v2\/comments?post=9"}],"version-history":[{"count":65,"href":"https:\/\/cygycbiocon.com\/es\/wp-json\/wp\/v2\/pages\/9\/revisions"}],"predecessor-version":[{"id":1375,"href":"https:\/\/cygycbiocon.com\/es\/wp-json\/wp\/v2\/pages\/9\/revisions\/1375"}],"wp:attachment":[{"href":"https:\/\/cygycbiocon.com\/es\/wp-json\/wp\/v2\/media?parent=9"}],"curies":[{"name":"wp","href":"https:\/\/api.w.org\/{rel}","templated":true}]}}